{"id":10,"date":"2018-06-07T05:37:15","date_gmt":"2018-06-07T05:37:15","guid":{"rendered":"https:\/\/websitedemos.net\/ac-technician-02\/?page_id=8"},"modified":"2026-02-26T09:37:10","modified_gmt":"2026-02-26T09:37:10","slug":"raamatupidamisteenus","status":"publish","type":"page","link":"https:\/\/financing.ee\/en\/raamatupidamisteenus\/","title":{"rendered":"Raamatupidamisteenused"},"content":{"rendered":"<div data-elementor-type=\"wp-post\" data-elementor-id=\"10\" class=\"elementor elementor-10\" data-elementor-post-type=\"page\">\n\t\t\t\t\t\t<section class=\"elementor-section elementor-top-section elementor-element elementor-element-6d7ee1e0 elementor-section-full_width elementor-section-height-min-height elementor-section-items-top elementor-section-height-default\" data-id=\"6d7ee1e0\" data-element_type=\"section\" data-e-type=\"section\" data-settings=\"{&quot;background_background&quot;:&quot;classic&quot;}\">\n\t\t\t\t\t\t\t<div class=\"elementor-background-overlay\"><\/div>\n\t\t\t\t\t\t\t<div class=\"elementor-container elementor-column-gap-default\">\n\t\t\t\t\t<div class=\"elementor-column elementor-col-100 elementor-top-column elementor-element elementor-element-f4853e6\" data-id=\"f4853e6\" data-element_type=\"column\" data-e-type=\"column\">\n\t\t\t<div class=\"elementor-widget-wrap elementor-element-populated\">\n\t\t\t\t\t\t<section class=\"elementor-section elementor-inner-section elementor-element elementor-element-650355c elementor-section-full_width elementor-section-content-top elementor-section-height-default elementor-section-height-default\" data-id=\"650355c\" data-element_type=\"section\" data-e-type=\"section\">\n\t\t\t\t\t\t<div class=\"elementor-container elementor-column-gap-default\">\n\t\t\t\t\t<div class=\"elementor-column elementor-col-50 elementor-inner-column elementor-element elementor-element-bf98d3d\" data-id=\"bf98d3d\" data-element_type=\"column\" data-e-type=\"column\" data-settings=\"{&quot;background_background&quot;:&quot;classic&quot;}\">\n\t\t\t<div class=\"elementor-widget-wrap elementor-element-populated\">\n\t\t\t\t\t\t<div class=\"elementor-element elementor-element-d5ef9a1 elementor-widget elementor-widget-heading\" data-id=\"d5ef9a1\" data-element_type=\"widget\" data-e-type=\"widget\" data-widget_type=\"heading.default\">\n\t\t\t\t<div class=\"elementor-widget-container\">\n\t\t\t\t\t<h1 class=\"elementor-heading-title elementor-size-default\">Korrektne ja l\u00e4bipaistev raamatupidamine <br>arvetest aastaaruandeni<\/h1>\t\t\t\t<\/div>\n\t\t\t\t<\/div>\n\t\t\t\t\t<\/div>\n\t\t<\/div>\n\t\t\t\t<div class=\"elementor-column elementor-col-50 elementor-inner-column elementor-element elementor-element-5e49e66\" data-id=\"5e49e66\" data-element_type=\"column\" data-e-type=\"column\">\n\t\t\t<div class=\"elementor-widget-wrap\">\n\t\t\t\t\t\t\t<\/div>\n\t\t<\/div>\n\t\t\t\t\t<\/div>\n\t\t<\/section>\n\t\t\t\t\t<\/div>\n\t\t<\/div>\n\t\t\t\t\t<\/div>\n\t\t<\/section>\n\t\t\t\t<section class=\"elementor-section elementor-top-section elementor-element elementor-element-dbf5e2b elementor-section-full_width elementor-section-height-default elementor-section-height-default\" data-id=\"dbf5e2b\" data-element_type=\"section\" data-e-type=\"section\" data-settings=\"{&quot;background_background&quot;:&quot;classic&quot;}\">\n\t\t\t\t\t\t<div class=\"elementor-container elementor-column-gap-default\">\n\t\t\t\t\t<div class=\"elementor-column elementor-col-100 elementor-top-column elementor-element elementor-element-f69fbe4\" data-id=\"f69fbe4\" data-element_type=\"column\" data-e-type=\"column\">\n\t\t\t<div class=\"elementor-widget-wrap elementor-element-populated\">\n\t\t\t\t\t\t<div class=\"elementor-element elementor-element-91d9917 elementor-widget elementor-widget-heading\" data-id=\"91d9917\" data-element_type=\"widget\" data-e-type=\"widget\" data-widget_type=\"heading.default\">\n\t\t\t\t<div class=\"elementor-widget-container\">\n\t\t\t\t\t<h2 class=\"elementor-heading-title elementor-size-default\">TEENUSED<\/h2>\t\t\t\t<\/div>\n\t\t\t\t<\/div>\n\t\t\t\t\t<\/div>\n\t\t<\/div>\n\t\t\t\t\t<\/div>\n\t\t<\/section>\n\t\t\t\t<section class=\"elementor-section elementor-top-section elementor-element elementor-element-322a0a6 elementor-section-height-min-height elementor-section-boxed elementor-section-height-default elementor-section-items-middle\" data-id=\"322a0a6\" data-element_type=\"section\" data-e-type=\"section\" data-settings=\"{&quot;shape_divider_top&quot;:&quot;split&quot;}\">\n\t\t\t\t\t<div class=\"elementor-shape elementor-shape-top\" aria-hidden=\"true\" data-negative=\"false\">\n\t\t\t<svg xmlns=\"http:\/\/www.w3.org\/2000\/svg\" viewbox=\"0 0 1000 20\" preserveaspectratio=\"none\">\n\t<path class=\"elementor-shape-fill\" d=\"M0,0v3c0,0,393.8,0,483.4,0c9.2,0,16.6,7.4,16.6,16.6c0-9.1,7.4-16.6,16.6-16.6C606.2,3,1000,3,1000,3V0H0z\"\/>\n<\/svg>\t\t<\/div>\n\t\t\t\t\t<div class=\"elementor-container elementor-column-gap-default\">\n\t\t\t\t\t<div class=\"elementor-column elementor-col-100 elementor-top-column elementor-element elementor-element-6c0b712\" data-id=\"6c0b712\" data-element_type=\"column\" data-e-type=\"column\">\n\t\t\t<div class=\"elementor-widget-wrap\">\n\t\t\t\t\t\t\t<\/div>\n\t\t<\/div>\n\t\t\t\t\t<\/div>\n\t\t<\/section>\n\t\t\t\t<section class=\"elementor-section elementor-top-section elementor-element elementor-element-183f542 elementor-section-boxed elementor-section-height-default elementor-section-height-default\" data-id=\"183f542\" data-element_type=\"section\" data-e-type=\"section\" data-settings=\"{&quot;background_background&quot;:&quot;classic&quot;}\">\n\t\t\t\t\t\t<div class=\"elementor-container elementor-column-gap-default\">\n\t\t\t\t\t<div class=\"elementor-column elementor-col-33 elementor-top-column elementor-element elementor-element-cb30411\" data-id=\"cb30411\" data-element_type=\"column\" data-e-type=\"column\">\n\t\t\t<div class=\"elementor-widget-wrap elementor-element-populated\">\n\t\t\t\t\t\t<section class=\"elementor-section elementor-inner-section elementor-element elementor-element-0ddd9bb elementor-section-boxed elementor-section-height-default elementor-section-height-default\" data-id=\"0ddd9bb\" data-element_type=\"section\" data-e-type=\"section\">\n\t\t\t\t\t\t<div class=\"elementor-container elementor-column-gap-no\">\n\t\t\t\t\t<div class=\"elementor-column elementor-col-100 elementor-inner-column elementor-element elementor-element-d1cd442\" data-id=\"d1cd442\" data-element_type=\"column\" data-e-type=\"column\">\n\t\t\t<div class=\"elementor-widget-wrap elementor-element-populated\">\n\t\t\t\t\t\t<div class=\"elementor-element elementor-element-d022a81 elementor-widget elementor-widget-image\" data-id=\"d022a81\" data-element_type=\"widget\" data-e-type=\"widget\" data-widget_type=\"image.default\">\n\t\t\t\t<div class=\"elementor-widget-container\">\n\t\t\t\t\t\t\t\t\t\t\t\t\t\t\t\t<a href=\"https:\/\/financing.ee\/en\/raamatupidamine-alustavale-ettevottele\/\">\n\t\t\t\t\t\t\t<img decoding=\"async\" src=\"https:\/\/financing.ee\/wp-content\/uploads\/2022\/11\/raamatupidamine-alustavale-ettevottele.svg\" class=\"elementor-animation-grow attachment-full size-full wp-image-2629\" alt=\"\" \/>\t\t\t\t\t\t\t\t<\/a>\n\t\t\t\t\t\t\t\t\t\t\t\t\t\t\t<\/div>\n\t\t\t\t<\/div>\n\t\t\t\t<div class=\"elementor-element elementor-element-6726a0c elementor-widget elementor-widget-heading\" data-id=\"6726a0c\" data-element_type=\"widget\" data-e-type=\"widget\" data-widget_type=\"heading.default\">\n\t\t\t\t<div class=\"elementor-widget-container\">\n\t\t\t\t\t<h1 class=\"elementor-heading-title elementor-size-default\">Raamatupidamine alustavale ettev\u00f5ttele<\/h1>\t\t\t\t<\/div>\n\t\t\t\t<\/div>\n\t\t\t\t<div class=\"elementor-element elementor-element-19f3815 elementor-widget elementor-widget-text-editor\" data-id=\"19f3815\" data-element_type=\"widget\" data-e-type=\"widget\" data-widget_type=\"text-editor.default\">\n\t\t\t\t<div class=\"elementor-widget-container\">\n\t\t\t\t\t\t\t\t\t<p style=\"text-align: center;\"><a style=\"font-size: 14px; font-family: var( --e-global-typography-text-font-family ), Sans-serif; background-color: #ffffff;\" href=\"https:\/\/financing.ee\/en\/raamatupidamine-alustavale-ettevottele\/\"><b>Tutvu teenusega l\u00e4hemalt &gt;&gt;<\/b><\/a><\/p>\t\t\t\t\t\t\t\t<\/div>\n\t\t\t\t<\/div>\n\t\t\t\t\t<\/div>\n\t\t<\/div>\n\t\t\t\t\t<\/div>\n\t\t<\/section>\n\t\t\t\t\t<\/div>\n\t\t<\/div>\n\t\t\t\t<div class=\"elementor-column elementor-col-33 elementor-top-column elementor-element elementor-element-91408fd\" data-id=\"91408fd\" data-element_type=\"column\" data-e-type=\"column\">\n\t\t\t<div class=\"elementor-widget-wrap elementor-element-populated\">\n\t\t\t\t\t\t<section class=\"elementor-section elementor-inner-section elementor-element elementor-element-74cc27f elementor-section-boxed elementor-section-height-default elementor-section-height-default\" data-id=\"74cc27f\" data-element_type=\"section\" data-e-type=\"section\">\n\t\t\t\t\t\t<div class=\"elementor-container elementor-column-gap-no\">\n\t\t\t\t\t<div class=\"elementor-column elementor-col-100 elementor-inner-column elementor-element elementor-element-67025d0\" data-id=\"67025d0\" data-element_type=\"column\" data-e-type=\"column\">\n\t\t\t<div class=\"elementor-widget-wrap elementor-element-populated\">\n\t\t\t\t\t\t<div class=\"elementor-element elementor-element-5e66529 elementor-widget elementor-widget-image\" data-id=\"5e66529\" data-element_type=\"widget\" data-e-type=\"widget\" data-widget_type=\"image.default\">\n\t\t\t\t<div class=\"elementor-widget-container\">\n\t\t\t\t\t\t\t\t\t\t\t\t\t\t\t\t<a href=\"https:\/\/financing.ee\/en\/raamatupidamine-vaikeettevottele\/\">\n\t\t\t\t\t\t\t<img decoding=\"async\" src=\"https:\/\/financing.ee\/wp-content\/uploads\/2022\/11\/raamatupidamine-vaikettevottele.svg\" class=\"elementor-animation-grow attachment-full size-full wp-image-2630\" alt=\"\" \/>\t\t\t\t\t\t\t\t<\/a>\n\t\t\t\t\t\t\t\t\t\t\t\t\t\t\t<\/div>\n\t\t\t\t<\/div>\n\t\t\t\t<div class=\"elementor-element elementor-element-c67931f elementor-widget elementor-widget-heading\" data-id=\"c67931f\" data-element_type=\"widget\" data-e-type=\"widget\" data-widget_type=\"heading.default\">\n\t\t\t\t<div class=\"elementor-widget-container\">\n\t\t\t\t\t<h1 class=\"elementor-heading-title elementor-size-default\">Raamatupidamine v\u00e4ikeettev\u00f5ttele<\/h1>\t\t\t\t<\/div>\n\t\t\t\t<\/div>\n\t\t\t\t<div class=\"elementor-element elementor-element-e8e75ce elementor-widget elementor-widget-text-editor\" data-id=\"e8e75ce\" data-element_type=\"widget\" data-e-type=\"widget\" data-widget_type=\"text-editor.default\">\n\t\t\t\t<div class=\"elementor-widget-container\">\n\t\t\t\t\t\t\t\t\t<p style=\"text-align: center;\"><a style=\"font-size: 14px; font-family: var( --e-global-typography-text-font-family ), Sans-serif; background-color: #ffffff;\" href=\"https:\/\/financing.ee\/en\/raamatupidamine-vaikeettevottele\/\"><b>Tutvu teenusega l\u00e4hemalt &gt;&gt;<\/b><\/a><\/p>\t\t\t\t\t\t\t\t<\/div>\n\t\t\t\t<\/div>\n\t\t\t\t\t<\/div>\n\t\t<\/div>\n\t\t\t\t\t<\/div>\n\t\t<\/section>\n\t\t\t\t\t<\/div>\n\t\t<\/div>\n\t\t\t\t<div class=\"elementor-column elementor-col-33 elementor-top-column elementor-element elementor-element-33945a3\" data-id=\"33945a3\" data-element_type=\"column\" data-e-type=\"column\">\n\t\t\t<div class=\"elementor-widget-wrap elementor-element-populated\">\n\t\t\t\t\t\t<section class=\"elementor-section elementor-inner-section elementor-element elementor-element-ec2c686 elementor-section-boxed elementor-section-height-default elementor-section-height-default\" data-id=\"ec2c686\" data-element_type=\"section\" data-e-type=\"section\">\n\t\t\t\t\t\t<div class=\"elementor-container elementor-column-gap-no\">\n\t\t\t\t\t<div class=\"elementor-column elementor-col-100 elementor-inner-column elementor-element elementor-element-590cdf0\" data-id=\"590cdf0\" data-element_type=\"column\" data-e-type=\"column\">\n\t\t\t<div class=\"elementor-widget-wrap elementor-element-populated\">\n\t\t\t\t\t\t<div class=\"elementor-element elementor-element-d4298ec elementor-widget elementor-widget-image\" data-id=\"d4298ec\" data-element_type=\"widget\" data-e-type=\"widget\" data-widget_type=\"image.default\">\n\t\t\t\t<div class=\"elementor-widget-container\">\n\t\t\t\t\t\t\t\t\t\t\t\t\t\t\t\t<a href=\"https:\/\/financing.ee\/en\/product\/vaikeettevotte-likvideerimine\/\">\n\t\t\t\t\t\t\t<img decoding=\"async\" src=\"https:\/\/financing.ee\/wp-content\/uploads\/2022\/11\/vaikettevotte-likivideerimine.svg\" class=\"elementor-animation-grow attachment-full size-full wp-image-3066\" alt=\"\" \/>\t\t\t\t\t\t\t\t<\/a>\n\t\t\t\t\t\t\t\t\t\t\t\t\t\t\t<\/div>\n\t\t\t\t<\/div>\n\t\t\t\t<div class=\"elementor-element elementor-element-06b0dd1 elementor-widget elementor-widget-heading\" data-id=\"06b0dd1\" data-element_type=\"widget\" data-e-type=\"widget\" data-widget_type=\"heading.default\">\n\t\t\t\t<div class=\"elementor-widget-container\">\n\t\t\t\t\t<h1 class=\"elementor-heading-title elementor-size-default\">V\u00e4ikeettev\u00f5tte<br> likivideerimine<\/h1>\t\t\t\t<\/div>\n\t\t\t\t<\/div>\n\t\t\t\t<div class=\"elementor-element elementor-element-e2fa6e6 elementor-widget elementor-widget-text-editor\" data-id=\"e2fa6e6\" data-element_type=\"widget\" data-e-type=\"widget\" data-widget_type=\"text-editor.default\">\n\t\t\t\t<div class=\"elementor-widget-container\">\n\t\t\t\t\t\t\t\t\t<p style=\"text-align: center;\"><a style=\"font-size: 14px; font-family: var( --e-global-typography-text-font-family ), Sans-serif; background-color: #ffffff;\" href=\"https:\/\/financing.ee\/en\/product\/vaikeettevotte-likvideerimine\/\"><b>Tutvu teenusega l\u00e4hemalt &gt;&gt;<\/b><\/a><\/p>\t\t\t\t\t\t\t\t<\/div>\n\t\t\t\t<\/div>\n\t\t\t\t\t<\/div>\n\t\t<\/div>\n\t\t\t\t\t<\/div>\n\t\t<\/section>\n\t\t\t\t\t<\/div>\n\t\t<\/div>\n\t\t\t\t\t<\/div>\n\t\t<\/section>\n\t\t\t\t<\/div>","protected":false},"excerpt":{"rendered":"<p>Korrektne ja l\u00e4bipaistev raamatupidamine arvetest aastaaruandeni TEENUSED Raamatupidamine alustavale ettev\u00f5ttele Tutvu teenusega l\u00e4hemalt &gt;&gt; Raamatupidamine v\u00e4ikeettev\u00f5ttele Tutvu teenusega l\u00e4hemalt &gt;&gt; V\u00e4ikeettev\u00f5tte likivideerimine Tutvu teenusega l\u00e4hemalt &gt;&gt;<\/p>","protected":false},"author":1,"featured_media":0,"parent":0,"menu_order":0,"comment_status":"closed","ping_status":"closed","template":"","meta":{"site-sidebar-layout":"no-sidebar","site-content-layout":"page-builder","ast-site-content-layout":"full-width-container","site-content-style":"unboxed","site-sidebar-style":"unboxed","ast-global-header-display":"","ast-banner-title-visibility":"","ast-main-header-display":"","ast-hfb-above-header-display":"","ast-hfb-below-header-display":"","ast-hfb-mobile-header-display":"","site-post-title":"disabled","ast-breadcrumbs-content":"","ast-featured-img":"disabled","footer-sml-layout":"","ast-disable-related-posts":"","theme-transparent-header-meta":"default","adv-header-id-meta":"","stick-header-meta":"","header-above-stick-meta":"","header-main-stick-meta":"","header-below-stick-meta":"","astra-migrate-meta-layouts":"set","ast-page-background-enabled":"default","ast-page-background-meta":{"desktop":{"background-color":"","background-image":"","background-repeat":"repeat","background-position":"center center","background-size":"auto","background-attachment":"scroll","background-type":"","background-media":"","overlay-type":"","overlay-color":"","overlay-opacity":"","overlay-gradient":""},"tablet":{"background-color":"","background-image":"","background-repeat":"repeat","background-position":"center center","background-size":"auto","background-attachment":"scroll","background-type":"","background-media":"","overlay-type":"","overlay-color":"","overlay-opacity":"","overlay-gradient":""},"mobile":{"background-color":"","background-image":"","background-repeat":"repeat","background-position":"center center","background-size":"auto","background-attachment":"scroll","background-type":"","background-media":"","overlay-type":"","overlay-color":"","overlay-opacity":"","overlay-gradient":""}},"ast-content-background-meta":{"desktop":{"background-color":"var(--ast-global-color-5)","background-image":"","background-repeat":"repeat","background-position":"center center","background-size":"auto","background-attachment":"scroll","background-type":"","background-media":"","overlay-type":"","overlay-color":"","overlay-opacity":"","overlay-gradient":""},"tablet":{"background-color":"var(--ast-global-color-5)","background-image":"","background-repeat":"repeat","background-position":"center center","background-size":"auto","background-attachment":"scroll","background-type":"","background-media":"","overlay-type":"","overlay-color":"","overlay-opacity":"","overlay-gradient":""},"mobile":{"background-color":"var(--ast-global-color-5)","background-image":"","background-repeat":"repeat","background-position":"center center","background-size":"auto","background-attachment":"scroll","background-type":"","background-media":"","overlay-type":"","overlay-color":"","overlay-opacity":"","overlay-gradient":""}},"footnotes":""},"class_list":["post-10","page","type-page","status-publish","hentry"],"yoast_head":"<!-- This site is optimized with the Yoast SEO plugin v27.0 - https:\/\/yoast.com\/product\/yoast-seo-wordpress\/ -->\n<title>Raamatupidamisteenus ettev\u00f5tetele | Financing<\/title>\n<meta name=\"description\" content=\"Financing pakub usaldusv\u00e4\u00e4rset raamatupidamisteenust ja finantsn\u00f5ustamist, et hoida ettev\u00f5tte numbrid korras ja otsused targad.\" \/>\n<meta name=\"robots\" content=\"index, follow, max-snippet:-1, max-image-preview:large, max-video-preview:-1\" \/>\n<link rel=\"canonical\" href=\"https:\/\/financing.ee\/en\/raamatupidamisteenus\/\" \/>\n<meta property=\"og:locale\" content=\"en_GB\" \/>\n<meta property=\"og:type\" content=\"article\" \/>\n<meta property=\"og:title\" content=\"Raamatupidamisteenus\" \/>\n<meta property=\"og:description\" content=\"Raamatupidamine alustavale ja v\u00e4ikeettev\u00f5ttele\" \/>\n<meta property=\"og:url\" content=\"https:\/\/financing.ee\/en\/raamatupidamisteenus\/\" \/>\n<meta property=\"og:site_name\" content=\"Financing &ndash; Raamatupidamisteenused\" \/>\n<meta property=\"article:publisher\" content=\"https:\/\/www.facebook.com\/myfinancing\" \/>\n<meta property=\"article:modified_time\" content=\"2026-02-26T09:37:10+00:00\" \/>\n<meta property=\"og:image\" content=\"https:\/\/financing.ee\/wp-content\/uploads\/2022\/07\/financing_5.jpg\" \/>\n\t<meta property=\"og:image:width\" content=\"2500\" \/>\n\t<meta property=\"og:image:height\" content=\"1667\" \/>\n\t<meta property=\"og:image:type\" content=\"image\/jpeg\" \/>\n<meta name=\"twitter:card\" content=\"summary_large_image\" \/>\n<meta name=\"twitter:label1\" content=\"Estimated reading time\" \/>\n\t<meta name=\"twitter:data1\" content=\"1 minute\" \/>\n<script type=\"application\/ld+json\" class=\"yoast-schema-graph\">{\"@context\":\"https:\/\/schema.org\",\"@graph\":[{\"@type\":\"WebPage\",\"@id\":\"https:\/\/financing.ee\/raamatupidamisteenus\/\",\"url\":\"https:\/\/financing.ee\/raamatupidamisteenus\/\",\"name\":\"Raamatupidamisteenus ettev\u00f5tetele | Financing\",\"isPartOf\":{\"@id\":\"https:\/\/financing.ee\/et\/#website\"},\"primaryImageOfPage\":{\"@id\":\"https:\/\/financing.ee\/raamatupidamisteenus\/#primaryimage\"},\"image\":{\"@id\":\"https:\/\/financing.ee\/raamatupidamisteenus\/#primaryimage\"},\"thumbnailUrl\":\"https:\/\/financing.ee\/wp-content\/uploads\/2022\/11\/raamatupidamine-alustavale-ettevottele.svg\",\"datePublished\":\"2018-06-07T05:37:15+00:00\",\"dateModified\":\"2026-02-26T09:37:10+00:00\",\"description\":\"Financing pakub usaldusv\u00e4\u00e4rset raamatupidamisteenust ja finantsn\u00f5ustamist, et hoida ettev\u00f5tte numbrid korras ja otsused targad.\",\"breadcrumb\":{\"@id\":\"https:\/\/financing.ee\/raamatupidamisteenus\/#breadcrumb\"},\"inLanguage\":\"en-GB\",\"potentialAction\":[{\"@type\":\"ReadAction\",\"target\":[\"https:\/\/financing.ee\/raamatupidamisteenus\/\"]}]},{\"@type\":\"ImageObject\",\"inLanguage\":\"en-GB\",\"@id\":\"https:\/\/financing.ee\/raamatupidamisteenus\/#primaryimage\",\"url\":\"https:\/\/financing.ee\/wp-content\/uploads\/2022\/11\/raamatupidamine-alustavale-ettevottele.svg\",\"contentUrl\":\"https:\/\/financing.ee\/wp-content\/uploads\/2022\/11\/raamatupidamine-alustavale-ettevottele.svg\"},{\"@type\":\"BreadcrumbList\",\"@id\":\"https:\/\/financing.ee\/raamatupidamisteenus\/#breadcrumb\",\"itemListElement\":[{\"@type\":\"ListItem\",\"position\":1,\"name\":\"Home\",\"item\":\"https:\/\/financing.ee\/et\/\"},{\"@type\":\"ListItem\",\"position\":2,\"name\":\"Raamatupidamisteenused\"}]},{\"@type\":\"WebSite\",\"@id\":\"https:\/\/financing.ee\/et\/#website\",\"url\":\"https:\/\/financing.ee\/et\/\",\"name\":\"Financing &ndash; Raamatupidamisteenused\",\"description\":\"Raamatupidamisteenused\",\"publisher\":{\"@id\":\"https:\/\/financing.ee\/et\/#organization\"},\"potentialAction\":[{\"@type\":\"SearchAction\",\"target\":{\"@type\":\"EntryPoint\",\"urlTemplate\":\"https:\/\/financing.ee\/et\/?s={search_term_string}\"},\"query-input\":{\"@type\":\"PropertyValueSpecification\",\"valueRequired\":true,\"valueName\":\"search_term_string\"}}],\"inLanguage\":\"en-GB\"},{\"@type\":\"Organization\",\"@id\":\"https:\/\/financing.ee\/et\/#organization\",\"name\":\"Financing &ndash; Raamatupidamisteenused\",\"url\":\"https:\/\/financing.ee\/et\/\",\"logo\":{\"@type\":\"ImageObject\",\"inLanguage\":\"en-GB\",\"@id\":\"https:\/\/financing.ee\/et\/#\/schema\/logo\/image\/\",\"url\":\"https:\/\/financing.ee\/wp-content\/uploads\/2020\/05\/Financing_arukad_finantsotsused_RGB.svg\",\"contentUrl\":\"https:\/\/financing.ee\/wp-content\/uploads\/2020\/05\/Financing_arukad_finantsotsused_RGB.svg\",\"width\":425,\"height\":85,\"caption\":\"Financing &ndash; Raamatupidamisteenused\"},\"image\":{\"@id\":\"https:\/\/financing.ee\/et\/#\/schema\/logo\/image\/\"},\"sameAs\":[\"https:\/\/www.facebook.com\/myfinancing\"]}]}<\/script>\n<!-- \/ Yoast SEO plugin. -->","yoast_head_json":{"title":"Raamatupidamisteenus ettev\u00f5tetele | Financing","description":"Financing pakub usaldusv\u00e4\u00e4rset raamatupidamisteenust ja finantsn\u00f5ustamist, et hoida ettev\u00f5tte numbrid korras ja otsused targad.","robots":{"index":"index","follow":"follow","max-snippet":"max-snippet:-1","max-image-preview":"max-image-preview:large","max-video-preview":"max-video-preview:-1"},"canonical":"https:\/\/financing.ee\/en\/raamatupidamisteenus\/","og_locale":"en_GB","og_type":"article","og_title":"Raamatupidamisteenus","og_description":"Raamatupidamine alustavale ja v\u00e4ikeettev\u00f5ttele","og_url":"https:\/\/financing.ee\/en\/raamatupidamisteenus\/","og_site_name":"Financing &ndash; Raamatupidamisteenused","article_publisher":"https:\/\/www.facebook.com\/myfinancing","article_modified_time":"2026-02-26T09:37:10+00:00","og_image":[{"width":2500,"height":1667,"url":"https:\/\/financing.ee\/wp-content\/uploads\/2022\/07\/financing_5.jpg","type":"image\/jpeg"}],"twitter_card":"summary_large_image","twitter_misc":{"Estimated reading time":"1 minute"},"schema":{"@context":"https:\/\/schema.org","@graph":[{"@type":"WebPage","@id":"https:\/\/financing.ee\/raamatupidamisteenus\/","url":"https:\/\/financing.ee\/raamatupidamisteenus\/","name":"Raamatupidamisteenus ettev\u00f5tetele | Financing","isPartOf":{"@id":"https:\/\/financing.ee\/et\/#website"},"primaryImageOfPage":{"@id":"https:\/\/financing.ee\/raamatupidamisteenus\/#primaryimage"},"image":{"@id":"https:\/\/financing.ee\/raamatupidamisteenus\/#primaryimage"},"thumbnailUrl":"https:\/\/financing.ee\/wp-content\/uploads\/2022\/11\/raamatupidamine-alustavale-ettevottele.svg","datePublished":"2018-06-07T05:37:15+00:00","dateModified":"2026-02-26T09:37:10+00:00","description":"Financing pakub usaldusv\u00e4\u00e4rset raamatupidamisteenust ja finantsn\u00f5ustamist, et hoida ettev\u00f5tte numbrid korras ja otsused targad.","breadcrumb":{"@id":"https:\/\/financing.ee\/raamatupidamisteenus\/#breadcrumb"},"inLanguage":"en-GB","potentialAction":[{"@type":"ReadAction","target":["https:\/\/financing.ee\/raamatupidamisteenus\/"]}]},{"@type":"ImageObject","inLanguage":"en-GB","@id":"https:\/\/financing.ee\/raamatupidamisteenus\/#primaryimage","url":"https:\/\/financing.ee\/wp-content\/uploads\/2022\/11\/raamatupidamine-alustavale-ettevottele.svg","contentUrl":"https:\/\/financing.ee\/wp-content\/uploads\/2022\/11\/raamatupidamine-alustavale-ettevottele.svg"},{"@type":"BreadcrumbList","@id":"https:\/\/financing.ee\/raamatupidamisteenus\/#breadcrumb","itemListElement":[{"@type":"ListItem","position":1,"name":"Home","item":"https:\/\/financing.ee\/et\/"},{"@type":"ListItem","position":2,"name":"Raamatupidamisteenused"}]},{"@type":"WebSite","@id":"https:\/\/financing.ee\/et\/#website","url":"https:\/\/financing.ee\/et\/","name":"Financing &ndash; Raamatupidamisteenused","description":"Raamatupidamisteenused","publisher":{"@id":"https:\/\/financing.ee\/et\/#organization"},"potentialAction":[{"@type":"SearchAction","target":{"@type":"EntryPoint","urlTemplate":"https:\/\/financing.ee\/et\/?s={search_term_string}"},"query-input":{"@type":"PropertyValueSpecification","valueRequired":true,"valueName":"search_term_string"}}],"inLanguage":"en-GB"},{"@type":"Organization","@id":"https:\/\/financing.ee\/et\/#organization","name":"Financing &ndash; Raamatupidamisteenused","url":"https:\/\/financing.ee\/et\/","logo":{"@type":"ImageObject","inLanguage":"en-GB","@id":"https:\/\/financing.ee\/et\/#\/schema\/logo\/image\/","url":"https:\/\/financing.ee\/wp-content\/uploads\/2020\/05\/Financing_arukad_finantsotsused_RGB.svg","contentUrl":"https:\/\/financing.ee\/wp-content\/uploads\/2020\/05\/Financing_arukad_finantsotsused_RGB.svg","width":425,"height":85,"caption":"Financing &ndash; Raamatupidamisteenused"},"image":{"@id":"https:\/\/financing.ee\/et\/#\/schema\/logo\/image\/"},"sameAs":["https:\/\/www.facebook.com\/myfinancing"]}]}},"_links":{"self":[{"href":"https:\/\/financing.ee\/en\/wp-json\/wp\/v2\/pages\/10","targetHints":{"allow":["GET"]}}],"collection":[{"href":"https:\/\/financing.ee\/en\/wp-json\/wp\/v2\/pages"}],"about":[{"href":"https:\/\/financing.ee\/en\/wp-json\/wp\/v2\/types\/page"}],"author":[{"embeddable":true,"href":"https:\/\/financing.ee\/en\/wp-json\/wp\/v2\/users\/1"}],"replies":[{"embeddable":true,"href":"https:\/\/financing.ee\/en\/wp-json\/wp\/v2\/comments?post=10"}],"version-history":[{"count":160,"href":"https:\/\/financing.ee\/en\/wp-json\/wp\/v2\/pages\/10\/revisions"}],"predecessor-version":[{"id":3962,"href":"https:\/\/financing.ee\/en\/wp-json\/wp\/v2\/pages\/10\/revisions\/3962"}],"wp:attachment":[{"href":"https:\/\/financing.ee\/en\/wp-json\/wp\/v2\/media?parent=10"}],"curies":[{"name":"wp","href":"https:\/\/api.w.org\/{rel}","templated":true}]}}