{"id":895,"date":"2020-06-02T14:23:45","date_gmt":"2020-06-02T14:23:45","guid":{"rendered":"https:\/\/financing.ee\/?page_id=895"},"modified":"2026-02-26T09:38:31","modified_gmt":"2026-02-26T09:38:31","slug":"tellimine-ja-tasumine","status":"publish","type":"page","link":"https:\/\/financing.ee\/en\/tellimine-ja-tasumine\/","title":{"rendered":"Tellimine ja tasumine"},"content":{"rendered":"<p><strong>Tellimuse vormistamine<\/strong><br \/>\nOlles v\u00e4lja valinud sobiva digikauba v\u00f5i -teenuse, klikkige &#8220;Lisa ostukorvi&#8221;. Ostukorvis &#8220;Vaata korvi&#8221; lehel saate muuta kauba kogust, m\u00e4rkides sobiva koguse. Muutuste salvestamiseks vajutage nuppu &#8220;Uuenda ostukorv&#8221;. Kui soovite ostukorvi t\u00e4iendada, vajutage nuppu &#8220;Tagasi poodi&#8221;.<br \/>\nTellima asumiseks klikkige &#8220;Ostukorvis&#8221; lingile &#8220;Mine maksma&#8221;.<\/p>\n<p>1. <strong>TARNE<\/strong><br \/>\nSisestage Ostukorvi lehel e-posti aadress ja kontakttelefon ning vajutage &#8220;Mine maksma&#8221;. Tellitud digitoode (pdf tabel) saadetakse kliendile peale makse laekumist interneti teel kliendi poolt sisestatud e-posti aadressile.<br \/>\n2. <strong>\u00dcLEVAADE JA MAKSMINE<\/strong><br \/>\nKui olete k\u00f5ik vajaliku (eelpool loetletud) sisestanud, siis palun kontrollige veel kord k\u00f5iki andmeid paremas tulbas &#8220;Sinu tellimus&#8221; ning valige makseviis, vajutades sobivale lingile ning seej\u00e4rel &#8220;Esita tellimus&#8221;.<\/p>\n<p><strong>Tellimuse t\u00e4itmise t\u00e4htajad<\/strong><br \/>\nTellimuse t\u00e4itmise t\u00e4htaeg on 1-3 p\u00e4eva.<\/p>\n<p><strong>MAKSMINE<\/strong><br \/>\nKui te olete lisanud soovitud tooted ostukorvi, siis palun kontrollige veel kord k\u00f5iki andmeid &#8220;Tellimuse \u00fclevaade&#8221; alt ja valige sobiv makseviis.<br \/>\nKauba eest on v\u00f5imalik tasuda pangalingiga. Valige sobiv pank, seej\u00e4rel klikkige &#8220;Esita tellimus&#8221;. <strong>Peale pangalingiga tasumist vajutage kindlasti nuppu \u201eTagasi kaupmehe juurde\u201d.<\/strong><\/p>","protected":false},"excerpt":{"rendered":"<p>Tellimuse vormistamine Olles v\u00e4lja valinud sobiva digikauba v\u00f5i -teenuse, klikkige &#8220;Lisa ostukorvi&#8221;. Ostukorvis &#8220;Vaata korvi&#8221; lehel saate muuta kauba kogust, m\u00e4rkides sobiva koguse. Muutuste salvestamiseks vajutage nuppu &#8220;Uuenda ostukorv&#8221;. Kui soovite ostukorvi t\u00e4iendada, vajutage nuppu &#8220;Tagasi poodi&#8221;. Tellima asumiseks klikkige &#8220;Ostukorvis&#8221; lingile &#8220;Mine maksma&#8221;. 1. TARNE Sisestage Ostukorvi lehel e-posti aadress ja kontakttelefon ning vajutage [&hellip;]<\/p>\n","protected":false},"author":1,"featured_media":0,"parent":0,"menu_order":0,"comment_status":"closed","ping_status":"closed","template":"","meta":{"site-sidebar-layout":"default","site-content-layout":"default","ast-site-content-layout":"default","site-content-style":"default","site-sidebar-style":"default","ast-global-header-display":"","ast-banner-title-visibility":"","ast-main-header-display":"","ast-hfb-above-header-display":"","ast-hfb-below-header-display":"","ast-hfb-mobile-header-display":"","site-post-title":"","ast-breadcrumbs-content":"","ast-featured-img":"","footer-sml-layout":"","ast-disable-related-posts":"","theme-transparent-header-meta":"default","adv-header-id-meta":"","stick-header-meta":"","header-above-stick-meta":"","header-main-stick-meta":"","header-below-stick-meta":"","astra-migrate-meta-layouts":"set","ast-page-background-enabled":"default","ast-page-background-meta":{"desktop":{"background-color":"","background-image":"","background-repeat":"repeat","background-position":"center center","background-size":"auto","background-attachment":"scroll","background-type":"","background-media":"","overlay-type":"","overlay-color":"","overlay-opacity":"","overlay-gradient":""},"tablet":{"background-color":"","background-image":"","background-repeat":"repeat","background-position":"center center","background-size":"auto","background-attachment":"scroll","background-type":"","background-media":"","overlay-type":"","overlay-color":"","overlay-opacity":"","overlay-gradient":""},"mobile":{"background-color":"","background-image":"","background-repeat":"repeat","background-position":"center center","background-size":"auto","background-attachment":"scroll","background-type":"","background-media":"","overlay-type":"","overlay-color":"","overlay-opacity":"","overlay-gradient":""}},"ast-content-background-meta":{"desktop":{"background-color":"var(--ast-global-color-5)","background-image":"","background-repeat":"repeat","background-position":"center center","background-size":"auto","background-attachment":"scroll","background-type":"","background-media":"","overlay-type":"","overlay-color":"","overlay-opacity":"","overlay-gradient":""},"tablet":{"background-color":"var(--ast-global-color-5)","background-image":"","background-repeat":"repeat","background-position":"center center","background-size":"auto","background-attachment":"scroll","background-type":"","background-media":"","overlay-type":"","overlay-color":"","overlay-opacity":"","overlay-gradient":""},"mobile":{"background-color":"var(--ast-global-color-5)","background-image":"","background-repeat":"repeat","background-position":"center center","background-size":"auto","background-attachment":"scroll","background-type":"","background-media":"","overlay-type":"","overlay-color":"","overlay-opacity":"","overlay-gradient":""}},"footnotes":""},"class_list":["post-895","page","type-page","status-publish","hentry"],"yoast_head":"<!-- This site is optimized with the Yoast SEO plugin v27.0 - https:\/\/yoast.com\/product\/yoast-seo-wordpress\/ -->\n<title>Tellimine ja tasumine | Financing raamatupidamisteenused<\/title>\n<meta name=\"description\" content=\"Tutvu Financingu tellimise ja tasumise juhendiga \u2013 lihtsad sammud, maksev\u00f5imalused ja tingimused raamatupidamis\u2011 ning konsultatsiooniteenuste kasutamiseks.\" \/>\n<meta name=\"robots\" content=\"index, follow, max-snippet:-1, max-image-preview:large, max-video-preview:-1\" \/>\n<link rel=\"canonical\" href=\"https:\/\/financing.ee\/en\/tellimine-ja-tasumine\/\" \/>\n<meta property=\"og:locale\" content=\"en_GB\" \/>\n<meta property=\"og:type\" content=\"article\" \/>\n<meta property=\"og:title\" content=\"Tellimine ja tasumine | Financing raamatupidamisteenused\" \/>\n<meta property=\"og:description\" content=\"Tutvu Financingu tellimise ja tasumise juhendiga \u2013 lihtsad sammud, maksev\u00f5imalused ja tingimused raamatupidamis\u2011 ning konsultatsiooniteenuste kasutamiseks.\" \/>\n<meta property=\"og:url\" content=\"https:\/\/financing.ee\/en\/tellimine-ja-tasumine\/\" \/>\n<meta property=\"og:site_name\" content=\"Financing &ndash; Raamatupidamisteenused\" \/>\n<meta property=\"article:publisher\" content=\"https:\/\/www.facebook.com\/myfinancing\" \/>\n<meta property=\"article:modified_time\" content=\"2026-02-26T09:38:31+00:00\" \/>\n<meta name=\"twitter:card\" content=\"summary_large_image\" \/>\n<meta name=\"twitter:label1\" content=\"Estimated reading time\" \/>\n\t<meta name=\"twitter:data1\" content=\"1 minute\" \/>\n<script type=\"application\/ld+json\" class=\"yoast-schema-graph\">{\"@context\":\"https:\/\/schema.org\",\"@graph\":[{\"@type\":\"WebPage\",\"@id\":\"https:\/\/financing.ee\/tellimine-ja-tasumine\/\",\"url\":\"https:\/\/financing.ee\/tellimine-ja-tasumine\/\",\"name\":\"Tellimine ja tasumine | Financing raamatupidamisteenused\",\"isPartOf\":{\"@id\":\"https:\/\/financing.ee\/et\/#website\"},\"datePublished\":\"2020-06-02T14:23:45+00:00\",\"dateModified\":\"2026-02-26T09:38:31+00:00\",\"description\":\"Tutvu Financingu tellimise ja tasumise juhendiga \u2013 lihtsad sammud, maksev\u00f5imalused ja tingimused raamatupidamis\u2011 ning konsultatsiooniteenuste kasutamiseks.\",\"breadcrumb\":{\"@id\":\"https:\/\/financing.ee\/tellimine-ja-tasumine\/#breadcrumb\"},\"inLanguage\":\"en-GB\",\"potentialAction\":[{\"@type\":\"ReadAction\",\"target\":[\"https:\/\/financing.ee\/tellimine-ja-tasumine\/\"]}]},{\"@type\":\"BreadcrumbList\",\"@id\":\"https:\/\/financing.ee\/tellimine-ja-tasumine\/#breadcrumb\",\"itemListElement\":[{\"@type\":\"ListItem\",\"position\":1,\"name\":\"Home\",\"item\":\"https:\/\/financing.ee\/et\/\"},{\"@type\":\"ListItem\",\"position\":2,\"name\":\"Tellimine ja tasumine\"}]},{\"@type\":\"WebSite\",\"@id\":\"https:\/\/financing.ee\/et\/#website\",\"url\":\"https:\/\/financing.ee\/et\/\",\"name\":\"Financing &ndash; Raamatupidamisteenused\",\"description\":\"Raamatupidamisteenused\",\"publisher\":{\"@id\":\"https:\/\/financing.ee\/et\/#organization\"},\"potentialAction\":[{\"@type\":\"SearchAction\",\"target\":{\"@type\":\"EntryPoint\",\"urlTemplate\":\"https:\/\/financing.ee\/et\/?s={search_term_string}\"},\"query-input\":{\"@type\":\"PropertyValueSpecification\",\"valueRequired\":true,\"valueName\":\"search_term_string\"}}],\"inLanguage\":\"en-GB\"},{\"@type\":\"Organization\",\"@id\":\"https:\/\/financing.ee\/et\/#organization\",\"name\":\"Financing &ndash; Raamatupidamisteenused\",\"url\":\"https:\/\/financing.ee\/et\/\",\"logo\":{\"@type\":\"ImageObject\",\"inLanguage\":\"en-GB\",\"@id\":\"https:\/\/financing.ee\/et\/#\/schema\/logo\/image\/\",\"url\":\"https:\/\/financing.ee\/wp-content\/uploads\/2020\/05\/Financing_arukad_finantsotsused_RGB.svg\",\"contentUrl\":\"https:\/\/financing.ee\/wp-content\/uploads\/2020\/05\/Financing_arukad_finantsotsused_RGB.svg\",\"width\":425,\"height\":85,\"caption\":\"Financing &ndash; Raamatupidamisteenused\"},\"image\":{\"@id\":\"https:\/\/financing.ee\/et\/#\/schema\/logo\/image\/\"},\"sameAs\":[\"https:\/\/www.facebook.com\/myfinancing\"]}]}<\/script>\n<!-- \/ Yoast SEO plugin. -->","yoast_head_json":{"title":"Tellimine ja tasumine | Financing raamatupidamisteenused","description":"Tutvu Financingu tellimise ja tasumise juhendiga \u2013 lihtsad sammud, maksev\u00f5imalused ja tingimused raamatupidamis\u2011 ning konsultatsiooniteenuste kasutamiseks.","robots":{"index":"index","follow":"follow","max-snippet":"max-snippet:-1","max-image-preview":"max-image-preview:large","max-video-preview":"max-video-preview:-1"},"canonical":"https:\/\/financing.ee\/en\/tellimine-ja-tasumine\/","og_locale":"en_GB","og_type":"article","og_title":"Tellimine ja tasumine | Financing raamatupidamisteenused","og_description":"Tutvu Financingu tellimise ja tasumise juhendiga \u2013 lihtsad sammud, maksev\u00f5imalused ja tingimused raamatupidamis\u2011 ning konsultatsiooniteenuste kasutamiseks.","og_url":"https:\/\/financing.ee\/en\/tellimine-ja-tasumine\/","og_site_name":"Financing &ndash; Raamatupidamisteenused","article_publisher":"https:\/\/www.facebook.com\/myfinancing","article_modified_time":"2026-02-26T09:38:31+00:00","twitter_card":"summary_large_image","twitter_misc":{"Estimated reading time":"1 minute"},"schema":{"@context":"https:\/\/schema.org","@graph":[{"@type":"WebPage","@id":"https:\/\/financing.ee\/tellimine-ja-tasumine\/","url":"https:\/\/financing.ee\/tellimine-ja-tasumine\/","name":"Tellimine ja tasumine | Financing raamatupidamisteenused","isPartOf":{"@id":"https:\/\/financing.ee\/et\/#website"},"datePublished":"2020-06-02T14:23:45+00:00","dateModified":"2026-02-26T09:38:31+00:00","description":"Tutvu Financingu tellimise ja tasumise juhendiga \u2013 lihtsad sammud, maksev\u00f5imalused ja tingimused raamatupidamis\u2011 ning konsultatsiooniteenuste kasutamiseks.","breadcrumb":{"@id":"https:\/\/financing.ee\/tellimine-ja-tasumine\/#breadcrumb"},"inLanguage":"en-GB","potentialAction":[{"@type":"ReadAction","target":["https:\/\/financing.ee\/tellimine-ja-tasumine\/"]}]},{"@type":"BreadcrumbList","@id":"https:\/\/financing.ee\/tellimine-ja-tasumine\/#breadcrumb","itemListElement":[{"@type":"ListItem","position":1,"name":"Home","item":"https:\/\/financing.ee\/et\/"},{"@type":"ListItem","position":2,"name":"Tellimine ja tasumine"}]},{"@type":"WebSite","@id":"https:\/\/financing.ee\/et\/#website","url":"https:\/\/financing.ee\/et\/","name":"Financing &ndash; Raamatupidamisteenused","description":"Raamatupidamisteenused","publisher":{"@id":"https:\/\/financing.ee\/et\/#organization"},"potentialAction":[{"@type":"SearchAction","target":{"@type":"EntryPoint","urlTemplate":"https:\/\/financing.ee\/et\/?s={search_term_string}"},"query-input":{"@type":"PropertyValueSpecification","valueRequired":true,"valueName":"search_term_string"}}],"inLanguage":"en-GB"},{"@type":"Organization","@id":"https:\/\/financing.ee\/et\/#organization","name":"Financing &ndash; Raamatupidamisteenused","url":"https:\/\/financing.ee\/et\/","logo":{"@type":"ImageObject","inLanguage":"en-GB","@id":"https:\/\/financing.ee\/et\/#\/schema\/logo\/image\/","url":"https:\/\/financing.ee\/wp-content\/uploads\/2020\/05\/Financing_arukad_finantsotsused_RGB.svg","contentUrl":"https:\/\/financing.ee\/wp-content\/uploads\/2020\/05\/Financing_arukad_finantsotsused_RGB.svg","width":425,"height":85,"caption":"Financing &ndash; Raamatupidamisteenused"},"image":{"@id":"https:\/\/financing.ee\/et\/#\/schema\/logo\/image\/"},"sameAs":["https:\/\/www.facebook.com\/myfinancing"]}]}},"_links":{"self":[{"href":"https:\/\/financing.ee\/en\/wp-json\/wp\/v2\/pages\/895","targetHints":{"allow":["GET"]}}],"collection":[{"href":"https:\/\/financing.ee\/en\/wp-json\/wp\/v2\/pages"}],"about":[{"href":"https:\/\/financing.ee\/en\/wp-json\/wp\/v2\/types\/page"}],"author":[{"embeddable":true,"href":"https:\/\/financing.ee\/en\/wp-json\/wp\/v2\/users\/1"}],"replies":[{"embeddable":true,"href":"https:\/\/financing.ee\/en\/wp-json\/wp\/v2\/comments?post=895"}],"version-history":[{"count":4,"href":"https:\/\/financing.ee\/en\/wp-json\/wp\/v2\/pages\/895\/revisions"}],"predecessor-version":[{"id":1056,"href":"https:\/\/financing.ee\/en\/wp-json\/wp\/v2\/pages\/895\/revisions\/1056"}],"wp:attachment":[{"href":"https:\/\/financing.ee\/en\/wp-json\/wp\/v2\/media?parent=895"}],"curies":[{"name":"wp","href":"https:\/\/api.w.org\/{rel}","templated":true}]}}