{"id":897,"date":"2020-06-02T14:31:32","date_gmt":"2020-06-02T14:31:32","guid":{"rendered":"https:\/\/financing.ee\/?page_id=897"},"modified":"2026-02-26T09:39:51","modified_gmt":"2026-02-26T09:39:51","slug":"veebipoe-muugitingimused","status":"publish","type":"page","link":"https:\/\/financing.ee\/en\/veebipoe-muugitingimused\/","title":{"rendered":"Veebipoe m\u00fc\u00fcgitingimused"},"content":{"rendered":"<p>Veebipoe www.financing.ee (edaspidi Veebipood) omanik on O\u00dc Primonte (registrikood 11998898), asukohaga Suur-Paala 1, Tallinn 13619.<\/p>\n<p><strong>M\u00fc\u00fcgilepingu kehtivus, kauba- ja hinnainfo<\/strong><br \/>\nM\u00fc\u00fcgitingimused kehtivad Veebipoest digikaupade ja teenuste ostmisel.<br \/>\nVeebipoes m\u00fc\u00fcdavate digitoodete ja teenuste hinnad on m\u00e4rgitud toodete juurde. K\u00f5ik veebipoes m\u00fc\u00fcdavate kaupade ja teenuste hinnad on eurodes.<br \/>\nTeave kauba ja teenuse kohta on esitatud Veebipoes vahetult kauba juures.<\/p>\n<p><strong>Tellimuse vormistamine<\/strong><br \/>\nKauba tellimiseks tuleb lisada soovitud digitooted v\u00f5i teenused ostukorvi. Tellimuse vormistamiseks tuleb t\u00e4ita n\u00f5utud andmev\u00e4ljad. Seej\u00e4rel kuvatakse ekraanile tasu suurus, mille saab tasuda turvaliselt l\u00e4bi j\u00e4rgnevate makseviiside:<br \/>\n\u2022 Eesti pangalingid: Swedbank, SEB, Luminor, LHV, Coop Pank, Pocopay<br \/>\n<strong>NB! Pangalingiga tasumisel vajutada kindlasti panga lehel nupule \u201eTagasi kaupmehe juurde\u201c.<\/strong><\/p>\n<p>Makseid vahendab <a href=\"http:\/\/www.maksekeskus.ee\/\" target=\"_blank\" rel=\"noopener noreferrer\">Maksekeskus AS<\/a>. Tasumine toimub v\u00e4ljaspool Veebipoodi turvalises keskkonnas \u2013 pangalingiga tasumisel vastava panga turvalises keskkonnas ja krediitkaardiga tasumisel Maksekeskus AS turvalises keskkonnas. M\u00fc\u00fcjal puudub ligip\u00e4\u00e4s kliendi panga ja krediitkaardi andmetele. Leping j\u00f5ustub alates tasumisele kuuluva summa laekumisest Veebipoe arvelduskontole.<br \/>\nVeebipoe omanik on isikuandmete vastutav t\u00f6\u00f6tleja ning edastab maksete teostamiseks vajalikud isikuandmed volitatud t\u00f6\u00f6tleja Maksekeskus AS-le.<\/p>\n<p><strong>Kohaletoimetamine<\/strong><br \/>\nTellitud digitoode saadetakse kliendile peale makse laekumist automaatselt interneti teel kliendi poolt sisestatud e-posti aadressile.<\/p>\n<p>Peale finantsteenuse tellimist v\u00f5i hinnap\u00e4ringu saatmist v\u00f5tame kliendiga 1-2 p\u00e4eva jooksul \u00fchendust.<\/p>\n<p><strong>Taganemis\u00f5igus<\/strong><br \/>\nP\u00e4rast tellimuse k\u00e4ttesaamist puudub ostjal \u00f5igus ostust taganeda, vastavalt V\u00f5la\u00f5igusseaduse \u00a7 53 lg-s 4 loetletud tingimustele.<\/p>\n<p><strong>Pretensiooni esitamise \u00f5igus<\/strong><br \/>\nOstjal on \u00f5igus puuduse ilmnemisel p\u00f6\u00f6rduda hiljemalt kahe n\u00e4dala jooksul veebipoe poole, saates e-kirja aadressile info@financing.ee v\u00f5i helistada telefonil: 53448816.<br \/>\nVeebipood ei vastuta puuduste eest, mis on tekkinud p\u00e4rast digikauba saatmist ostjale.<br \/>\nKui Veebipoest ostetud digikaubal on puudused, mille eest Veebipood vastutab, parandab v\u00f5i asendab Veebipood puudusega digikauba. Veebipood vastab tarbija esitatud kaebusele kirjalikult v\u00f5i kirjalikku taasesitamist v\u00f5imaldavas vormis 7 p\u00e4eva jooksul.<\/p>\n<p><strong>Otseturustus ja isikuandmete t\u00f6\u00f6tlemine<\/strong><br \/>\nVeebipood kasutab ostja poolt sisestatud isikuandmeid ainult tellimuse t\u00f6\u00f6tlemiseks ning kauba ostjale saatmiseks. Veebipood saadab ostjale uudiskirju ning pakkumisi ostja e-maili aadressile ainult juhul, kui ostja on selleks avaldanud soovi sisestades veebilehel e-kirja aadressi ning andnud teada oma soovist otsepostituse teadete saamiseks.<br \/>\nOstjal on igal ajal v\u00f5imalik loobuda e-postile saadetavatest pakkumistest ja uudiskirjadest andes sellest meile teada e-kirja teel v\u00f5i j\u00e4rgides pakkumisi sisaldava e-kirjas toodud juhiseid.<\/p>\n<p><strong>Vaidluste lahendamine<\/strong><br \/>\nKui ostjal on Veebipoe osas pretensioone, tuleb need saata e-kirja aadressile info@financing.ee v\u00f5i helistada telefonil: 53448816.<br \/>\nKui ostja ja Veebipood ei suuda lahendada vaidlust kokkuleppe teel, siis on ostjal v\u00f5imalik p\u00f6\u00f6rduda Tarbijavaidluste komisjoni poole. Menetlustingimustega saab tutvuda ning avaldust esitada <a href=\"https:\/\/komisjon.ee\/et\/avalduse-esitamine\" target=\"_blank\" rel=\"noopener noreferrer\">siin<\/a>. Tarbijavaidluste komisjoni p\u00e4devuses on lahendada ostja ja Veebipoe vahel s\u00f5lmitud lepingust tulenevaid vaidlusi. Ostja kaebuse l\u00e4bivaatamine komisjonis on tasuta.<br \/>\nOstja v\u00f5ib p\u00f6\u00f6rduda Euroopa Liidu tarbijavaidlusi lahendava platvormi <a href=\"https:\/\/ec.europa.eu\/consumers\/odr\/main\/index.cfm?event=main.home2.show&amp;lng=ET\" target=\"_blank\" rel=\"noopener noreferrer\">poole<\/a>.<\/p>","protected":false},"excerpt":{"rendered":"<p>Veebipoe www.financing.ee (edaspidi Veebipood) omanik on O\u00dc Primonte (registrikood 11998898), asukohaga Suur-Paala 1, Tallinn 13619. M\u00fc\u00fcgilepingu kehtivus, kauba- ja hinnainfo M\u00fc\u00fcgitingimused kehtivad Veebipoest digikaupade ja teenuste ostmisel. Veebipoes m\u00fc\u00fcdavate digitoodete ja teenuste hinnad on m\u00e4rgitud toodete juurde. K\u00f5ik veebipoes m\u00fc\u00fcdavate kaupade ja teenuste hinnad on eurodes. Teave kauba ja teenuse kohta on esitatud Veebipoes vahetult [&hellip;]<\/p>\n","protected":false},"author":1,"featured_media":0,"parent":0,"menu_order":0,"comment_status":"closed","ping_status":"closed","template":"","meta":{"site-sidebar-layout":"default","site-content-layout":"default","ast-site-content-layout":"default","site-content-style":"default","site-sidebar-style":"default","ast-global-header-display":"","ast-banner-title-visibility":"","ast-main-header-display":"","ast-hfb-above-header-display":"","ast-hfb-below-header-display":"","ast-hfb-mobile-header-display":"","site-post-title":"","ast-breadcrumbs-content":"","ast-featured-img":"","footer-sml-layout":"","ast-disable-related-posts":"","theme-transparent-header-meta":"default","adv-header-id-meta":"","stick-header-meta":"","header-above-stick-meta":"","header-main-stick-meta":"","header-below-stick-meta":"","astra-migrate-meta-layouts":"set","ast-page-background-enabled":"default","ast-page-background-meta":{"desktop":{"background-color":"","background-image":"","background-repeat":"repeat","background-position":"center center","background-size":"auto","background-attachment":"scroll","background-type":"","background-media":"","overlay-type":"","overlay-color":"","overlay-opacity":"","overlay-gradient":""},"tablet":{"background-color":"","background-image":"","background-repeat":"repeat","background-position":"center center","background-size":"auto","background-attachment":"scroll","background-type":"","background-media":"","overlay-type":"","overlay-color":"","overlay-opacity":"","overlay-gradient":""},"mobile":{"background-color":"","background-image":"","background-repeat":"repeat","background-position":"center center","background-size":"auto","background-attachment":"scroll","background-type":"","background-media":"","overlay-type":"","overlay-color":"","overlay-opacity":"","overlay-gradient":""}},"ast-content-background-meta":{"desktop":{"background-color":"var(--ast-global-color-5)","background-image":"","background-repeat":"repeat","background-position":"center center","background-size":"auto","background-attachment":"scroll","background-type":"","background-media":"","overlay-type":"","overlay-color":"","overlay-opacity":"","overlay-gradient":""},"tablet":{"background-color":"var(--ast-global-color-5)","background-image":"","background-repeat":"repeat","background-position":"center center","background-size":"auto","background-attachment":"scroll","background-type":"","background-media":"","overlay-type":"","overlay-color":"","overlay-opacity":"","overlay-gradient":""},"mobile":{"background-color":"var(--ast-global-color-5)","background-image":"","background-repeat":"repeat","background-position":"center center","background-size":"auto","background-attachment":"scroll","background-type":"","background-media":"","overlay-type":"","overlay-color":"","overlay-opacity":"","overlay-gradient":""}},"footnotes":""},"class_list":["post-897","page","type-page","status-publish","hentry"],"yoast_head":"<!-- This site is optimized with the Yoast SEO plugin v27.0 - https:\/\/yoast.com\/product\/yoast-seo-wordpress\/ -->\n<title>Financing | veebipoe m\u00fc\u00fcgitingimused ja teenuste kasutus<\/title>\n<meta name=\"description\" content=\"Tutvu Financing veebipoe m\u00fc\u00fcgitingimustega \u2013 tingimused, ostuprotsess, makse\u2011 ja kasutusreeglid raamatupidamis\u2011 ja finantsteenuste tellimiseks.\" \/>\n<meta name=\"robots\" content=\"index, follow, max-snippet:-1, max-image-preview:large, max-video-preview:-1\" \/>\n<link rel=\"canonical\" href=\"https:\/\/financing.ee\/en\/veebipoe-muugitingimused\/\" \/>\n<meta property=\"og:locale\" content=\"en_GB\" \/>\n<meta property=\"og:type\" content=\"article\" \/>\n<meta property=\"og:title\" content=\"Financing | veebipoe m\u00fc\u00fcgitingimused ja teenuste kasutus\" \/>\n<meta property=\"og:description\" content=\"Tutvu Financing veebipoe m\u00fc\u00fcgitingimustega \u2013 tingimused, ostuprotsess, makse\u2011 ja kasutusreeglid raamatupidamis\u2011 ja finantsteenuste tellimiseks.\" \/>\n<meta property=\"og:url\" content=\"https:\/\/financing.ee\/en\/veebipoe-muugitingimused\/\" \/>\n<meta property=\"og:site_name\" content=\"Financing &ndash; Raamatupidamisteenused\" \/>\n<meta property=\"article:publisher\" content=\"https:\/\/www.facebook.com\/myfinancing\" \/>\n<meta property=\"article:modified_time\" content=\"2026-02-26T09:39:51+00:00\" \/>\n<meta name=\"twitter:card\" content=\"summary_large_image\" \/>\n<meta name=\"twitter:label1\" content=\"Estimated reading time\" \/>\n\t<meta name=\"twitter:data1\" content=\"3 minutes\" \/>\n<script type=\"application\/ld+json\" class=\"yoast-schema-graph\">{\"@context\":\"https:\/\/schema.org\",\"@graph\":[{\"@type\":\"WebPage\",\"@id\":\"https:\/\/financing.ee\/veebipoe-muugitingimused\/\",\"url\":\"https:\/\/financing.ee\/veebipoe-muugitingimused\/\",\"name\":\"Financing | veebipoe m\u00fc\u00fcgitingimused ja teenuste kasutus\",\"isPartOf\":{\"@id\":\"https:\/\/financing.ee\/et\/#website\"},\"datePublished\":\"2020-06-02T14:31:32+00:00\",\"dateModified\":\"2026-02-26T09:39:51+00:00\",\"description\":\"Tutvu Financing veebipoe m\u00fc\u00fcgitingimustega \u2013 tingimused, ostuprotsess, makse\u2011 ja kasutusreeglid raamatupidamis\u2011 ja finantsteenuste tellimiseks.\",\"breadcrumb\":{\"@id\":\"https:\/\/financing.ee\/veebipoe-muugitingimused\/#breadcrumb\"},\"inLanguage\":\"en-GB\",\"potentialAction\":[{\"@type\":\"ReadAction\",\"target\":[\"https:\/\/financing.ee\/veebipoe-muugitingimused\/\"]}]},{\"@type\":\"BreadcrumbList\",\"@id\":\"https:\/\/financing.ee\/veebipoe-muugitingimused\/#breadcrumb\",\"itemListElement\":[{\"@type\":\"ListItem\",\"position\":1,\"name\":\"Home\",\"item\":\"https:\/\/financing.ee\/et\/\"},{\"@type\":\"ListItem\",\"position\":2,\"name\":\"Veebipoe m\u00fc\u00fcgitingimused\"}]},{\"@type\":\"WebSite\",\"@id\":\"https:\/\/financing.ee\/et\/#website\",\"url\":\"https:\/\/financing.ee\/et\/\",\"name\":\"Financing &ndash; Raamatupidamisteenused\",\"description\":\"Raamatupidamisteenused\",\"publisher\":{\"@id\":\"https:\/\/financing.ee\/et\/#organization\"},\"potentialAction\":[{\"@type\":\"SearchAction\",\"target\":{\"@type\":\"EntryPoint\",\"urlTemplate\":\"https:\/\/financing.ee\/et\/?s={search_term_string}\"},\"query-input\":{\"@type\":\"PropertyValueSpecification\",\"valueRequired\":true,\"valueName\":\"search_term_string\"}}],\"inLanguage\":\"en-GB\"},{\"@type\":\"Organization\",\"@id\":\"https:\/\/financing.ee\/et\/#organization\",\"name\":\"Financing &ndash; Raamatupidamisteenused\",\"url\":\"https:\/\/financing.ee\/et\/\",\"logo\":{\"@type\":\"ImageObject\",\"inLanguage\":\"en-GB\",\"@id\":\"https:\/\/financing.ee\/et\/#\/schema\/logo\/image\/\",\"url\":\"https:\/\/financing.ee\/wp-content\/uploads\/2020\/05\/Financing_arukad_finantsotsused_RGB.svg\",\"contentUrl\":\"https:\/\/financing.ee\/wp-content\/uploads\/2020\/05\/Financing_arukad_finantsotsused_RGB.svg\",\"width\":425,\"height\":85,\"caption\":\"Financing &ndash; Raamatupidamisteenused\"},\"image\":{\"@id\":\"https:\/\/financing.ee\/et\/#\/schema\/logo\/image\/\"},\"sameAs\":[\"https:\/\/www.facebook.com\/myfinancing\"]}]}<\/script>\n<!-- \/ Yoast SEO plugin. -->","yoast_head_json":{"title":"Financing | veebipoe m\u00fc\u00fcgitingimused ja teenuste kasutus","description":"Tutvu Financing veebipoe m\u00fc\u00fcgitingimustega \u2013 tingimused, ostuprotsess, makse\u2011 ja kasutusreeglid raamatupidamis\u2011 ja finantsteenuste tellimiseks.","robots":{"index":"index","follow":"follow","max-snippet":"max-snippet:-1","max-image-preview":"max-image-preview:large","max-video-preview":"max-video-preview:-1"},"canonical":"https:\/\/financing.ee\/en\/veebipoe-muugitingimused\/","og_locale":"en_GB","og_type":"article","og_title":"Financing | veebipoe m\u00fc\u00fcgitingimused ja teenuste kasutus","og_description":"Tutvu Financing veebipoe m\u00fc\u00fcgitingimustega \u2013 tingimused, ostuprotsess, makse\u2011 ja kasutusreeglid raamatupidamis\u2011 ja finantsteenuste tellimiseks.","og_url":"https:\/\/financing.ee\/en\/veebipoe-muugitingimused\/","og_site_name":"Financing &ndash; Raamatupidamisteenused","article_publisher":"https:\/\/www.facebook.com\/myfinancing","article_modified_time":"2026-02-26T09:39:51+00:00","twitter_card":"summary_large_image","twitter_misc":{"Estimated reading time":"3 minutes"},"schema":{"@context":"https:\/\/schema.org","@graph":[{"@type":"WebPage","@id":"https:\/\/financing.ee\/veebipoe-muugitingimused\/","url":"https:\/\/financing.ee\/veebipoe-muugitingimused\/","name":"Financing | veebipoe m\u00fc\u00fcgitingimused ja teenuste kasutus","isPartOf":{"@id":"https:\/\/financing.ee\/et\/#website"},"datePublished":"2020-06-02T14:31:32+00:00","dateModified":"2026-02-26T09:39:51+00:00","description":"Tutvu Financing veebipoe m\u00fc\u00fcgitingimustega \u2013 tingimused, ostuprotsess, makse\u2011 ja kasutusreeglid raamatupidamis\u2011 ja finantsteenuste tellimiseks.","breadcrumb":{"@id":"https:\/\/financing.ee\/veebipoe-muugitingimused\/#breadcrumb"},"inLanguage":"en-GB","potentialAction":[{"@type":"ReadAction","target":["https:\/\/financing.ee\/veebipoe-muugitingimused\/"]}]},{"@type":"BreadcrumbList","@id":"https:\/\/financing.ee\/veebipoe-muugitingimused\/#breadcrumb","itemListElement":[{"@type":"ListItem","position":1,"name":"Home","item":"https:\/\/financing.ee\/et\/"},{"@type":"ListItem","position":2,"name":"Veebipoe m\u00fc\u00fcgitingimused"}]},{"@type":"WebSite","@id":"https:\/\/financing.ee\/et\/#website","url":"https:\/\/financing.ee\/et\/","name":"Financing &ndash; Raamatupidamisteenused","description":"Raamatupidamisteenused","publisher":{"@id":"https:\/\/financing.ee\/et\/#organization"},"potentialAction":[{"@type":"SearchAction","target":{"@type":"EntryPoint","urlTemplate":"https:\/\/financing.ee\/et\/?s={search_term_string}"},"query-input":{"@type":"PropertyValueSpecification","valueRequired":true,"valueName":"search_term_string"}}],"inLanguage":"en-GB"},{"@type":"Organization","@id":"https:\/\/financing.ee\/et\/#organization","name":"Financing &ndash; Raamatupidamisteenused","url":"https:\/\/financing.ee\/et\/","logo":{"@type":"ImageObject","inLanguage":"en-GB","@id":"https:\/\/financing.ee\/et\/#\/schema\/logo\/image\/","url":"https:\/\/financing.ee\/wp-content\/uploads\/2020\/05\/Financing_arukad_finantsotsused_RGB.svg","contentUrl":"https:\/\/financing.ee\/wp-content\/uploads\/2020\/05\/Financing_arukad_finantsotsused_RGB.svg","width":425,"height":85,"caption":"Financing &ndash; Raamatupidamisteenused"},"image":{"@id":"https:\/\/financing.ee\/et\/#\/schema\/logo\/image\/"},"sameAs":["https:\/\/www.facebook.com\/myfinancing"]}]}},"_links":{"self":[{"href":"https:\/\/financing.ee\/en\/wp-json\/wp\/v2\/pages\/897","targetHints":{"allow":["GET"]}}],"collection":[{"href":"https:\/\/financing.ee\/en\/wp-json\/wp\/v2\/pages"}],"about":[{"href":"https:\/\/financing.ee\/en\/wp-json\/wp\/v2\/types\/page"}],"author":[{"embeddable":true,"href":"https:\/\/financing.ee\/en\/wp-json\/wp\/v2\/users\/1"}],"replies":[{"embeddable":true,"href":"https:\/\/financing.ee\/en\/wp-json\/wp\/v2\/comments?post=897"}],"version-history":[{"count":4,"href":"https:\/\/financing.ee\/en\/wp-json\/wp\/v2\/pages\/897\/revisions"}],"predecessor-version":[{"id":1067,"href":"https:\/\/financing.ee\/en\/wp-json\/wp\/v2\/pages\/897\/revisions\/1067"}],"wp:attachment":[{"href":"https:\/\/financing.ee\/en\/wp-json\/wp\/v2\/media?parent=897"}],"curies":[{"name":"wp","href":"https:\/\/api.w.org\/{rel}","templated":true}]}}