{"id":2800,"date":"2022-11-07T17:19:42","date_gmt":"2022-11-07T17:19:42","guid":{"rendered":"https:\/\/financing.ee\/?post_type=product&#038;p=2800"},"modified":"2024-01-25T15:05:55","modified_gmt":"2024-01-25T15:05:55","slug":"vaikeettevotte-likvideerimine","status":"publish","type":"product","link":"https:\/\/financing.ee\/en\/product\/vaikeettevotte-likvideerimine\/","title":{"rendered":"V\u00e4ikeettev\u00f5tte likvideerimine"},"content":{"rendered":"<div data-elementor-type=\"wp-post\" data-elementor-id=\"2800\" class=\"elementor elementor-2800\" data-elementor-post-type=\"product\">\n\t\t\t\t\t\t<section class=\"elementor-section elementor-top-section elementor-element elementor-element-f81a762 elementor-section-stretched elementor-section-boxed elementor-section-height-default elementor-section-height-default\" data-id=\"f81a762\" data-element_type=\"section\" data-e-type=\"section\" data-settings=\"{&quot;background_background&quot;:&quot;classic&quot;,&quot;stretch_section&quot;:&quot;section-stretched&quot;}\">\n\t\t\t\t\t\t\t<div class=\"elementor-background-overlay\"><\/div>\n\t\t\t\t\t\t\t<div class=\"elementor-container elementor-column-gap-default\">\n\t\t\t\t\t<div class=\"elementor-column elementor-col-50 elementor-top-column elementor-element elementor-element-bdcce81\" data-id=\"bdcce81\" data-element_type=\"column\" data-e-type=\"column\">\n\t\t\t<div class=\"elementor-widget-wrap elementor-element-populated\">\n\t\t\t\t\t\t<div class=\"elementor-element elementor-element-2aef5ed elementor-widget elementor-widget-image\" data-id=\"2aef5ed\" data-element_type=\"widget\" data-e-type=\"widget\" data-widget_type=\"image.default\">\n\t\t\t\t<div class=\"elementor-widget-container\">\n\t\t\t\t\t\t\t\t\t\t\t\t\t\t\t<img decoding=\"async\" src=\"https:\/\/financing.ee\/wp-content\/uploads\/2022\/11\/vaikettevotte-likivideerimine_valge.svg\" class=\"attachment-full size-full wp-image-3258\" alt=\"\" \/>\t\t\t\t\t\t\t\t\t\t\t\t\t\t\t<\/div>\n\t\t\t\t<\/div>\n\t\t\t\t\t<\/div>\n\t\t<\/div>\n\t\t\t\t<div class=\"elementor-column elementor-col-50 elementor-top-column elementor-element elementor-element-6c7945f\" data-id=\"6c7945f\" data-element_type=\"column\" data-e-type=\"column\">\n\t\t\t<div class=\"elementor-widget-wrap elementor-element-populated\">\n\t\t\t\t\t\t<div class=\"elementor-element elementor-element-79aa547 elementor-widget elementor-widget-heading\" data-id=\"79aa547\" data-element_type=\"widget\" data-e-type=\"widget\" data-widget_type=\"heading.default\">\n\t\t\t\t<div class=\"elementor-widget-container\">\n\t\t\t\t\t<h1 class=\"elementor-heading-title elementor-size-default\">V\u00e4ikeettev\u00f5tte likvideerimine<\/h1>\t\t\t\t<\/div>\n\t\t\t\t<\/div>\n\t\t\t\t\t<\/div>\n\t\t<\/div>\n\t\t\t\t\t<\/div>\n\t\t<\/section>\n\t\t\t\t<section class=\"elementor-section elementor-top-section elementor-element elementor-element-23b27ab5 elementor-reverse-mobile elementor-section-content-space-between elementor-section-stretched elementor-section-boxed elementor-section-height-default elementor-section-height-default\" data-id=\"23b27ab5\" data-element_type=\"section\" data-e-type=\"section\" data-settings=\"{&quot;stretch_section&quot;:&quot;section-stretched&quot;}\">\n\t\t\t\t\t\t<div class=\"elementor-container elementor-column-gap-default\">\n\t\t\t\t\t<div class=\"elementor-column elementor-col-50 elementor-top-column elementor-element elementor-element-ecee415 elementor-hidden-phone\" data-id=\"ecee415\" data-element_type=\"column\" data-e-type=\"column\" data-settings=\"{&quot;background_background&quot;:&quot;classic&quot;}\">\n\t\t\t<div class=\"elementor-widget-wrap\">\n\t\t\t\t\t\t\t<\/div>\n\t\t<\/div>\n\t\t\t\t<div class=\"elementor-column elementor-col-50 elementor-top-column elementor-element elementor-element-2a3e8ac7\" data-id=\"2a3e8ac7\" data-element_type=\"column\" data-e-type=\"column\">\n\t\t\t<div class=\"elementor-widget-wrap elementor-element-populated\">\n\t\t\t\t\t\t<div class=\"elementor-element elementor-element-b1f9b07 elementor-widget elementor-widget-text-editor\" data-id=\"b1f9b07\" data-element_type=\"widget\" data-e-type=\"widget\" data-widget_type=\"text-editor.default\">\n\t\t\t\t<div class=\"elementor-widget-container\">\n\t\t\t\t\t\t\t\t\t<h3>Hind alates 380 eur<\/h3>\t\t\t\t\t\t\t\t<\/div>\n\t\t\t\t<\/div>\n\t\t\t\t<div class=\"elementor-element elementor-element-1f886fab elementor-widget elementor-widget-text-editor\" data-id=\"1f886fab\" data-element_type=\"widget\" data-e-type=\"widget\" data-widget_type=\"text-editor.default\">\n\t\t\t\t<div class=\"elementor-widget-container\">\n\t\t\t\t\t\t\t\t\t<p>Ettev\u00f5tte asutamisele kulub keskmiselt 10 minutit, kuid selle l\u00f5petamine v\u00f5tab minimaalselt 7-9\u00a0<span style=\"color: var( --e-global-color-text ); font-family: var( --e-global-typography-text-font-family ), Sans-serif;\">kuud aega. Likvideerimine on protsess, mille k\u00e4igus tuleb j\u00e4rgida erinevaid reegleid ja t\u00e4htaegu\u00a0<\/span><span style=\"color: var( --e-global-color-text ); font-family: var( --e-global-typography-text-font-family ), Sans-serif;\">ning esitada \u00f5ige sisu ja otsusega dokumente. See ei ole lihtne ning alati ei piisa ka juhendite\u00a0<\/span><span style=\"color: var( --e-global-color-text ); font-family: var( --e-global-typography-text-font-family ), Sans-serif;\">lugemisest, et aru saada, mida ja millal esitada.<\/span><\/p><p><b>Olen sulle ettev\u00f5tte likvideerimismenetlusel abiks ja teen keerulised asjad lihtsamaks \u2013 nii v\u00f5id\u00a0<span style=\"color: var( --e-global-color-text ); font-family: var( --e-global-typography-text-font-family ), Sans-serif;\">kindel olla, et k\u00f5ik vajalikud dokumendid saavad \u00f5igeaegselt esitatud.\u00a0<\/span><\/b><\/p><p><span style=\"color: var( --e-global-color-text ); font-family: var( --e-global-typography-text-font-family ), Sans-serif;\">Hinnapakkumise koostamiseks saada mulle palun oma ettev\u00f5tte bilanss pdf v\u00f5i Excel formaadis.<\/span><\/p>\t\t\t\t\t\t\t\t<\/div>\n\t\t\t\t<\/div>\n\t\t\t\t<div class=\"elementor-element elementor-element-bd76552 elementor-widget elementor-widget-button\" data-id=\"bd76552\" data-element_type=\"widget\" data-e-type=\"widget\" data-widget_type=\"button.default\">\n\t\t\t\t<div class=\"elementor-widget-container\">\n\t\t\t\t\t\t\t\t\t<div class=\"elementor-button-wrapper\">\n\t\t\t\t\t<a class=\"elementor-button elementor-button-link elementor-size-sm\" href=\"#elementor-action%3Aaction%3Dpopup%3Aopen%26settings%3DeyJpZCI6IjM1NDIiLCJ0b2dnbGUiOmZhbHNlfQ%3D%3D\">\n\t\t\t\t\t\t<span class=\"elementor-button-content-wrapper\">\n\t\t\t\t\t\t\t\t\t<span class=\"elementor-button-text\">K\u00dcSI HINNAPAKKUMIST<\/span>\n\t\t\t\t\t<\/span>\n\t\t\t\t\t<\/a>\n\t\t\t\t<\/div>\n\t\t\t\t\t\t\t\t<\/div>\n\t\t\t\t<\/div>\n\t\t\t\t\t<\/div>\n\t\t<\/div>\n\t\t\t\t\t<\/div>\n\t\t<\/section>\n\t\t\t\t<section class=\"elementor-section elementor-top-section elementor-element elementor-element-83b4147 elementor-section-boxed elementor-section-height-default elementor-section-height-default\" data-id=\"83b4147\" data-element_type=\"section\" data-e-type=\"section\">\n\t\t\t\t\t\t<div class=\"elementor-container elementor-column-gap-default\">\n\t\t\t\t\t<div class=\"elementor-column elementor-col-100 elementor-top-column elementor-element elementor-element-4e9a868\" data-id=\"4e9a868\" data-element_type=\"column\" data-e-type=\"column\">\n\t\t\t<div class=\"elementor-widget-wrap elementor-element-populated\">\n\t\t\t\t\t\t<div class=\"elementor-element elementor-element-63ca8f3 elementor-widget elementor-widget-spacer\" data-id=\"63ca8f3\" data-element_type=\"widget\" data-e-type=\"widget\" data-widget_type=\"spacer.default\">\n\t\t\t\t<div class=\"elementor-widget-container\">\n\t\t\t\t\t\t\t<div class=\"elementor-spacer\">\n\t\t\t<div class=\"elementor-spacer-inner\"><\/div>\n\t\t<\/div>\n\t\t\t\t\t\t<\/div>\n\t\t\t\t<\/div>\n\t\t\t\t\t<\/div>\n\t\t<\/div>\n\t\t\t\t\t<\/div>\n\t\t<\/section>\n\t\t\t\t<\/div>","protected":false},"excerpt":{"rendered":"<p>V\u00e4ikeettev\u00f5tte likvideerimine Hind alates 380 eur Ettev\u00f5tte asutamisele kulub keskmiselt 10 minutit, kuid selle l\u00f5petamine v\u00f5tab minimaalselt 7-9\u00a0kuud aega. Likvideerimine on protsess, mille k\u00e4igus tuleb j\u00e4rgida erinevaid reegleid ja t\u00e4htaegu\u00a0ning esitada \u00f5ige sisu ja otsusega dokumente. See ei ole lihtne ning alati ei piisa ka juhendite\u00a0lugemisest, et aru saada, mida ja millal esitada. Olen sulle [&hellip;]<\/p>\n","protected":false},"featured_media":2067,"template":"elementor_header_footer","meta":{"site-sidebar-layout":"default","site-content-layout":"default","ast-site-content-layout":"default","site-content-style":"default","site-sidebar-style":"default","ast-global-header-display":"","ast-banner-title-visibility":"","ast-main-header-display":"","ast-hfb-above-header-display":"","ast-hfb-below-header-display":"","ast-hfb-mobile-header-display":"","site-post-title":"","ast-breadcrumbs-content":"disabled","ast-featured-img":"","footer-sml-layout":"","ast-disable-related-posts":"","theme-transparent-header-meta":"default","adv-header-id-meta":"","stick-header-meta":"","header-above-stick-meta":"","header-main-stick-meta":"","header-below-stick-meta":"","astra-migrate-meta-layouts":"default","ast-page-background-enabled":"default","ast-page-background-meta":{"desktop":{"background-color":"","background-image":"","background-repeat":"repeat","background-position":"center center","background-size":"auto","background-attachment":"scroll","background-type":"","background-media":"","overlay-type":"","overlay-color":"","overlay-opacity":"","overlay-gradient":""},"tablet":{"background-color":"","background-image":"","background-repeat":"repeat","background-position":"center center","background-size":"auto","background-attachment":"scroll","background-type":"","background-media":"","overlay-type":"","overlay-color":"","overlay-opacity":"","overlay-gradient":""},"mobile":{"background-color":"","background-image":"","background-repeat":"repeat","background-position":"center center","background-size":"auto","background-attachment":"scroll","background-type":"","background-media":"","overlay-type":"","overlay-color":"","overlay-opacity":"","overlay-gradient":""}},"ast-content-background-meta":{"desktop":{"background-color":"var(--ast-global-color-5)","background-image":"","background-repeat":"repeat","background-position":"center center","background-size":"auto","background-attachment":"scroll","background-type":"","background-media":"","overlay-type":"","overlay-color":"","overlay-opacity":"","overlay-gradient":""},"tablet":{"background-color":"var(--ast-global-color-5)","background-image":"","background-repeat":"repeat","background-position":"center center","background-size":"auto","background-attachment":"scroll","background-type":"","background-media":"","overlay-type":"","overlay-color":"","overlay-opacity":"","overlay-gradient":""},"mobile":{"background-color":"var(--ast-global-color-5)","background-image":"","background-repeat":"repeat","background-position":"center center","background-size":"auto","background-attachment":"scroll","background-type":"","background-media":"","overlay-type":"","overlay-color":"","overlay-opacity":"","overlay-gradient":""}}},"product_brand":[],"product_cat":[21],"product_tag":[23,45,22,44,24],"class_list":{"0":"post-2800","1":"product","2":"type-product","3":"status-publish","4":"has-post-thumbnail","6":"product_cat-maaramata","7":"product_tag-algajale-ettevotjale","8":"product_tag-finantsnoustamine","9":"product_tag-konsultatsioon","10":"product_tag-raamatupidamisteenus","11":"product_tag-vaikeettevotjale","12":"desktop-align-left","13":"tablet-align-left","14":"mobile-align-left","16":"first","17":"instock","18":"virtual","19":"purchasable","20":"product-type-simple"},"yoast_head":"<!-- This site is optimized with the Yoast SEO plugin v27.0 - https:\/\/yoast.com\/product\/yoast-seo-wordpress\/ -->\n<title>V\u00e4ikeettev\u00f5tte likvideerimine<\/title>\n<meta name=\"description\" content=\"Olen sulle v\u00e4ikeettev\u00f5tte likvideerimisel abiks ja teen keerulised asjad lihtsamaks \u2013 nii v\u00f5id kindel olla, et k\u00f5ik vajalikud dokumendid saavad esitatud.\" \/>\n<meta name=\"robots\" content=\"index, follow, max-snippet:-1, max-image-preview:large, max-video-preview:-1\" \/>\n<link rel=\"canonical\" href=\"https:\/\/financing.ee\/en\/product\/vaikeettevotte-likvideerimine\/\" \/>\n<meta property=\"og:locale\" content=\"en_GB\" \/>\n<meta property=\"og:type\" content=\"article\" \/>\n<meta property=\"og:title\" content=\"V\u00e4ikeettev\u00f5tte likvideerimine\" \/>\n<meta property=\"og:description\" content=\"Olen sulle v\u00e4ikeettev\u00f5tte likvideerimisel abiks ja teen keerulised asjad lihtsamaks \u2013 nii v\u00f5id kindel olla, et k\u00f5ik vajalikud dokumendid saavad esitatud.\" \/>\n<meta property=\"og:url\" content=\"https:\/\/financing.ee\/en\/product\/vaikeettevotte-likvideerimine\/\" \/>\n<meta property=\"og:site_name\" content=\"Financing &ndash; Raamatupidamisteenused\" \/>\n<meta property=\"article:publisher\" content=\"https:\/\/www.facebook.com\/myfinancing\" \/>\n<meta property=\"article:modified_time\" content=\"2024-01-25T15:05:55+00:00\" \/>\n<meta property=\"og:image\" content=\"https:\/\/financing.ee\/wp-content\/uploads\/2022\/07\/financing_22.jpg\" \/>\n\t<meta property=\"og:image:width\" content=\"2500\" \/>\n\t<meta property=\"og:image:height\" content=\"1667\" \/>\n\t<meta property=\"og:image:type\" content=\"image\/jpeg\" \/>\n<meta name=\"twitter:card\" content=\"summary_large_image\" \/>\n<meta name=\"twitter:label1\" content=\"Estimated reading time\" \/>\n\t<meta name=\"twitter:data1\" content=\"1 minute\" \/>\n<script type=\"application\/ld+json\" class=\"yoast-schema-graph\">{\"@context\":\"https:\/\/schema.org\",\"@graph\":[{\"@type\":\"WebPage\",\"@id\":\"https:\/\/financing.ee\/en\/product\/vaikeettevotte-likvideerimine\/\",\"url\":\"https:\/\/financing.ee\/en\/product\/vaikeettevotte-likvideerimine\/\",\"name\":\"V\u00e4ikeettev\u00f5tte likvideerimine\",\"isPartOf\":{\"@id\":\"https:\/\/financing.ee\/et\/#website\"},\"primaryImageOfPage\":{\"@id\":\"https:\/\/financing.ee\/en\/product\/vaikeettevotte-likvideerimine\/#primaryimage\"},\"image\":{\"@id\":\"https:\/\/financing.ee\/en\/product\/vaikeettevotte-likvideerimine\/#primaryimage\"},\"thumbnailUrl\":\"https:\/\/financing.ee\/wp-content\/uploads\/2022\/07\/financing_22.jpg\",\"datePublished\":\"2022-11-07T17:19:42+00:00\",\"dateModified\":\"2024-01-25T15:05:55+00:00\",\"description\":\"Olen sulle v\u00e4ikeettev\u00f5tte likvideerimisel abiks ja teen keerulised asjad lihtsamaks \u2013 nii v\u00f5id kindel olla, et k\u00f5ik vajalikud dokumendid saavad esitatud.\",\"breadcrumb\":{\"@id\":\"https:\/\/financing.ee\/en\/product\/vaikeettevotte-likvideerimine\/#breadcrumb\"},\"inLanguage\":\"en-GB\",\"potentialAction\":[{\"@type\":\"ReadAction\",\"target\":[\"https:\/\/financing.ee\/en\/product\/vaikeettevotte-likvideerimine\/\"]}]},{\"@type\":\"ImageObject\",\"inLanguage\":\"en-GB\",\"@id\":\"https:\/\/financing.ee\/en\/product\/vaikeettevotte-likvideerimine\/#primaryimage\",\"url\":\"https:\/\/financing.ee\/wp-content\/uploads\/2022\/07\/financing_22.jpg\",\"contentUrl\":\"https:\/\/financing.ee\/wp-content\/uploads\/2022\/07\/financing_22.jpg\",\"width\":2500,\"height\":1667,\"caption\":\"v\u00e4ikeettev\u00f5tte likvideerimine\"},{\"@type\":\"BreadcrumbList\",\"@id\":\"https:\/\/financing.ee\/en\/product\/vaikeettevotte-likvideerimine\/#breadcrumb\",\"itemListElement\":[{\"@type\":\"ListItem\",\"position\":1,\"name\":\"Home\",\"item\":\"https:\/\/financing.ee\/et\/\"},{\"@type\":\"ListItem\",\"position\":2,\"name\":\"Pood\",\"item\":\"https:\/\/financing.ee\/pood\/\"},{\"@type\":\"ListItem\",\"position\":3,\"name\":\"V\u00e4ikeettev\u00f5tte likvideerimine\"}]},{\"@type\":\"WebSite\",\"@id\":\"https:\/\/financing.ee\/et\/#website\",\"url\":\"https:\/\/financing.ee\/et\/\",\"name\":\"Financing &ndash; Raamatupidamisteenused\",\"description\":\"Raamatupidamisteenused\",\"publisher\":{\"@id\":\"https:\/\/financing.ee\/et\/#organization\"},\"potentialAction\":[{\"@type\":\"SearchAction\",\"target\":{\"@type\":\"EntryPoint\",\"urlTemplate\":\"https:\/\/financing.ee\/et\/?s={search_term_string}\"},\"query-input\":{\"@type\":\"PropertyValueSpecification\",\"valueRequired\":true,\"valueName\":\"search_term_string\"}}],\"inLanguage\":\"en-GB\"},{\"@type\":\"Organization\",\"@id\":\"https:\/\/financing.ee\/et\/#organization\",\"name\":\"Financing &ndash; Raamatupidamisteenused\",\"url\":\"https:\/\/financing.ee\/et\/\",\"logo\":{\"@type\":\"ImageObject\",\"inLanguage\":\"en-GB\",\"@id\":\"https:\/\/financing.ee\/et\/#\/schema\/logo\/image\/\",\"url\":\"https:\/\/financing.ee\/wp-content\/uploads\/2020\/05\/Financing_arukad_finantsotsused_RGB.svg\",\"contentUrl\":\"https:\/\/financing.ee\/wp-content\/uploads\/2020\/05\/Financing_arukad_finantsotsused_RGB.svg\",\"width\":425,\"height\":85,\"caption\":\"Financing &ndash; Raamatupidamisteenused\"},\"image\":{\"@id\":\"https:\/\/financing.ee\/et\/#\/schema\/logo\/image\/\"},\"sameAs\":[\"https:\/\/www.facebook.com\/myfinancing\"]}]}<\/script>\n<!-- \/ Yoast SEO plugin. -->","yoast_head_json":{"title":"V\u00e4ikeettev\u00f5tte likvideerimine","description":"Olen sulle v\u00e4ikeettev\u00f5tte likvideerimisel abiks ja teen keerulised asjad lihtsamaks \u2013 nii v\u00f5id kindel olla, et k\u00f5ik vajalikud dokumendid saavad esitatud.","robots":{"index":"index","follow":"follow","max-snippet":"max-snippet:-1","max-image-preview":"max-image-preview:large","max-video-preview":"max-video-preview:-1"},"canonical":"https:\/\/financing.ee\/en\/product\/vaikeettevotte-likvideerimine\/","og_locale":"en_GB","og_type":"article","og_title":"V\u00e4ikeettev\u00f5tte likvideerimine","og_description":"Olen sulle v\u00e4ikeettev\u00f5tte likvideerimisel abiks ja teen keerulised asjad lihtsamaks \u2013 nii v\u00f5id kindel olla, et k\u00f5ik vajalikud dokumendid saavad esitatud.","og_url":"https:\/\/financing.ee\/en\/product\/vaikeettevotte-likvideerimine\/","og_site_name":"Financing &ndash; Raamatupidamisteenused","article_publisher":"https:\/\/www.facebook.com\/myfinancing","article_modified_time":"2024-01-25T15:05:55+00:00","og_image":[{"width":2500,"height":1667,"url":"https:\/\/financing.ee\/wp-content\/uploads\/2022\/07\/financing_22.jpg","type":"image\/jpeg"}],"twitter_card":"summary_large_image","twitter_misc":{"Estimated reading time":"1 minute"},"schema":{"@context":"https:\/\/schema.org","@graph":[{"@type":"WebPage","@id":"https:\/\/financing.ee\/en\/product\/vaikeettevotte-likvideerimine\/","url":"https:\/\/financing.ee\/en\/product\/vaikeettevotte-likvideerimine\/","name":"V\u00e4ikeettev\u00f5tte likvideerimine","isPartOf":{"@id":"https:\/\/financing.ee\/et\/#website"},"primaryImageOfPage":{"@id":"https:\/\/financing.ee\/en\/product\/vaikeettevotte-likvideerimine\/#primaryimage"},"image":{"@id":"https:\/\/financing.ee\/en\/product\/vaikeettevotte-likvideerimine\/#primaryimage"},"thumbnailUrl":"https:\/\/financing.ee\/wp-content\/uploads\/2022\/07\/financing_22.jpg","datePublished":"2022-11-07T17:19:42+00:00","dateModified":"2024-01-25T15:05:55+00:00","description":"Olen sulle v\u00e4ikeettev\u00f5tte likvideerimisel abiks ja teen keerulised asjad lihtsamaks \u2013 nii v\u00f5id kindel olla, et k\u00f5ik vajalikud dokumendid saavad esitatud.","breadcrumb":{"@id":"https:\/\/financing.ee\/en\/product\/vaikeettevotte-likvideerimine\/#breadcrumb"},"inLanguage":"en-GB","potentialAction":[{"@type":"ReadAction","target":["https:\/\/financing.ee\/en\/product\/vaikeettevotte-likvideerimine\/"]}]},{"@type":"ImageObject","inLanguage":"en-GB","@id":"https:\/\/financing.ee\/en\/product\/vaikeettevotte-likvideerimine\/#primaryimage","url":"https:\/\/financing.ee\/wp-content\/uploads\/2022\/07\/financing_22.jpg","contentUrl":"https:\/\/financing.ee\/wp-content\/uploads\/2022\/07\/financing_22.jpg","width":2500,"height":1667,"caption":"v\u00e4ikeettev\u00f5tte likvideerimine"},{"@type":"BreadcrumbList","@id":"https:\/\/financing.ee\/en\/product\/vaikeettevotte-likvideerimine\/#breadcrumb","itemListElement":[{"@type":"ListItem","position":1,"name":"Home","item":"https:\/\/financing.ee\/et\/"},{"@type":"ListItem","position":2,"name":"Pood","item":"https:\/\/financing.ee\/pood\/"},{"@type":"ListItem","position":3,"name":"V\u00e4ikeettev\u00f5tte likvideerimine"}]},{"@type":"WebSite","@id":"https:\/\/financing.ee\/et\/#website","url":"https:\/\/financing.ee\/et\/","name":"Financing &ndash; Raamatupidamisteenused","description":"Raamatupidamisteenused","publisher":{"@id":"https:\/\/financing.ee\/et\/#organization"},"potentialAction":[{"@type":"SearchAction","target":{"@type":"EntryPoint","urlTemplate":"https:\/\/financing.ee\/et\/?s={search_term_string}"},"query-input":{"@type":"PropertyValueSpecification","valueRequired":true,"valueName":"search_term_string"}}],"inLanguage":"en-GB"},{"@type":"Organization","@id":"https:\/\/financing.ee\/et\/#organization","name":"Financing &ndash; Raamatupidamisteenused","url":"https:\/\/financing.ee\/et\/","logo":{"@type":"ImageObject","inLanguage":"en-GB","@id":"https:\/\/financing.ee\/et\/#\/schema\/logo\/image\/","url":"https:\/\/financing.ee\/wp-content\/uploads\/2020\/05\/Financing_arukad_finantsotsused_RGB.svg","contentUrl":"https:\/\/financing.ee\/wp-content\/uploads\/2020\/05\/Financing_arukad_finantsotsused_RGB.svg","width":425,"height":85,"caption":"Financing &ndash; Raamatupidamisteenused"},"image":{"@id":"https:\/\/financing.ee\/et\/#\/schema\/logo\/image\/"},"sameAs":["https:\/\/www.facebook.com\/myfinancing"]}]}},"_links":{"self":[{"href":"https:\/\/financing.ee\/en\/wp-json\/wp\/v2\/product\/2800","targetHints":{"allow":["GET"]}}],"collection":[{"href":"https:\/\/financing.ee\/en\/wp-json\/wp\/v2\/product"}],"about":[{"href":"https:\/\/financing.ee\/en\/wp-json\/wp\/v2\/types\/product"}],"version-history":[{"count":143,"href":"https:\/\/financing.ee\/en\/wp-json\/wp\/v2\/product\/2800\/revisions"}],"predecessor-version":[{"id":3569,"href":"https:\/\/financing.ee\/en\/wp-json\/wp\/v2\/product\/2800\/revisions\/3569"}],"wp:featuredmedia":[{"embeddable":true,"href":"https:\/\/financing.ee\/en\/wp-json\/wp\/v2\/media\/2067"}],"wp:attachment":[{"href":"https:\/\/financing.ee\/en\/wp-json\/wp\/v2\/media?parent=2800"}],"wp:term":[{"taxonomy":"product_brand","embeddable":true,"href":"https:\/\/financing.ee\/en\/wp-json\/wp\/v2\/product_brand?post=2800"},{"taxonomy":"product_cat","embeddable":true,"href":"https:\/\/financing.ee\/en\/wp-json\/wp\/v2\/product_cat?post=2800"},{"taxonomy":"product_tag","embeddable":true,"href":"https:\/\/financing.ee\/en\/wp-json\/wp\/v2\/product_tag?post=2800"}],"curies":[{"name":"wp","href":"https:\/\/api.w.org\/{rel}","templated":true}]}}