{"id":3713,"date":"2025-09-22T09:09:07","date_gmt":"2025-09-22T09:09:07","guid":{"rendered":"https:\/\/financing.ee\/?post_type=product&#038;p=3713"},"modified":"2025-09-23T05:59:54","modified_gmt":"2025-09-23T05:59:54","slug":"kusi-juristilt-nou","status":"publish","type":"product","link":"https:\/\/financing.ee\/en\/product\/kusi-juristilt-nou\/","title":{"rendered":"K\u00fcsi juristilt n\u00f5u"},"content":{"rendered":"<div data-elementor-type=\"wp-post\" data-elementor-id=\"3713\" class=\"elementor elementor-3713\" data-elementor-post-type=\"product\">\n\t\t\t\t\t\t<section class=\"elementor-section elementor-top-section elementor-element elementor-element-2e0dcf7 elementor-section-boxed elementor-section-height-default elementor-section-height-default\" data-id=\"2e0dcf7\" data-element_type=\"section\" data-e-type=\"section\">\n\t\t\t\t\t\t<div class=\"elementor-container elementor-column-gap-default\">\n\t\t\t\t\t<div class=\"elementor-column elementor-col-100 elementor-top-column elementor-element elementor-element-cd3712f\" data-id=\"cd3712f\" data-element_type=\"column\" data-e-type=\"column\">\n\t\t\t<div class=\"elementor-widget-wrap elementor-element-populated\">\n\t\t\t\t\t\t<div class=\"elementor-element elementor-element-d4be437 elementor-widget elementor-widget-spacer\" data-id=\"d4be437\" data-element_type=\"widget\" data-e-type=\"widget\" data-widget_type=\"spacer.default\">\n\t\t\t\t<div class=\"elementor-widget-container\">\n\t\t\t\t\t\t\t<div class=\"elementor-spacer\">\n\t\t\t<div class=\"elementor-spacer-inner\"><\/div>\n\t\t<\/div>\n\t\t\t\t\t\t<\/div>\n\t\t\t\t<\/div>\n\t\t\t\t\t<\/div>\n\t\t<\/div>\n\t\t\t\t\t<\/div>\n\t\t<\/section>\n\t\t\t\t<section class=\"elementor-section elementor-top-section elementor-element elementor-element-7c3b537 elementor-section-boxed elementor-section-height-default elementor-section-height-default\" data-id=\"7c3b537\" data-element_type=\"section\" data-e-type=\"section\">\n\t\t\t\t\t\t<div class=\"elementor-container elementor-column-gap-default\">\n\t\t\t\t\t<div class=\"elementor-column elementor-col-100 elementor-top-column elementor-element elementor-element-cb324ac\" data-id=\"cb324ac\" data-element_type=\"column\" data-e-type=\"column\">\n\t\t\t<div class=\"elementor-widget-wrap elementor-element-populated\">\n\t\t\t\t\t\t<div class=\"elementor-element elementor-element-6f1ecb1 elementor-widget elementor-widget-woocommerce-product-title elementor-page-title elementor-widget-heading\" data-id=\"6f1ecb1\" data-element_type=\"widget\" data-e-type=\"widget\" data-widget_type=\"woocommerce-product-title.default\">\n\t\t\t\t<div class=\"elementor-widget-container\">\n\t\t\t\t\t<h1 class=\"product_title entry-title elementor-heading-title elementor-size-default\">K\u00fcsi juristilt n\u00f5u<\/h1>\t\t\t\t<\/div>\n\t\t\t\t<\/div>\n\t\t\t\t<div class=\"elementor-element elementor-element-f3deb41 elementor-widget-divider--view-line elementor-widget elementor-widget-divider\" data-id=\"f3deb41\" data-element_type=\"widget\" data-e-type=\"widget\" data-widget_type=\"divider.default\">\n\t\t\t\t<div class=\"elementor-widget-container\">\n\t\t\t\t\t\t\t<div class=\"elementor-divider\">\n\t\t\t<span class=\"elementor-divider-separator\">\n\t\t\t\t\t\t<\/span>\n\t\t<\/div>\n\t\t\t\t\t\t<\/div>\n\t\t\t\t<\/div>\n\t\t\t\t\t<\/div>\n\t\t<\/div>\n\t\t\t\t\t<\/div>\n\t\t<\/section>\n\t\t\t\t<section class=\"elementor-section elementor-top-section elementor-element elementor-element-23b27ab5 elementor-reverse-mobile elementor-section-boxed elementor-section-height-default elementor-section-height-default\" data-id=\"23b27ab5\" data-element_type=\"section\" data-e-type=\"section\">\n\t\t\t\t\t\t<div class=\"elementor-container elementor-column-gap-default\">\n\t\t\t\t\t<div class=\"elementor-column elementor-col-50 elementor-top-column elementor-element elementor-element-ecee415\" data-id=\"ecee415\" data-element_type=\"column\" data-e-type=\"column\">\n\t\t\t<div class=\"elementor-widget-wrap elementor-element-populated\">\n\t\t\t\t\t\t<div class=\"elementor-element elementor-element-15886b2 elementor-hidden-phone elementor-widget elementor-widget-image\" data-id=\"15886b2\" data-element_type=\"widget\" data-e-type=\"widget\" data-widget_type=\"image.default\">\n\t\t\t\t<div class=\"elementor-widget-container\">\n\t\t\t\t\t\t\t\t\t\t\t\t\t\t\t<img fetchpriority=\"high\" decoding=\"async\" width=\"1024\" height=\"605\" src=\"https:\/\/financing.ee\/wp-content\/uploads\/2020\/06\/consult-3-1024x605.jpg\" class=\"attachment-large size-large wp-image-960\" alt=\"\" srcset=\"https:\/\/financing.ee\/wp-content\/uploads\/2020\/06\/consult-3-1024x605.jpg 1024w, https:\/\/financing.ee\/wp-content\/uploads\/2020\/06\/consult-3-300x177.jpg 300w, https:\/\/financing.ee\/wp-content\/uploads\/2020\/06\/consult-3-768x454.jpg 768w, https:\/\/financing.ee\/wp-content\/uploads\/2020\/06\/consult-3-600x355.jpg 600w, https:\/\/financing.ee\/wp-content\/uploads\/2020\/06\/consult-3.jpg 1200w\" sizes=\"(max-width: 1024px) 100vw, 1024px\" \/>\t\t\t\t\t\t\t\t\t\t\t\t\t\t\t<\/div>\n\t\t\t\t<\/div>\n\t\t\t\t\t<\/div>\n\t\t<\/div>\n\t\t\t\t<div class=\"elementor-column elementor-col-50 elementor-top-column elementor-element elementor-element-2a3e8ac7\" data-id=\"2a3e8ac7\" data-element_type=\"column\" data-e-type=\"column\">\n\t\t\t<div class=\"elementor-widget-wrap elementor-element-populated\">\n\t\t\t\t\t\t<div class=\"elementor-element elementor-element-0344353 elementor-widget elementor-widget-text-editor\" data-id=\"0344353\" data-element_type=\"widget\" data-e-type=\"widget\" data-widget_type=\"text-editor.default\">\n\t\t\t\t<div class=\"elementor-widget-container\">\n\t\t\t\t\t\t\t\t\t<h3 class=\"elementor-heading-title elementor-size-default elementor-inline-editing pen\" contenteditable=\"true\" data-elementor-setting-key=\"title\" data-pen-placeholder=\"Type Here...\">Hind 80\u20ac\u200b\/h<\/h3>\t\t\t\t\t\t\t\t<\/div>\n\t\t\t\t<\/div>\n\t\t\t\t<div class=\"elementor-element elementor-element-1f886fab elementor-widget elementor-widget-text-editor\" data-id=\"1f886fab\" data-element_type=\"widget\" data-e-type=\"widget\" data-widget_type=\"text-editor.default\">\n\t\t\t\t<div class=\"elementor-widget-container\">\n\t\t\t\t\t\t\t\t\t<p>Anname selged ja praktilised vastused erinevatele \u00f5igusalastele k\u00fcsimustele.<br \/>Meie eesm\u00e4rk on pakkuda professionaalset tuge nii ettev\u00f5tetele kui ka eraisikutele.<\/p><h3>Lepingute koostamine ja \u00fclevaatamine<\/h3><p>Aitame koostada ja \u00fcle vaadata t\u00f6\u00f6-, k\u00e4sundus- ning t\u00f6\u00f6v\u00f5tulepinguid, et tagada nende vastavus seadustele ja kaitsta sinu huve.<\/p><h3>Juhatuse liikme vastutus<\/h3><p>N\u00f5ustame juhatuse liikme vastutuse ja vastutuskindlustuse teemadel, et maandada riske ja ennetada v\u00f5imalikke probleeme.<\/p><h3>Kirjalikud vastused<\/h3><p>Jurist vastab sinu k\u00fcsimustele kirjalikult, et saaksid tugineda t\u00e4psetele ja l\u00e4bim\u00f5eldud selgitustele.<\/p><p><b>Kui vajad asjatundlikku n\u00f5u v\u00f5i lepingute korrektset vormistamist, v\u00f5ta julgelt \u00fchendust.<\/b><\/p>\t\t\t\t\t\t\t\t<\/div>\n\t\t\t\t<\/div>\n\t\t\t\t<div class=\"elementor-element elementor-element-4a8cc5a elementor-widget elementor-widget-button\" data-id=\"4a8cc5a\" data-element_type=\"widget\" data-e-type=\"widget\" data-widget_type=\"button.default\">\n\t\t\t\t<div class=\"elementor-widget-container\">\n\t\t\t\t\t\t\t\t\t<div class=\"elementor-button-wrapper\">\n\t\t\t\t\t<a class=\"elementor-button elementor-button-link elementor-size-sm\" href=\"https:\/\/financing.ee\/en\/raamatupidamine\/\">\n\t\t\t\t\t\t<span class=\"elementor-button-content-wrapper\">\n\t\t\t\t\t\t\t\t\t<span class=\"elementor-button-text\">V\u00f5ta \u00fchendust<\/span>\n\t\t\t\t\t<\/span>\n\t\t\t\t\t<\/a>\n\t\t\t\t<\/div>\n\t\t\t\t\t\t\t\t<\/div>\n\t\t\t\t<\/div>\n\t\t\t\t\t<\/div>\n\t\t<\/div>\n\t\t\t\t\t<\/div>\n\t\t<\/section>\n\t\t\t\t<section class=\"elementor-section elementor-top-section elementor-element elementor-element-83b4147 elementor-section-boxed elementor-section-height-default elementor-section-height-default\" data-id=\"83b4147\" data-element_type=\"section\" data-e-type=\"section\">\n\t\t\t\t\t\t<div class=\"elementor-container elementor-column-gap-default\">\n\t\t\t\t\t<div class=\"elementor-column elementor-col-100 elementor-top-column elementor-element elementor-element-4e9a868\" data-id=\"4e9a868\" data-element_type=\"column\" data-e-type=\"column\">\n\t\t\t<div class=\"elementor-widget-wrap elementor-element-populated\">\n\t\t\t\t\t\t<div class=\"elementor-element elementor-element-63ca8f3 elementor-widget elementor-widget-spacer\" data-id=\"63ca8f3\" data-element_type=\"widget\" data-e-type=\"widget\" data-widget_type=\"spacer.default\">\n\t\t\t\t<div class=\"elementor-widget-container\">\n\t\t\t\t\t\t\t<div class=\"elementor-spacer\">\n\t\t\t<div class=\"elementor-spacer-inner\"><\/div>\n\t\t<\/div>\n\t\t\t\t\t\t<\/div>\n\t\t\t\t<\/div>\n\t\t\t\t\t<\/div>\n\t\t<\/div>\n\t\t\t\t\t<\/div>\n\t\t<\/section>\n\t\t\t\t<\/div>","protected":false},"excerpt":{"rendered":"<p>Hind 80\u20ac\u200b\/h Anname selged ja praktilised vastused erinevatele \u00f5igusalastele k\u00fcsimustele. Meie eesm\u00e4rk on pakkuda professionaalset tuge nii ettev\u00f5tetele kui ka eraisikutele. Lepingute koostamine ja \u00fclevaatamine Aitame koostada ja \u00fcle vaadata t\u00f6\u00f6-, k\u00e4sundus- ning t\u00f6\u00f6v\u00f5tulepinguid, et tagada nende vastavus seadustele ja kaitsta sinu huve. Juhatuse liikme vastutus N\u00f5ustame juhatuse liikme vastutuse ja vastutuskindlustuse teemadel, et maandada [&hellip;]<\/p>\n","protected":false},"featured_media":960,"template":"elementor_header_footer","meta":{"site-sidebar-layout":"default","site-content-layout":"default","ast-site-content-layout":"default","site-content-style":"default","site-sidebar-style":"default","ast-global-header-display":"","ast-banner-title-visibility":"","ast-main-header-display":"","ast-hfb-above-header-display":"","ast-hfb-below-header-display":"","ast-hfb-mobile-header-display":"","site-post-title":"","ast-breadcrumbs-content":"disabled","ast-featured-img":"","footer-sml-layout":"","ast-disable-related-posts":"","theme-transparent-header-meta":"default","adv-header-id-meta":"","stick-header-meta":"","header-above-stick-meta":"","header-main-stick-meta":"","header-below-stick-meta":"","astra-migrate-meta-layouts":"set","ast-page-background-enabled":"default","ast-page-background-meta":{"desktop":{"background-color":"","background-image":"","background-repeat":"repeat","background-position":"center center","background-size":"auto","background-attachment":"scroll","background-type":"","background-media":"","overlay-type":"","overlay-color":"","overlay-opacity":"","overlay-gradient":""},"tablet":{"background-color":"","background-image":"","background-repeat":"repeat","background-position":"center center","background-size":"auto","background-attachment":"scroll","background-type":"","background-media":"","overlay-type":"","overlay-color":"","overlay-opacity":"","overlay-gradient":""},"mobile":{"background-color":"","background-image":"","background-repeat":"repeat","background-position":"center center","background-size":"auto","background-attachment":"scroll","background-type":"","background-media":"","overlay-type":"","overlay-color":"","overlay-opacity":"","overlay-gradient":""}},"ast-content-background-meta":{"desktop":{"background-color":"var(--ast-global-color-5)","background-image":"","background-repeat":"repeat","background-position":"center center","background-size":"auto","background-attachment":"scroll","background-type":"","background-media":"","overlay-type":"","overlay-color":"","overlay-opacity":"","overlay-gradient":""},"tablet":{"background-color":"var(--ast-global-color-5)","background-image":"","background-repeat":"repeat","background-position":"center center","background-size":"auto","background-attachment":"scroll","background-type":"","background-media":"","overlay-type":"","overlay-color":"","overlay-opacity":"","overlay-gradient":""},"mobile":{"background-color":"var(--ast-global-color-5)","background-image":"","background-repeat":"repeat","background-position":"center center","background-size":"auto","background-attachment":"scroll","background-type":"","background-media":"","overlay-type":"","overlay-color":"","overlay-opacity":"","overlay-gradient":""}}},"product_brand":[],"product_cat":[21],"product_tag":[23,45,22,44,24],"class_list":{"0":"post-3713","1":"product","2":"type-product","3":"status-publish","4":"has-post-thumbnail","6":"product_cat-maaramata","7":"product_tag-algajale-ettevotjale","8":"product_tag-finantsnoustamine","9":"product_tag-konsultatsioon","10":"product_tag-raamatupidamisteenus","11":"product_tag-vaikeettevotjale","12":"desktop-align-left","13":"tablet-align-left","14":"mobile-align-left","16":"first","17":"instock","18":"virtual","19":"purchasable","20":"product-type-simple"},"yoast_head":"<!-- This site is optimized with the Yoast SEO plugin v27.0 - https:\/\/yoast.com\/product\/yoast-seo-wordpress\/ -->\n<title>K\u00fcsi juristilt n\u00f5u - Financing &ndash; Raamatupidamisteenused<\/title>\n<meta name=\"description\" content=\"Lepingute koostamine ja \u00fclevaatamine - t\u00f6\u00f6-, k\u00e4sundus- ja t\u00f6\u00f6v\u00f5tulepingud, juhatuse liikme vastutus ning vastutuskindlustus ja muud \u00f5igusalased k\u00fcsimused.\" \/>\n<meta name=\"robots\" content=\"index, follow, max-snippet:-1, max-image-preview:large, max-video-preview:-1\" \/>\n<link rel=\"canonical\" href=\"https:\/\/financing.ee\/en\/product\/kusi-juristilt-nou\/\" \/>\n<meta property=\"og:locale\" content=\"en_GB\" \/>\n<meta property=\"og:type\" content=\"article\" \/>\n<meta property=\"og:title\" content=\"K\u00fcsi juristilt n\u00f5u - Financing &ndash; Raamatupidamisteenused\" \/>\n<meta property=\"og:description\" content=\"Lepingute koostamine ja \u00fclevaatamine - t\u00f6\u00f6-, k\u00e4sundus- ja t\u00f6\u00f6v\u00f5tulepingud, juhatuse liikme vastutus ning vastutuskindlustus ja muud \u00f5igusalased k\u00fcsimused.\" \/>\n<meta property=\"og:url\" content=\"https:\/\/financing.ee\/en\/product\/kusi-juristilt-nou\/\" \/>\n<meta property=\"og:site_name\" content=\"Financing &ndash; Raamatupidamisteenused\" \/>\n<meta property=\"article:publisher\" content=\"https:\/\/www.facebook.com\/myfinancing\" \/>\n<meta property=\"article:modified_time\" content=\"2025-09-23T05:59:54+00:00\" \/>\n<meta property=\"og:image\" content=\"https:\/\/financing.ee\/wp-content\/uploads\/2020\/06\/consult-3.jpg\" \/>\n\t<meta property=\"og:image:width\" content=\"1200\" \/>\n\t<meta property=\"og:image:height\" content=\"709\" \/>\n\t<meta property=\"og:image:type\" content=\"image\/jpeg\" \/>\n<meta name=\"twitter:card\" content=\"summary_large_image\" \/>\n<meta name=\"twitter:label1\" content=\"Estimated reading time\" \/>\n\t<meta name=\"twitter:data1\" content=\"1 minute\" \/>\n<script type=\"application\/ld+json\" class=\"yoast-schema-graph\">{\"@context\":\"https:\/\/schema.org\",\"@graph\":[{\"@type\":\"WebPage\",\"@id\":\"https:\/\/financing.ee\/et\/toode\/kusi-juristilt-nou\/\",\"url\":\"https:\/\/financing.ee\/et\/toode\/kusi-juristilt-nou\/\",\"name\":\"K\u00fcsi juristilt n\u00f5u - Financing &ndash; Raamatupidamisteenused\",\"isPartOf\":{\"@id\":\"https:\/\/financing.ee\/et\/#website\"},\"primaryImageOfPage\":{\"@id\":\"https:\/\/financing.ee\/et\/toode\/kusi-juristilt-nou\/#primaryimage\"},\"image\":{\"@id\":\"https:\/\/financing.ee\/et\/toode\/kusi-juristilt-nou\/#primaryimage\"},\"thumbnailUrl\":\"https:\/\/financing.ee\/wp-content\/uploads\/2020\/06\/consult-3.jpg\",\"datePublished\":\"2025-09-22T09:09:07+00:00\",\"dateModified\":\"2025-09-23T05:59:54+00:00\",\"description\":\"Lepingute koostamine ja \u00fclevaatamine - t\u00f6\u00f6-, k\u00e4sundus- ja t\u00f6\u00f6v\u00f5tulepingud, juhatuse liikme vastutus ning vastutuskindlustus ja muud \u00f5igusalased k\u00fcsimused.\",\"breadcrumb\":{\"@id\":\"https:\/\/financing.ee\/et\/toode\/kusi-juristilt-nou\/#breadcrumb\"},\"inLanguage\":\"en-GB\",\"potentialAction\":[{\"@type\":\"ReadAction\",\"target\":[\"https:\/\/financing.ee\/et\/toode\/kusi-juristilt-nou\/\"]}]},{\"@type\":\"ImageObject\",\"inLanguage\":\"en-GB\",\"@id\":\"https:\/\/financing.ee\/et\/toode\/kusi-juristilt-nou\/#primaryimage\",\"url\":\"https:\/\/financing.ee\/wp-content\/uploads\/2020\/06\/consult-3.jpg\",\"contentUrl\":\"https:\/\/financing.ee\/wp-content\/uploads\/2020\/06\/consult-3.jpg\",\"width\":1200,\"height\":709},{\"@type\":\"BreadcrumbList\",\"@id\":\"https:\/\/financing.ee\/et\/toode\/kusi-juristilt-nou\/#breadcrumb\",\"itemListElement\":[{\"@type\":\"ListItem\",\"position\":1,\"name\":\"Home\",\"item\":\"https:\/\/financing.ee\/et\/\"},{\"@type\":\"ListItem\",\"position\":2,\"name\":\"Pood\",\"item\":\"https:\/\/financing.ee\/pood\/\"},{\"@type\":\"ListItem\",\"position\":3,\"name\":\"K\u00fcsi juristilt n\u00f5u\"}]},{\"@type\":\"WebSite\",\"@id\":\"https:\/\/financing.ee\/et\/#website\",\"url\":\"https:\/\/financing.ee\/et\/\",\"name\":\"Financing &ndash; Raamatupidamisteenused\",\"description\":\"Raamatupidamisteenused\",\"publisher\":{\"@id\":\"https:\/\/financing.ee\/et\/#organization\"},\"potentialAction\":[{\"@type\":\"SearchAction\",\"target\":{\"@type\":\"EntryPoint\",\"urlTemplate\":\"https:\/\/financing.ee\/et\/?s={search_term_string}\"},\"query-input\":{\"@type\":\"PropertyValueSpecification\",\"valueRequired\":true,\"valueName\":\"search_term_string\"}}],\"inLanguage\":\"en-GB\"},{\"@type\":\"Organization\",\"@id\":\"https:\/\/financing.ee\/et\/#organization\",\"name\":\"Financing &ndash; Raamatupidamisteenused\",\"url\":\"https:\/\/financing.ee\/et\/\",\"logo\":{\"@type\":\"ImageObject\",\"inLanguage\":\"en-GB\",\"@id\":\"https:\/\/financing.ee\/et\/#\/schema\/logo\/image\/\",\"url\":\"https:\/\/financing.ee\/wp-content\/uploads\/2020\/05\/Financing_arukad_finantsotsused_RGB.svg\",\"contentUrl\":\"https:\/\/financing.ee\/wp-content\/uploads\/2020\/05\/Financing_arukad_finantsotsused_RGB.svg\",\"width\":425,\"height\":85,\"caption\":\"Financing &ndash; Raamatupidamisteenused\"},\"image\":{\"@id\":\"https:\/\/financing.ee\/et\/#\/schema\/logo\/image\/\"},\"sameAs\":[\"https:\/\/www.facebook.com\/myfinancing\"]}]}<\/script>\n<!-- \/ Yoast SEO plugin. -->","yoast_head_json":{"title":"K\u00fcsi juristilt n\u00f5u - Financing &ndash; Raamatupidamisteenused","description":"Lepingute koostamine ja \u00fclevaatamine - t\u00f6\u00f6-, k\u00e4sundus- ja t\u00f6\u00f6v\u00f5tulepingud, juhatuse liikme vastutus ning vastutuskindlustus ja muud \u00f5igusalased k\u00fcsimused.","robots":{"index":"index","follow":"follow","max-snippet":"max-snippet:-1","max-image-preview":"max-image-preview:large","max-video-preview":"max-video-preview:-1"},"canonical":"https:\/\/financing.ee\/en\/product\/kusi-juristilt-nou\/","og_locale":"en_GB","og_type":"article","og_title":"K\u00fcsi juristilt n\u00f5u - Financing &ndash; Raamatupidamisteenused","og_description":"Lepingute koostamine ja \u00fclevaatamine - t\u00f6\u00f6-, k\u00e4sundus- ja t\u00f6\u00f6v\u00f5tulepingud, juhatuse liikme vastutus ning vastutuskindlustus ja muud \u00f5igusalased k\u00fcsimused.","og_url":"https:\/\/financing.ee\/en\/product\/kusi-juristilt-nou\/","og_site_name":"Financing &ndash; Raamatupidamisteenused","article_publisher":"https:\/\/www.facebook.com\/myfinancing","article_modified_time":"2025-09-23T05:59:54+00:00","og_image":[{"width":1200,"height":709,"url":"https:\/\/financing.ee\/wp-content\/uploads\/2020\/06\/consult-3.jpg","type":"image\/jpeg"}],"twitter_card":"summary_large_image","twitter_misc":{"Estimated reading time":"1 minute"},"schema":{"@context":"https:\/\/schema.org","@graph":[{"@type":"WebPage","@id":"https:\/\/financing.ee\/et\/toode\/kusi-juristilt-nou\/","url":"https:\/\/financing.ee\/et\/toode\/kusi-juristilt-nou\/","name":"K\u00fcsi juristilt n\u00f5u - Financing &ndash; Raamatupidamisteenused","isPartOf":{"@id":"https:\/\/financing.ee\/et\/#website"},"primaryImageOfPage":{"@id":"https:\/\/financing.ee\/et\/toode\/kusi-juristilt-nou\/#primaryimage"},"image":{"@id":"https:\/\/financing.ee\/et\/toode\/kusi-juristilt-nou\/#primaryimage"},"thumbnailUrl":"https:\/\/financing.ee\/wp-content\/uploads\/2020\/06\/consult-3.jpg","datePublished":"2025-09-22T09:09:07+00:00","dateModified":"2025-09-23T05:59:54+00:00","description":"Lepingute koostamine ja \u00fclevaatamine - t\u00f6\u00f6-, k\u00e4sundus- ja t\u00f6\u00f6v\u00f5tulepingud, juhatuse liikme vastutus ning vastutuskindlustus ja muud \u00f5igusalased k\u00fcsimused.","breadcrumb":{"@id":"https:\/\/financing.ee\/et\/toode\/kusi-juristilt-nou\/#breadcrumb"},"inLanguage":"en-GB","potentialAction":[{"@type":"ReadAction","target":["https:\/\/financing.ee\/et\/toode\/kusi-juristilt-nou\/"]}]},{"@type":"ImageObject","inLanguage":"en-GB","@id":"https:\/\/financing.ee\/et\/toode\/kusi-juristilt-nou\/#primaryimage","url":"https:\/\/financing.ee\/wp-content\/uploads\/2020\/06\/consult-3.jpg","contentUrl":"https:\/\/financing.ee\/wp-content\/uploads\/2020\/06\/consult-3.jpg","width":1200,"height":709},{"@type":"BreadcrumbList","@id":"https:\/\/financing.ee\/et\/toode\/kusi-juristilt-nou\/#breadcrumb","itemListElement":[{"@type":"ListItem","position":1,"name":"Home","item":"https:\/\/financing.ee\/et\/"},{"@type":"ListItem","position":2,"name":"Pood","item":"https:\/\/financing.ee\/pood\/"},{"@type":"ListItem","position":3,"name":"K\u00fcsi juristilt n\u00f5u"}]},{"@type":"WebSite","@id":"https:\/\/financing.ee\/et\/#website","url":"https:\/\/financing.ee\/et\/","name":"Financing &ndash; Raamatupidamisteenused","description":"Raamatupidamisteenused","publisher":{"@id":"https:\/\/financing.ee\/et\/#organization"},"potentialAction":[{"@type":"SearchAction","target":{"@type":"EntryPoint","urlTemplate":"https:\/\/financing.ee\/et\/?s={search_term_string}"},"query-input":{"@type":"PropertyValueSpecification","valueRequired":true,"valueName":"search_term_string"}}],"inLanguage":"en-GB"},{"@type":"Organization","@id":"https:\/\/financing.ee\/et\/#organization","name":"Financing &ndash; Raamatupidamisteenused","url":"https:\/\/financing.ee\/et\/","logo":{"@type":"ImageObject","inLanguage":"en-GB","@id":"https:\/\/financing.ee\/et\/#\/schema\/logo\/image\/","url":"https:\/\/financing.ee\/wp-content\/uploads\/2020\/05\/Financing_arukad_finantsotsused_RGB.svg","contentUrl":"https:\/\/financing.ee\/wp-content\/uploads\/2020\/05\/Financing_arukad_finantsotsused_RGB.svg","width":425,"height":85,"caption":"Financing &ndash; Raamatupidamisteenused"},"image":{"@id":"https:\/\/financing.ee\/et\/#\/schema\/logo\/image\/"},"sameAs":["https:\/\/www.facebook.com\/myfinancing"]}]}},"_links":{"self":[{"href":"https:\/\/financing.ee\/en\/wp-json\/wp\/v2\/product\/3713","targetHints":{"allow":["GET"]}}],"collection":[{"href":"https:\/\/financing.ee\/en\/wp-json\/wp\/v2\/product"}],"about":[{"href":"https:\/\/financing.ee\/en\/wp-json\/wp\/v2\/types\/product"}],"version-history":[{"count":34,"href":"https:\/\/financing.ee\/en\/wp-json\/wp\/v2\/product\/3713\/revisions"}],"predecessor-version":[{"id":3767,"href":"https:\/\/financing.ee\/en\/wp-json\/wp\/v2\/product\/3713\/revisions\/3767"}],"wp:featuredmedia":[{"embeddable":true,"href":"https:\/\/financing.ee\/en\/wp-json\/wp\/v2\/media\/960"}],"wp:attachment":[{"href":"https:\/\/financing.ee\/en\/wp-json\/wp\/v2\/media?parent=3713"}],"wp:term":[{"taxonomy":"product_brand","embeddable":true,"href":"https:\/\/financing.ee\/en\/wp-json\/wp\/v2\/product_brand?post=3713"},{"taxonomy":"product_cat","embeddable":true,"href":"https:\/\/financing.ee\/en\/wp-json\/wp\/v2\/product_cat?post=3713"},{"taxonomy":"product_tag","embeddable":true,"href":"https:\/\/financing.ee\/en\/wp-json\/wp\/v2\/product_tag?post=3713"}],"curies":[{"name":"wp","href":"https:\/\/api.w.org\/{rel}","templated":true}]}}