{"id":343,"date":"2018-10-15T14:27:33","date_gmt":"2018-10-15T14:27:33","guid":{"rendered":"https:\/\/financing.ee\/?page_id=343"},"modified":"2026-02-26T09:29:54","modified_gmt":"2026-02-26T09:29:54","slug":"raamatupidamine-alustavale-ettevottele","status":"publish","type":"page","link":"https:\/\/financing.ee\/et\/raamatupidamine-alustavale-ettevottele\/","title":{"rendered":"Raamatupidamine alustavale ettev\u00f5ttele"},"content":{"rendered":"\t\t<div data-elementor-type=\"wp-post\" data-elementor-id=\"343\" class=\"elementor elementor-343\" data-elementor-post-type=\"page\">\n\t\t\t\t\t\t<section class=\"elementor-section elementor-top-section elementor-element elementor-element-93941ab elementor-section-boxed elementor-section-height-default elementor-section-height-default\" data-id=\"93941ab\" data-element_type=\"section\" data-e-type=\"section\" data-settings=\"{&quot;background_background&quot;:&quot;classic&quot;}\">\n\t\t\t\t\t\t\t<div class=\"elementor-background-overlay\"><\/div>\n\t\t\t\t\t\t\t<div class=\"elementor-container elementor-column-gap-default\">\n\t\t\t\t\t<div class=\"elementor-column elementor-col-50 elementor-top-column elementor-element elementor-element-666af98\" data-id=\"666af98\" data-element_type=\"column\" data-e-type=\"column\">\n\t\t\t<div class=\"elementor-widget-wrap elementor-element-populated\">\n\t\t\t\t\t\t<div class=\"elementor-element elementor-element-791830a elementor-widget elementor-widget-image\" data-id=\"791830a\" data-element_type=\"widget\" data-e-type=\"widget\" data-widget_type=\"image.default\">\n\t\t\t\t<div class=\"elementor-widget-container\">\n\t\t\t\t\t\t\t\t\t\t\t\t\t\t\t<img decoding=\"async\" src=\"https:\/\/financing.ee\/wp-content\/uploads\/2022\/11\/raamatupidamine-alustavale-ettevottele_valge.svg\" class=\"attachment-full size-full wp-image-3255\" alt=\"\" \/>\t\t\t\t\t\t\t\t\t\t\t\t\t\t\t<\/div>\n\t\t\t\t<\/div>\n\t\t\t\t\t<\/div>\n\t\t<\/div>\n\t\t\t\t<div class=\"elementor-column elementor-col-50 elementor-top-column elementor-element elementor-element-e3f9517\" data-id=\"e3f9517\" data-element_type=\"column\" data-e-type=\"column\">\n\t\t\t<div class=\"elementor-widget-wrap elementor-element-populated\">\n\t\t\t\t\t\t<div class=\"elementor-element elementor-element-219414e elementor-widget elementor-widget-heading\" data-id=\"219414e\" data-element_type=\"widget\" data-e-type=\"widget\" data-widget_type=\"heading.default\">\n\t\t\t\t<div class=\"elementor-widget-container\">\n\t\t\t\t\t<h1 class=\"elementor-heading-title elementor-size-default\">Raamatupidamine alustavale ettev\u00f5ttele<\/h1>\t\t\t\t<\/div>\n\t\t\t\t<\/div>\n\t\t\t\t\t<\/div>\n\t\t<\/div>\n\t\t\t\t\t<\/div>\n\t\t<\/section>\n\t\t\t\t<section class=\"elementor-section elementor-top-section elementor-element elementor-element-8bd31c1 elementor-section-boxed elementor-section-height-default elementor-section-height-default\" data-id=\"8bd31c1\" data-element_type=\"section\" data-e-type=\"section\">\n\t\t\t\t\t\t<div class=\"elementor-container elementor-column-gap-default\">\n\t\t\t\t\t<div class=\"elementor-column elementor-col-100 elementor-top-column elementor-element elementor-element-42881df\" data-id=\"42881df\" data-element_type=\"column\" data-e-type=\"column\">\n\t\t\t<div class=\"elementor-widget-wrap elementor-element-populated\">\n\t\t\t\t\t\t<div class=\"elementor-element elementor-element-23cda40 elementor-widget elementor-widget-text-editor\" data-id=\"23cda40\" data-element_type=\"widget\" data-e-type=\"widget\" data-widget_type=\"text-editor.default\">\n\t\t\t\t<div class=\"elementor-widget-container\">\n\t\t\t\t\t\t\t\t\t<h4>Tihti on nii, et v\u00e4ga hea idee on olemas, luuakse ettev\u00f5te ja hakatakse tegutsema. Raamatupidamine j\u00e4\u00e4b teisej\u00e4rguliseks, sest turundus ja m\u00fc\u00fck v\u00f5tavad oma aja. Ja need ju ongi k\u00f5ige t\u00e4htsamad ettev\u00f5tte kiireks arenguks.<\/h4>\t\t\t\t\t\t\t\t<\/div>\n\t\t\t\t<\/div>\n\t\t\t\t\t<\/div>\n\t\t<\/div>\n\t\t\t\t\t<\/div>\n\t\t<\/section>\n\t\t\t\t<section class=\"elementor-section elementor-top-section elementor-element elementor-element-18e38a6 elementor-section-boxed elementor-section-height-default elementor-section-height-default\" data-id=\"18e38a6\" data-element_type=\"section\" data-e-type=\"section\">\n\t\t\t\t\t\t<div class=\"elementor-container elementor-column-gap-default\">\n\t\t\t\t\t<div class=\"elementor-column elementor-col-50 elementor-top-column elementor-element elementor-element-11e33a9\" data-id=\"11e33a9\" data-element_type=\"column\" data-e-type=\"column\" data-settings=\"{&quot;background_background&quot;:&quot;classic&quot;}\">\n\t\t\t<div class=\"elementor-widget-wrap elementor-element-populated\">\n\t\t\t\t\t\t<div class=\"elementor-element elementor-element-98ee95b elementor-widget elementor-widget-heading\" data-id=\"98ee95b\" data-element_type=\"widget\" data-e-type=\"widget\" data-widget_type=\"heading.default\">\n\t\t\t\t<div class=\"elementor-widget-container\">\n\t\t\t\t\t<h5 class=\"elementor-heading-title elementor-size-default\">1. RAAMATUPIDAMINE IGAKUISELT <\/h5>\t\t\t\t<\/div>\n\t\t\t\t<\/div>\n\t\t\t\t<div class=\"elementor-element elementor-element-ba26ef0 elementor-widget elementor-widget-text-editor\" data-id=\"ba26ef0\" data-element_type=\"widget\" data-e-type=\"widget\" data-widget_type=\"text-editor.default\">\n\t\t\t\t<div class=\"elementor-widget-container\">\n\t\t\t\t\t\t\t\t\t<p>V\u00e4ga arukas oleks raamatupidamine algusest peale jooksma saada. See annab v\u00f5imaluse j\u00e4lgida ettev\u00f5tte finantstulemusi, tulusid ja kulusid ning vastavalt nendele edasisi otsuseid teha.<\/p><p><b>Selleks pakume j\u00e4rgmiseid teenuseid:<br \/><\/b>&#8212; Ettev\u00f5tte asutamine rik.ee keskkonnas<\/p><p><span style=\"font-size: 14px;\">&#8212; M\u00fc\u00fcgiarve vormi loomine (vajadusel aitame disainida logo)<\/span><\/p><p>&#8212; Kontoplaani koostamine (tavaliselt kasutatakse standardset kontoplaani)<\/p><p>&#8212; Raamatupidamise teostamine<br \/>&#8212; Deklaratsioonide esitamine<br \/>&#8212; Aastaaruande koostamine ja esitamine<\/p><p>Kui tegutsemise algusperioodil on v\u00e4he arveid v\u00f5i neid ei olegi, esitame vaid deklaratsioonid.\u00a0<\/p><p>T\u00f6\u00f6de eest tasumine toimub kandep\u00f5hiselt, st et kui sul on 5 arvet ja 5 makset kuus, siis kuuarve tuleb ca 10 eurot. Selline lahendus on k\u00f5ige m\u00f5istlikum. Ei mingit fikseeritud hinda.<\/p><p><a href=\"https:\/\/financing.ee\/et\/raamatupidamine\/\"><b>K\u00fcsi pakkumist &gt;&gt;<\/b><\/a><\/p>\t\t\t\t\t\t\t\t<\/div>\n\t\t\t\t<\/div>\n\t\t\t\t\t<\/div>\n\t\t<\/div>\n\t\t\t\t<div class=\"elementor-column elementor-col-50 elementor-top-column elementor-element elementor-element-1b0a463\" data-id=\"1b0a463\" data-element_type=\"column\" data-e-type=\"column\" data-settings=\"{&quot;background_background&quot;:&quot;classic&quot;}\">\n\t\t\t<div class=\"elementor-widget-wrap elementor-element-populated\">\n\t\t\t\t\t\t<div class=\"elementor-element elementor-element-683b77b elementor-widget elementor-widget-heading\" data-id=\"683b77b\" data-element_type=\"widget\" data-e-type=\"widget\" data-widget_type=\"heading.default\">\n\t\t\t\t<div class=\"elementor-widget-container\">\n\t\t\t\t\t<h5 class=\"elementor-heading-title elementor-size-default\">2. RAAMATUPIDAMINE PABERIKOGUJALE <\/h5>\t\t\t\t<\/div>\n\t\t\t\t<\/div>\n\t\t\t\t<div class=\"elementor-element elementor-element-af9d38b elementor-widget elementor-widget-text-editor\" data-id=\"af9d38b\" data-element_type=\"widget\" data-e-type=\"widget\" data-widget_type=\"text-editor.default\">\n\t\t\t\t<div class=\"elementor-widget-container\">\n\t\t\t\t\t\t\t\t\t<p>Kui sa ei ole k\u00e4ibemaksukohustuslane ning sul puuduvad t\u00f6\u00f6tajad, v\u00f5id sa kokku \u00a0koguda kvartali, poolaasta v\u00f5i terve aasta arved ja t\u0161ekid ning tuua\/saata need meile.\u00a0<\/p><p>Oma praktikas oleme selliseid olukordi n\u00e4inud v\u00e4ga palju, kus tullakse suure jalatsikarbiga ning soovitakse kogu aasta raamatupidamist koos aastaaruandega.<\/p><p><b>Selleks pakume j\u00e4rgmist:<br \/><\/b>&#8212; Vaatame kogu dokumentatsiooni l\u00e4bi<br \/>&#8212; Anal\u00fc\u00fcsime pangav\u00e4ljav\u00f5tteid<br \/>&#8212; Teeme oma ettepanekud, kuidas raamatupidamist k\u00f5ige paremini korraldada<br \/>&#8212; Koostame kandep\u00f5hise hinnapakkumise (detailne pakkumine vastavalt kannete arvule)<br \/>&#8212; Teostame raamatupidamise<\/p><p>&#8212; Esitame aruanded<\/p><p><a href=\"https:\/\/financing.ee\/et\/raamatupidamine\/\"><b>K\u00fcsi pakkumist &gt;&gt;<\/b><\/a><\/p>\t\t\t\t\t\t\t\t<\/div>\n\t\t\t\t<\/div>\n\t\t\t\t\t<\/div>\n\t\t<\/div>\n\t\t\t\t\t<\/div>\n\t\t<\/section>\n\t\t\t\t<section class=\"elementor-section elementor-top-section elementor-element elementor-element-bc3705a elementor-section-boxed elementor-section-height-default elementor-section-height-default\" data-id=\"bc3705a\" data-element_type=\"section\" data-e-type=\"section\">\n\t\t\t\t\t\t<div class=\"elementor-container elementor-column-gap-default\">\n\t\t\t\t\t<div class=\"elementor-column elementor-col-50 elementor-top-column elementor-element elementor-element-64b3034\" data-id=\"64b3034\" data-element_type=\"column\" data-e-type=\"column\" data-settings=\"{&quot;background_background&quot;:&quot;classic&quot;}\">\n\t\t\t<div class=\"elementor-widget-wrap elementor-element-populated\">\n\t\t\t\t\t\t<div class=\"elementor-element elementor-element-b4d0745 elementor-widget elementor-widget-heading\" data-id=\"b4d0745\" data-element_type=\"widget\" data-e-type=\"widget\" data-widget_type=\"heading.default\">\n\t\t\t\t<div class=\"elementor-widget-container\">\n\t\t\t\t\t<h5 class=\"elementor-heading-title elementor-size-default\">3. RAAMATUPIDAMISE KORRASTAMINE <\/h5>\t\t\t\t<\/div>\n\t\t\t\t<\/div>\n\t\t\t\t<div class=\"elementor-element elementor-element-41042f5 elementor-widget elementor-widget-text-editor\" data-id=\"41042f5\" data-element_type=\"widget\" data-e-type=\"widget\" data-widget_type=\"text-editor.default\">\n\t\t\t\t<div class=\"elementor-widget-container\">\n\t\t\t\t\t\t\t\t\t<p>Kui sa oled otsustanud ise oma ettev\u00f5tte raamatupidamist teha, kuid oled mingil hetkel j\u00e4nni j\u00e4\u00e4nud ning soovid p\u00f6\u00f6rduda teadjamate poole, siis see on v\u00e4ga \u00f5ige m\u00f5te. Meilt saad sa tellida raamatupidamise korrastamise teenust.<\/p><p><b>Selleks pakume j\u00e4rgmist:<\/b><\/p><p>&#8212; Vaatame \u00fcle, mis on tehtud ja mis on tegemata<br \/>&#8212; Anal\u00fc\u00fcsime kui suuremahuliselt on vaja parandusi teha<br \/>&#8212; Teeme sulle detailse hinnapakkumise t\u00f6\u00f6de kirjeldusega<\/p><p>&#8212; Teostame raamatupidamise<\/p><p>&#8212; Esitame vajalikud aruanded<br \/>&#8212; Anname n\u00f5u, kuidas edaspidi raamatupidamist paremini korraldada<br \/>&#8212; Teeme esmase koolituse, kui soovid iseseisvalt raamatupidamist\u00f6id j\u00e4tkata<\/p><p><a href=\"https:\/\/financing.ee\/et\/raamatupidamine\/\"><b>K\u00fcsi pakkumist &gt;&gt;<\/b><\/a><\/p>\t\t\t\t\t\t\t\t<\/div>\n\t\t\t\t<\/div>\n\t\t\t\t\t<\/div>\n\t\t<\/div>\n\t\t\t\t<div class=\"elementor-column elementor-col-50 elementor-top-column elementor-element elementor-element-0016f75\" data-id=\"0016f75\" data-element_type=\"column\" data-e-type=\"column\" data-settings=\"{&quot;background_background&quot;:&quot;classic&quot;}\">\n\t\t\t<div class=\"elementor-widget-wrap elementor-element-populated\">\n\t\t\t\t\t\t<div class=\"elementor-element elementor-element-f6345d5 elementor-widget elementor-widget-heading\" data-id=\"f6345d5\" data-element_type=\"widget\" data-e-type=\"widget\" data-widget_type=\"heading.default\">\n\t\t\t\t<div class=\"elementor-widget-container\">\n\t\t\t\t\t<h5 class=\"elementor-heading-title elementor-size-default\">4. RAAMATUPIDAMINE NULL-TEGEVUSE JUURES <\/h5>\t\t\t\t<\/div>\n\t\t\t\t<\/div>\n\t\t\t\t<div class=\"elementor-element elementor-element-b4bdf48 elementor-widget elementor-widget-text-editor\" data-id=\"b4bdf48\" data-element_type=\"widget\" data-e-type=\"widget\" data-widget_type=\"text-editor.default\">\n\t\t\t\t<div class=\"elementor-widget-container\">\n\t\t\t\t\t\t\t\t\t<p>Sa oled loonud ettev\u00f5tte, kuid tegevus ei ole veel t\u00e4iel tuuril k\u00e4ima l\u00e4inud. Aga aastaaruandeid tuleb sellegipoolest esitada. \u00a0<\/p><p><b>Selleks pakume sulle aastaaruande esitamise teenust. <br \/><\/b>Esitame kogu vajaliku informatsiooni, mida \u00c4riregistris n\u00f5utakse.<\/p><p><a href=\"https:\/\/financing.ee\/et\/raamatupidamine\/\"><b>K\u00fcsi pakkumist &gt;&gt;<\/b><\/a><\/p>\t\t\t\t\t\t\t\t<\/div>\n\t\t\t\t<\/div>\n\t\t\t\t\t<\/div>\n\t\t<\/div>\n\t\t\t\t\t<\/div>\n\t\t<\/section>\n\t\t\t\t<section class=\"elementor-section elementor-top-section elementor-element elementor-element-16632d5 elementor-section-boxed elementor-section-height-default elementor-section-height-default\" data-id=\"16632d5\" data-element_type=\"section\" data-e-type=\"section\">\n\t\t\t\t\t\t<div class=\"elementor-container elementor-column-gap-default\">\n\t\t\t\t\t<div class=\"elementor-column elementor-col-100 elementor-top-column elementor-element elementor-element-134fd1b\" data-id=\"134fd1b\" data-element_type=\"column\" data-e-type=\"column\">\n\t\t\t<div class=\"elementor-widget-wrap elementor-element-populated\">\n\t\t\t\t\t\t<div class=\"elementor-element elementor-element-e44c9c5 elementor-widget elementor-widget-spacer\" data-id=\"e44c9c5\" data-element_type=\"widget\" data-e-type=\"widget\" data-widget_type=\"spacer.default\">\n\t\t\t\t<div class=\"elementor-widget-container\">\n\t\t\t\t\t\t\t<div class=\"elementor-spacer\">\n\t\t\t<div class=\"elementor-spacer-inner\"><\/div>\n\t\t<\/div>\n\t\t\t\t\t\t<\/div>\n\t\t\t\t<\/div>\n\t\t\t\t\t<\/div>\n\t\t<\/div>\n\t\t\t\t\t<\/div>\n\t\t<\/section>\n\t\t\t\t<\/div>\n\t\t","protected":false},"excerpt":{"rendered":"<p>Raamatupidamine alustavale ettev\u00f5ttele Tihti on nii, et v\u00e4ga hea idee on olemas, luuakse ettev\u00f5te ja hakatakse tegutsema. Raamatupidamine j\u00e4\u00e4b teisej\u00e4rguliseks, sest turundus ja m\u00fc\u00fck v\u00f5tavad oma aja. Ja need ju ongi k\u00f5ige t\u00e4htsamad ettev\u00f5tte kiireks arenguks. 1. RAAMATUPIDAMINE IGAKUISELT V\u00e4ga arukas oleks raamatupidamine algusest peale jooksma saada. See annab v\u00f5imaluse j\u00e4lgida ettev\u00f5tte finantstulemusi, tulusid ja [&hellip;]<\/p>\n","protected":false},"author":1,"featured_media":0,"parent":0,"menu_order":0,"comment_status":"closed","ping_status":"closed","template":"","meta":{"site-sidebar-layout":"no-sidebar","site-content-layout":"page-builder","ast-site-content-layout":"full-width-container","site-content-style":"unboxed","site-sidebar-style":"unboxed","ast-global-header-display":"","ast-banner-title-visibility":"","ast-main-header-display":"","ast-hfb-above-header-display":"","ast-hfb-below-header-display":"","ast-hfb-mobile-header-display":"","site-post-title":"disabled","ast-breadcrumbs-content":"","ast-featured-img":"disabled","footer-sml-layout":"","ast-disable-related-posts":"","theme-transparent-header-meta":"default","adv-header-id-meta":"","stick-header-meta":"","header-above-stick-meta":"","header-main-stick-meta":"","header-below-stick-meta":"","astra-migrate-meta-layouts":"set","ast-page-background-enabled":"default","ast-page-background-meta":{"desktop":{"background-color":"","background-image":"","background-repeat":"repeat","background-position":"center center","background-size":"auto","background-attachment":"scroll","background-type":"","background-media":"","overlay-type":"","overlay-color":"","overlay-opacity":"","overlay-gradient":""},"tablet":{"background-color":"","background-image":"","background-repeat":"repeat","background-position":"center center","background-size":"auto","background-attachment":"scroll","background-type":"","background-media":"","overlay-type":"","overlay-color":"","overlay-opacity":"","overlay-gradient":""},"mobile":{"background-color":"","background-image":"","background-repeat":"repeat","background-position":"center center","background-size":"auto","background-attachment":"scroll","background-type":"","background-media":"","overlay-type":"","overlay-color":"","overlay-opacity":"","overlay-gradient":""}},"ast-content-background-meta":{"desktop":{"background-color":"var(--ast-global-color-5)","background-image":"","background-repeat":"repeat","background-position":"center center","background-size":"auto","background-attachment":"scroll","background-type":"","background-media":"","overlay-type":"","overlay-color":"","overlay-opacity":"","overlay-gradient":""},"tablet":{"background-color":"var(--ast-global-color-5)","background-image":"","background-repeat":"repeat","background-position":"center center","background-size":"auto","background-attachment":"scroll","background-type":"","background-media":"","overlay-type":"","overlay-color":"","overlay-opacity":"","overlay-gradient":""},"mobile":{"background-color":"var(--ast-global-color-5)","background-image":"","background-repeat":"repeat","background-position":"center center","background-size":"auto","background-attachment":"scroll","background-type":"","background-media":"","overlay-type":"","overlay-color":"","overlay-opacity":"","overlay-gradient":""}},"footnotes":""},"class_list":["post-343","page","type-page","status-publish","hentry"],"yoast_head":"<!-- This site is optimized with the Yoast SEO plugin v27.0 - https:\/\/yoast.com\/product\/yoast-seo-wordpress\/ -->\n<title>Raamatupidamine alustavale ettev\u00f5ttele | Financing abi<\/title>\n<meta name=\"description\" content=\"Professionaalne raamatupidamine alustavatele ettev\u00f5tetele \u2013 Financing pakub lahendusi finantside korrashoidmiseks ja vigade v\u00e4ltimiseks.\" \/>\n<meta name=\"robots\" content=\"index, follow, max-snippet:-1, max-image-preview:large, max-video-preview:-1\" \/>\n<link rel=\"canonical\" href=\"https:\/\/financing.ee\/et\/raamatupidamine-alustavale-ettevottele\/\" \/>\n<meta property=\"og:locale\" content=\"et_EE\" \/>\n<meta property=\"og:type\" content=\"article\" \/>\n<meta property=\"og:title\" content=\"Raamatupidamine alustavale ettev\u00f5ttele\" \/>\n<meta property=\"og:description\" content=\"Raamatupidamine alustavale ettev\u00f5ttele - kuidas alustada ja millega arvestada? Milliseid kulusid saad maksuvabalt h\u00fcvitada? Kas maksta palka v\u00f5i dividende?\" \/>\n<meta property=\"og:url\" content=\"https:\/\/financing.ee\/et\/raamatupidamine-alustavale-ettevottele\/\" \/>\n<meta property=\"og:site_name\" content=\"Financing &ndash; Raamatupidamisteenused\" \/>\n<meta property=\"article:publisher\" content=\"https:\/\/www.facebook.com\/myfinancing\" \/>\n<meta property=\"article:modified_time\" content=\"2026-02-26T09:29:54+00:00\" \/>\n<meta property=\"og:image\" content=\"https:\/\/financing.ee\/wp-content\/uploads\/2022\/07\/financing_5.jpg\" \/>\n\t<meta property=\"og:image:width\" content=\"2500\" \/>\n\t<meta property=\"og:image:height\" content=\"1667\" \/>\n\t<meta property=\"og:image:type\" content=\"image\/jpeg\" \/>\n<meta name=\"twitter:card\" content=\"summary_large_image\" \/>\n<meta name=\"twitter:label1\" content=\"Est. reading time\" \/>\n\t<meta name=\"twitter:data1\" content=\"3 minutit\" \/>\n<script type=\"application\/ld+json\" class=\"yoast-schema-graph\">{\"@context\":\"https:\/\/schema.org\",\"@graph\":[{\"@type\":\"WebPage\",\"@id\":\"https:\/\/financing.ee\/raamatupidamine-alustavale-ettevottele\/\",\"url\":\"https:\/\/financing.ee\/raamatupidamine-alustavale-ettevottele\/\",\"name\":\"Raamatupidamine alustavale ettev\u00f5ttele | Financing abi\",\"isPartOf\":{\"@id\":\"https:\/\/financing.ee\/et\/#website\"},\"primaryImageOfPage\":{\"@id\":\"https:\/\/financing.ee\/raamatupidamine-alustavale-ettevottele\/#primaryimage\"},\"image\":{\"@id\":\"https:\/\/financing.ee\/raamatupidamine-alustavale-ettevottele\/#primaryimage\"},\"thumbnailUrl\":\"https:\/\/financing.ee\/wp-content\/uploads\/2022\/11\/raamatupidamine-alustavale-ettevottele_valge.svg\",\"datePublished\":\"2018-10-15T14:27:33+00:00\",\"dateModified\":\"2026-02-26T09:29:54+00:00\",\"description\":\"Professionaalne raamatupidamine alustavatele ettev\u00f5tetele \u2013 Financing pakub lahendusi finantside korrashoidmiseks ja vigade v\u00e4ltimiseks.\",\"breadcrumb\":{\"@id\":\"https:\/\/financing.ee\/raamatupidamine-alustavale-ettevottele\/#breadcrumb\"},\"inLanguage\":\"et\",\"potentialAction\":[{\"@type\":\"ReadAction\",\"target\":[\"https:\/\/financing.ee\/raamatupidamine-alustavale-ettevottele\/\"]}]},{\"@type\":\"ImageObject\",\"inLanguage\":\"et\",\"@id\":\"https:\/\/financing.ee\/raamatupidamine-alustavale-ettevottele\/#primaryimage\",\"url\":\"https:\/\/financing.ee\/wp-content\/uploads\/2022\/11\/raamatupidamine-alustavale-ettevottele_valge.svg\",\"contentUrl\":\"https:\/\/financing.ee\/wp-content\/uploads\/2022\/11\/raamatupidamine-alustavale-ettevottele_valge.svg\"},{\"@type\":\"BreadcrumbList\",\"@id\":\"https:\/\/financing.ee\/raamatupidamine-alustavale-ettevottele\/#breadcrumb\",\"itemListElement\":[{\"@type\":\"ListItem\",\"position\":1,\"name\":\"Home\",\"item\":\"https:\/\/financing.ee\/et\/\"},{\"@type\":\"ListItem\",\"position\":2,\"name\":\"Raamatupidamine alustavale ettev\u00f5ttele\"}]},{\"@type\":\"WebSite\",\"@id\":\"https:\/\/financing.ee\/et\/#website\",\"url\":\"https:\/\/financing.ee\/et\/\",\"name\":\"Financing &ndash; Raamatupidamisteenused\",\"description\":\"Raamatupidamisteenused\",\"publisher\":{\"@id\":\"https:\/\/financing.ee\/et\/#organization\"},\"potentialAction\":[{\"@type\":\"SearchAction\",\"target\":{\"@type\":\"EntryPoint\",\"urlTemplate\":\"https:\/\/financing.ee\/et\/?s={search_term_string}\"},\"query-input\":{\"@type\":\"PropertyValueSpecification\",\"valueRequired\":true,\"valueName\":\"search_term_string\"}}],\"inLanguage\":\"et\"},{\"@type\":\"Organization\",\"@id\":\"https:\/\/financing.ee\/et\/#organization\",\"name\":\"Financing &ndash; Raamatupidamisteenused\",\"url\":\"https:\/\/financing.ee\/et\/\",\"logo\":{\"@type\":\"ImageObject\",\"inLanguage\":\"et\",\"@id\":\"https:\/\/financing.ee\/et\/#\/schema\/logo\/image\/\",\"url\":\"https:\/\/financing.ee\/wp-content\/uploads\/2020\/05\/Financing_arukad_finantsotsused_RGB.svg\",\"contentUrl\":\"https:\/\/financing.ee\/wp-content\/uploads\/2020\/05\/Financing_arukad_finantsotsused_RGB.svg\",\"width\":425,\"height\":85,\"caption\":\"Financing &ndash; Raamatupidamisteenused\"},\"image\":{\"@id\":\"https:\/\/financing.ee\/et\/#\/schema\/logo\/image\/\"},\"sameAs\":[\"https:\/\/www.facebook.com\/myfinancing\"]}]}<\/script>\n<!-- \/ Yoast SEO plugin. -->","yoast_head_json":{"title":"Raamatupidamine alustavale ettev\u00f5ttele | Financing abi","description":"Professionaalne raamatupidamine alustavatele ettev\u00f5tetele \u2013 Financing pakub lahendusi finantside korrashoidmiseks ja vigade v\u00e4ltimiseks.","robots":{"index":"index","follow":"follow","max-snippet":"max-snippet:-1","max-image-preview":"max-image-preview:large","max-video-preview":"max-video-preview:-1"},"canonical":"https:\/\/financing.ee\/et\/raamatupidamine-alustavale-ettevottele\/","og_locale":"et_EE","og_type":"article","og_title":"Raamatupidamine alustavale ettev\u00f5ttele","og_description":"Raamatupidamine alustavale ettev\u00f5ttele - kuidas alustada ja millega arvestada? Milliseid kulusid saad maksuvabalt h\u00fcvitada? Kas maksta palka v\u00f5i dividende?","og_url":"https:\/\/financing.ee\/et\/raamatupidamine-alustavale-ettevottele\/","og_site_name":"Financing &ndash; Raamatupidamisteenused","article_publisher":"https:\/\/www.facebook.com\/myfinancing","article_modified_time":"2026-02-26T09:29:54+00:00","og_image":[{"width":2500,"height":1667,"url":"https:\/\/financing.ee\/wp-content\/uploads\/2022\/07\/financing_5.jpg","type":"image\/jpeg"}],"twitter_card":"summary_large_image","twitter_misc":{"Est. reading time":"3 minutit"},"schema":{"@context":"https:\/\/schema.org","@graph":[{"@type":"WebPage","@id":"https:\/\/financing.ee\/raamatupidamine-alustavale-ettevottele\/","url":"https:\/\/financing.ee\/raamatupidamine-alustavale-ettevottele\/","name":"Raamatupidamine alustavale ettev\u00f5ttele | Financing abi","isPartOf":{"@id":"https:\/\/financing.ee\/et\/#website"},"primaryImageOfPage":{"@id":"https:\/\/financing.ee\/raamatupidamine-alustavale-ettevottele\/#primaryimage"},"image":{"@id":"https:\/\/financing.ee\/raamatupidamine-alustavale-ettevottele\/#primaryimage"},"thumbnailUrl":"https:\/\/financing.ee\/wp-content\/uploads\/2022\/11\/raamatupidamine-alustavale-ettevottele_valge.svg","datePublished":"2018-10-15T14:27:33+00:00","dateModified":"2026-02-26T09:29:54+00:00","description":"Professionaalne raamatupidamine alustavatele ettev\u00f5tetele \u2013 Financing pakub lahendusi finantside korrashoidmiseks ja vigade v\u00e4ltimiseks.","breadcrumb":{"@id":"https:\/\/financing.ee\/raamatupidamine-alustavale-ettevottele\/#breadcrumb"},"inLanguage":"et","potentialAction":[{"@type":"ReadAction","target":["https:\/\/financing.ee\/raamatupidamine-alustavale-ettevottele\/"]}]},{"@type":"ImageObject","inLanguage":"et","@id":"https:\/\/financing.ee\/raamatupidamine-alustavale-ettevottele\/#primaryimage","url":"https:\/\/financing.ee\/wp-content\/uploads\/2022\/11\/raamatupidamine-alustavale-ettevottele_valge.svg","contentUrl":"https:\/\/financing.ee\/wp-content\/uploads\/2022\/11\/raamatupidamine-alustavale-ettevottele_valge.svg"},{"@type":"BreadcrumbList","@id":"https:\/\/financing.ee\/raamatupidamine-alustavale-ettevottele\/#breadcrumb","itemListElement":[{"@type":"ListItem","position":1,"name":"Home","item":"https:\/\/financing.ee\/et\/"},{"@type":"ListItem","position":2,"name":"Raamatupidamine alustavale ettev\u00f5ttele"}]},{"@type":"WebSite","@id":"https:\/\/financing.ee\/et\/#website","url":"https:\/\/financing.ee\/et\/","name":"Financing &ndash; Raamatupidamisteenused","description":"Raamatupidamisteenused","publisher":{"@id":"https:\/\/financing.ee\/et\/#organization"},"potentialAction":[{"@type":"SearchAction","target":{"@type":"EntryPoint","urlTemplate":"https:\/\/financing.ee\/et\/?s={search_term_string}"},"query-input":{"@type":"PropertyValueSpecification","valueRequired":true,"valueName":"search_term_string"}}],"inLanguage":"et"},{"@type":"Organization","@id":"https:\/\/financing.ee\/et\/#organization","name":"Financing &ndash; Raamatupidamisteenused","url":"https:\/\/financing.ee\/et\/","logo":{"@type":"ImageObject","inLanguage":"et","@id":"https:\/\/financing.ee\/et\/#\/schema\/logo\/image\/","url":"https:\/\/financing.ee\/wp-content\/uploads\/2020\/05\/Financing_arukad_finantsotsused_RGB.svg","contentUrl":"https:\/\/financing.ee\/wp-content\/uploads\/2020\/05\/Financing_arukad_finantsotsused_RGB.svg","width":425,"height":85,"caption":"Financing &ndash; Raamatupidamisteenused"},"image":{"@id":"https:\/\/financing.ee\/et\/#\/schema\/logo\/image\/"},"sameAs":["https:\/\/www.facebook.com\/myfinancing"]}]}},"_links":{"self":[{"href":"https:\/\/financing.ee\/et\/wp-json\/wp\/v2\/pages\/343","targetHints":{"allow":["GET"]}}],"collection":[{"href":"https:\/\/financing.ee\/et\/wp-json\/wp\/v2\/pages"}],"about":[{"href":"https:\/\/financing.ee\/et\/wp-json\/wp\/v2\/types\/page"}],"author":[{"embeddable":true,"href":"https:\/\/financing.ee\/et\/wp-json\/wp\/v2\/users\/1"}],"replies":[{"embeddable":true,"href":"https:\/\/financing.ee\/et\/wp-json\/wp\/v2\/comments?post=343"}],"version-history":[{"count":223,"href":"https:\/\/financing.ee\/et\/wp-json\/wp\/v2\/pages\/343\/revisions"}],"predecessor-version":[{"id":3959,"href":"https:\/\/financing.ee\/et\/wp-json\/wp\/v2\/pages\/343\/revisions\/3959"}],"wp:attachment":[{"href":"https:\/\/financing.ee\/et\/wp-json\/wp\/v2\/media?parent=343"}],"curies":[{"name":"wp","href":"https:\/\/api.w.org\/{rel}","templated":true}]}}