{"id":892,"date":"2020-06-02T14:18:15","date_gmt":"2020-06-02T14:18:15","guid":{"rendered":"https:\/\/financing.ee\/?page_id=892"},"modified":"2026-02-26T09:25:36","modified_gmt":"2026-02-26T09:25:36","slug":"privaatsuspoliitika","status":"publish","type":"page","link":"https:\/\/financing.ee\/et\/privaatsuspoliitika\/","title":{"rendered":"Privaatsuspoliitika"},"content":{"rendered":"<p>K\u00f5ik Primonte O\u00dc e-poe www.financing.ee k\u00fclastamise ja ostude sooritamise k\u00e4igus teatavaks saanud kliendi isikuandmeid k\u00e4sitletakse kui konfidentsiaalset infot.<br \/>\nPrimonte O\u00dc on isikuandmete vastutav t\u00f6\u00f6tleja ning ta edastab maksete teostamiseks vajalikud isikuandmed volitatud t\u00f6\u00f6tleja Maksekeskus AS-le. Primonte O\u00dc ei avalda temale teatavaks saanud andmeid muudele kolmandatele isikutele.<br \/>\nKliendil on soovi korral \u00f5igus n\u00f5uda oma andmete kustutamist Primonte O\u00dc andmebaasist, kui ostu pole l\u00f5plikult sooritatud. Kui ost on sooritatud, edastab Primonte O\u00dc kliendi maksete teostamiseks vajalikud isikuandmed volitatud t\u00f6\u00f6tleja Maksekeskuse AS-le.<br \/>\nKr\u00fcpteeritud andmesidekanal pankadega tagab ostu sooritaja isikuandmete ja pangarekvisiitide turvalisuse, ka Primonte O\u00dc-l puudub neile juurdep\u00e4\u00e4s<\/p>\n<p><strong>ISIKUANDMETE T\u00d6\u00d6TLEMINE<\/strong><br \/>\nVeebipoe www.financing.ee isikuandmete vastutav t\u00f6\u00f6tleja on Primonte O\u00dc (registrikood 11998898) asukohaga Teaduse 15-20, Saku 75501, Harjumaa.<br \/>\nTel 53448816 ja e-post info@financing.ee<\/p>\n<p><strong>Milliseid isikuandmeid t\u00f6\u00f6deldakse:<\/strong><br \/>\n\u2212 nimi, telefoninumber ja e-posti aadress;<br \/>\n\u2212 digikauba kohaletoimetamise e-posti aadress;<br \/>\n\u2212 pangakonto number;<br \/>\n\u2212 digikaupade ja -teenuste maksumus ja maksetega seotud andmed (ostuajalugu);<br \/>\n\u2212 klienditoe andmed.<\/p>\n<p><strong>Mis eesm\u00e4rgil isikuandmeid t\u00f6\u00f6deldakse<\/strong><br \/>\nIsikuandmeid kasutatakse kliendi tellimuste haldamiseks ja digikauba saatmiseks.<br \/>\nOstuajaloo andmeid (ostu kuup\u00e4ev, kaup, kogus, kliendi andmed) kasutatakse ostetud digikaupade ja<br \/>\nteenuste \u00fclevaate koostamiseks ning kliendieelistuste anal\u00fc\u00fcsimiseks.<br \/>\nPangakonto numbrit kasutatakse kliendile maksete tagastamiseks.<br \/>\nIsikuandmeid nagu e-post, telefoni nr, kliendi nimi, t\u00f6\u00f6deldakse selleks, et lahendada kaupade ja<br \/>\nteenuste osutamise seonduvaid k\u00fcsimusi.<br \/>\nVeebipoe kasutaja IP-aadressi v\u00f5i teisi v\u00f5rguidentifikaatoreid t\u00f6\u00f6deldakse veebipoe kui info\u00fchiskonna teenuse osutamiseks ning veebikasutusstatistika tegemiseks.<\/p>\n<p><strong>\u00d5iguslik alus<\/strong><br \/>\nIsikuandmete t\u00f6\u00f6tlemine toimub kliendiga s\u00f5lmitud lepingu t\u00e4itmise eesm\u00e4rgil.<br \/>\nIsikuandmete t\u00f6\u00f6tlemine toimub juriidilise kohustuse t\u00e4itmiseks (nt raamatupidamine ja<br \/>\ntarbijavaidluste lahendamine).<\/p>\n<p><strong>Vastuv\u00f5tjad, kellele isikuandmed edastatakse<\/strong><br \/>\nIsikuandmed edastatakse veebipoe klienditoele ostude ja ostuajaloo haldamiseks ja kliendiprobleemide lahendamiseks.<br \/>\nIsikuandmeid v\u00f5idakse edastada infotehnoloogia teenuste pakkujatele, kui see on vajalik veebipoe funktsionaalsuse v\u00f5i andmemajutuse tagamiseks.<\/p>\n<p><strong>Turvalisus ja andmetele ligip\u00e4\u00e4s<\/strong><br \/>\nIsikuandmeid hoitakse Eesti serverites.<br \/>\nJuurdep\u00e4\u00e4s isikuandmetele on veebipoe t\u00f6\u00f6tajatel, kes saavad isikuandmetega tutvuda selleks, et<br \/>\nlahendada veebipoe kasutamisega seonduvaid tehnilisi k\u00fcsimusi ning osutada klienditoe teenust.<br \/>\nVeebipood rakendab asjakohaseid f\u00fc\u00fcsilisi, organisatsioonilisi ja infotehnilisi turvameetmeid, et<br \/>\nkaitsta isikuandmeid juhusliku v\u00f5i ebaseadusliku h\u00e4vitamise, kaotsimineku, muutmise v\u00f5i loata<br \/>\njuurdep\u00e4\u00e4su ja avalikustamise eest.<br \/>\nIsikuandmete edastamine veebipoe volitatud t\u00f6\u00f6tlejatele (nt andmemajutus) toimub veebipoe ja volitatud t\u00f6\u00f6tlejatega s\u00f5lmitud lepingute alusel. Volitatud t\u00f6\u00f6tlejaid on kohustatud tagama isikuandmete t\u00f6\u00f6tlemisel asjakohased kaitsemeetmed.<\/p>\n<p><strong>Isikuandmetega tutvumine ja parandamine<\/strong><br \/>\nIsikuandmetega saab tutvuda klinditoe vahendusel.<\/p>\n<p><strong>N\u00f5usoleku tagasiv\u00f5tmine<\/strong><br \/>\nKui isikuandmete t\u00f6\u00f6tlemine toimub kliendi n\u00f5usoleku alusel, siis on kliendil \u00f5igus n\u00f5usolek<br \/>\ntagasi v\u00f5tta teavitades sellest kliendituge e-posti teel info@financing.ee.<\/p>\n<p><strong>S\u00e4ilitamine<\/strong><br \/>\nOstuajalugu s\u00e4ilitatakse kolm aastat.<br \/>\nMaksetega ja tarbijavaidlustega seotud vaidluste korral s\u00e4ilitatakse isikuandmed kuni n\u00f5ude<br \/>\nt\u00e4itmiseni v\u00f5i aegumist\u00e4htaja l\u00f5puni.<br \/>\nRaamatupidamise jaoks vajalikud isikuandmed s\u00e4ilitatakse seitse aastat.<\/p>\n<p><strong>Kustutamine<\/strong><br \/>\nIsikuandmete kustutamiseks tuleb v\u00f5tta \u00fchendust klienditoega e-posti teel. Kustutamistaotlusele<br \/>\nvastatakse mitte hiljem kui \u00fche n\u00e4dala aja jooksul ning t\u00e4psustakse andmete kustutamise perioodi.<\/p>\n<p><strong>\u00dclekandmine<\/strong><br \/>\nE-posti teel esitatud isikuandmete \u00fclekandmise taotlusele vastatakse hiljemalt \u00fche n\u00e4dala jooksul.<br \/>\nKlienditugi tuvastab isikusamasuse ja teavitab isikuandmetest, mis kuuluvad \u00fclekandmisele.<\/p>\n<p><strong>Otseturustusteated<\/strong><br \/>\nE-kirja aadressi ja telefoninumbrit kasutatakse otseturundusteadete saatmiseks, kui klient on andnud vastava n\u00f5usoleku. Kui klient ei soovi saada otseturustusteateid, siis tuleb valida e-kirja jaluses vastav viide v\u00f5i v\u00f5tta \u00fchendust klienditoega.<br \/>\nKui isikuandmeid t\u00f6\u00f6deldakse otseturunduse eesm\u00e4rgil (profileerimine), on kliendil \u00f5igus oma isikuandmete nii algse kui ka edasise t\u00f6\u00f6tlemise, sealhulgas otseturundusega seotud<br \/>\nprofiilianal\u00fc\u00fcsi tegemise suhtes igal ajal vastuv\u00e4iteid esitada teavitades sellest kliendituge e-posti<br \/>\nteel.<\/p>\n<p><strong>Vaidluste lahendamine<\/strong><br \/>\nIsikuandmete t\u00f6\u00f6tlemisega seotud vaidluste lahendamine toimub klienditoe vahendusel<br \/>\n(info@financing.ee tel 53448816). J\u00e4relevalveasutus on Eesti Andmekaitse Inspektsioon (info@aki.ee).<\/p>\n","protected":false},"excerpt":{"rendered":"<p>K\u00f5ik Primonte O\u00dc e-poe www.financing.ee k\u00fclastamise ja ostude sooritamise k\u00e4igus teatavaks saanud kliendi isikuandmeid k\u00e4sitletakse kui konfidentsiaalset infot. Primonte O\u00dc on isikuandmete vastutav t\u00f6\u00f6tleja ning ta edastab maksete teostamiseks vajalikud isikuandmed volitatud t\u00f6\u00f6tleja Maksekeskus AS-le. Primonte O\u00dc ei avalda temale teatavaks saanud andmeid muudele kolmandatele isikutele. Kliendil on soovi korral \u00f5igus n\u00f5uda oma andmete kustutamist [&hellip;]<\/p>\n","protected":false},"author":1,"featured_media":0,"parent":0,"menu_order":0,"comment_status":"closed","ping_status":"closed","template":"","meta":{"site-sidebar-layout":"default","site-content-layout":"default","ast-site-content-layout":"default","site-content-style":"default","site-sidebar-style":"default","ast-global-header-display":"","ast-banner-title-visibility":"","ast-main-header-display":"","ast-hfb-above-header-display":"","ast-hfb-below-header-display":"","ast-hfb-mobile-header-display":"","site-post-title":"","ast-breadcrumbs-content":"","ast-featured-img":"","footer-sml-layout":"","ast-disable-related-posts":"","theme-transparent-header-meta":"default","adv-header-id-meta":"","stick-header-meta":"","header-above-stick-meta":"","header-main-stick-meta":"","header-below-stick-meta":"","astra-migrate-meta-layouts":"set","ast-page-background-enabled":"default","ast-page-background-meta":{"desktop":{"background-color":"","background-image":"","background-repeat":"repeat","background-position":"center center","background-size":"auto","background-attachment":"scroll","background-type":"","background-media":"","overlay-type":"","overlay-color":"","overlay-opacity":"","overlay-gradient":""},"tablet":{"background-color":"","background-image":"","background-repeat":"repeat","background-position":"center center","background-size":"auto","background-attachment":"scroll","background-type":"","background-media":"","overlay-type":"","overlay-color":"","overlay-opacity":"","overlay-gradient":""},"mobile":{"background-color":"","background-image":"","background-repeat":"repeat","background-position":"center center","background-size":"auto","background-attachment":"scroll","background-type":"","background-media":"","overlay-type":"","overlay-color":"","overlay-opacity":"","overlay-gradient":""}},"ast-content-background-meta":{"desktop":{"background-color":"var(--ast-global-color-5)","background-image":"","background-repeat":"repeat","background-position":"center center","background-size":"auto","background-attachment":"scroll","background-type":"","background-media":"","overlay-type":"","overlay-color":"","overlay-opacity":"","overlay-gradient":""},"tablet":{"background-color":"var(--ast-global-color-5)","background-image":"","background-repeat":"repeat","background-position":"center center","background-size":"auto","background-attachment":"scroll","background-type":"","background-media":"","overlay-type":"","overlay-color":"","overlay-opacity":"","overlay-gradient":""},"mobile":{"background-color":"var(--ast-global-color-5)","background-image":"","background-repeat":"repeat","background-position":"center center","background-size":"auto","background-attachment":"scroll","background-type":"","background-media":"","overlay-type":"","overlay-color":"","overlay-opacity":"","overlay-gradient":""}},"footnotes":""},"class_list":["post-892","page","type-page","status-publish","hentry"],"yoast_head":"<!-- This site is optimized with the Yoast SEO plugin v27.0 - https:\/\/yoast.com\/product\/yoast-seo-wordpress\/ -->\n<title>Financing | privaatsuspoliitika ja andmekaitse p\u00f5him\u00f5tted<\/title>\n<meta name=\"description\" content=\"Tutvu Financing privaatsuspoliitikaga: kuidas kogume, kasutame ja kaitseme sinu isikuandmeid ning tagame turvalisuse teenuste ja suhtluse k\u00e4igus.\" \/>\n<meta name=\"robots\" content=\"index, follow, max-snippet:-1, max-image-preview:large, max-video-preview:-1\" \/>\n<link rel=\"canonical\" href=\"https:\/\/financing.ee\/et\/privaatsuspoliitika\/\" \/>\n<meta property=\"og:locale\" content=\"et_EE\" \/>\n<meta property=\"og:type\" content=\"article\" \/>\n<meta property=\"og:title\" content=\"Financing | privaatsuspoliitika ja andmekaitse p\u00f5him\u00f5tted\" \/>\n<meta property=\"og:description\" content=\"Tutvu Financing privaatsuspoliitikaga: kuidas kogume, kasutame ja kaitseme sinu isikuandmeid ning tagame turvalisuse teenuste ja suhtluse k\u00e4igus.\" \/>\n<meta property=\"og:url\" content=\"https:\/\/financing.ee\/et\/privaatsuspoliitika\/\" \/>\n<meta property=\"og:site_name\" content=\"Financing &ndash; Raamatupidamisteenused\" \/>\n<meta property=\"article:publisher\" content=\"https:\/\/www.facebook.com\/myfinancing\" \/>\n<meta property=\"article:modified_time\" content=\"2026-02-26T09:25:36+00:00\" \/>\n<meta name=\"twitter:card\" content=\"summary_large_image\" \/>\n<meta name=\"twitter:label1\" content=\"Est. reading time\" \/>\n\t<meta name=\"twitter:data1\" content=\"3 minutit\" \/>\n<script type=\"application\/ld+json\" class=\"yoast-schema-graph\">{\"@context\":\"https:\/\/schema.org\",\"@graph\":[{\"@type\":\"WebPage\",\"@id\":\"https:\/\/financing.ee\/privaatsuspoliitika\/\",\"url\":\"https:\/\/financing.ee\/privaatsuspoliitika\/\",\"name\":\"Financing | privaatsuspoliitika ja andmekaitse p\u00f5him\u00f5tted\",\"isPartOf\":{\"@id\":\"https:\/\/financing.ee\/et\/#website\"},\"datePublished\":\"2020-06-02T14:18:15+00:00\",\"dateModified\":\"2026-02-26T09:25:36+00:00\",\"description\":\"Tutvu Financing privaatsuspoliitikaga: kuidas kogume, kasutame ja kaitseme sinu isikuandmeid ning tagame turvalisuse teenuste ja suhtluse k\u00e4igus.\",\"breadcrumb\":{\"@id\":\"https:\/\/financing.ee\/privaatsuspoliitika\/#breadcrumb\"},\"inLanguage\":\"et\",\"potentialAction\":[{\"@type\":\"ReadAction\",\"target\":[\"https:\/\/financing.ee\/privaatsuspoliitika\/\"]}]},{\"@type\":\"BreadcrumbList\",\"@id\":\"https:\/\/financing.ee\/privaatsuspoliitika\/#breadcrumb\",\"itemListElement\":[{\"@type\":\"ListItem\",\"position\":1,\"name\":\"Home\",\"item\":\"https:\/\/financing.ee\/et\/\"},{\"@type\":\"ListItem\",\"position\":2,\"name\":\"Privaatsuspoliitika\"}]},{\"@type\":\"WebSite\",\"@id\":\"https:\/\/financing.ee\/et\/#website\",\"url\":\"https:\/\/financing.ee\/et\/\",\"name\":\"Financing &ndash; Raamatupidamisteenused\",\"description\":\"Raamatupidamisteenused\",\"publisher\":{\"@id\":\"https:\/\/financing.ee\/et\/#organization\"},\"potentialAction\":[{\"@type\":\"SearchAction\",\"target\":{\"@type\":\"EntryPoint\",\"urlTemplate\":\"https:\/\/financing.ee\/et\/?s={search_term_string}\"},\"query-input\":{\"@type\":\"PropertyValueSpecification\",\"valueRequired\":true,\"valueName\":\"search_term_string\"}}],\"inLanguage\":\"et\"},{\"@type\":\"Organization\",\"@id\":\"https:\/\/financing.ee\/et\/#organization\",\"name\":\"Financing &ndash; Raamatupidamisteenused\",\"url\":\"https:\/\/financing.ee\/et\/\",\"logo\":{\"@type\":\"ImageObject\",\"inLanguage\":\"et\",\"@id\":\"https:\/\/financing.ee\/et\/#\/schema\/logo\/image\/\",\"url\":\"https:\/\/financing.ee\/wp-content\/uploads\/2020\/05\/Financing_arukad_finantsotsused_RGB.svg\",\"contentUrl\":\"https:\/\/financing.ee\/wp-content\/uploads\/2020\/05\/Financing_arukad_finantsotsused_RGB.svg\",\"width\":425,\"height\":85,\"caption\":\"Financing &ndash; Raamatupidamisteenused\"},\"image\":{\"@id\":\"https:\/\/financing.ee\/et\/#\/schema\/logo\/image\/\"},\"sameAs\":[\"https:\/\/www.facebook.com\/myfinancing\"]}]}<\/script>\n<!-- \/ Yoast SEO plugin. -->","yoast_head_json":{"title":"Financing | privaatsuspoliitika ja andmekaitse p\u00f5him\u00f5tted","description":"Tutvu Financing privaatsuspoliitikaga: kuidas kogume, kasutame ja kaitseme sinu isikuandmeid ning tagame turvalisuse teenuste ja suhtluse k\u00e4igus.","robots":{"index":"index","follow":"follow","max-snippet":"max-snippet:-1","max-image-preview":"max-image-preview:large","max-video-preview":"max-video-preview:-1"},"canonical":"https:\/\/financing.ee\/et\/privaatsuspoliitika\/","og_locale":"et_EE","og_type":"article","og_title":"Financing | privaatsuspoliitika ja andmekaitse p\u00f5him\u00f5tted","og_description":"Tutvu Financing privaatsuspoliitikaga: kuidas kogume, kasutame ja kaitseme sinu isikuandmeid ning tagame turvalisuse teenuste ja suhtluse k\u00e4igus.","og_url":"https:\/\/financing.ee\/et\/privaatsuspoliitika\/","og_site_name":"Financing &ndash; Raamatupidamisteenused","article_publisher":"https:\/\/www.facebook.com\/myfinancing","article_modified_time":"2026-02-26T09:25:36+00:00","twitter_card":"summary_large_image","twitter_misc":{"Est. reading time":"3 minutit"},"schema":{"@context":"https:\/\/schema.org","@graph":[{"@type":"WebPage","@id":"https:\/\/financing.ee\/privaatsuspoliitika\/","url":"https:\/\/financing.ee\/privaatsuspoliitika\/","name":"Financing | privaatsuspoliitika ja andmekaitse p\u00f5him\u00f5tted","isPartOf":{"@id":"https:\/\/financing.ee\/et\/#website"},"datePublished":"2020-06-02T14:18:15+00:00","dateModified":"2026-02-26T09:25:36+00:00","description":"Tutvu Financing privaatsuspoliitikaga: kuidas kogume, kasutame ja kaitseme sinu isikuandmeid ning tagame turvalisuse teenuste ja suhtluse k\u00e4igus.","breadcrumb":{"@id":"https:\/\/financing.ee\/privaatsuspoliitika\/#breadcrumb"},"inLanguage":"et","potentialAction":[{"@type":"ReadAction","target":["https:\/\/financing.ee\/privaatsuspoliitika\/"]}]},{"@type":"BreadcrumbList","@id":"https:\/\/financing.ee\/privaatsuspoliitika\/#breadcrumb","itemListElement":[{"@type":"ListItem","position":1,"name":"Home","item":"https:\/\/financing.ee\/et\/"},{"@type":"ListItem","position":2,"name":"Privaatsuspoliitika"}]},{"@type":"WebSite","@id":"https:\/\/financing.ee\/et\/#website","url":"https:\/\/financing.ee\/et\/","name":"Financing &ndash; Raamatupidamisteenused","description":"Raamatupidamisteenused","publisher":{"@id":"https:\/\/financing.ee\/et\/#organization"},"potentialAction":[{"@type":"SearchAction","target":{"@type":"EntryPoint","urlTemplate":"https:\/\/financing.ee\/et\/?s={search_term_string}"},"query-input":{"@type":"PropertyValueSpecification","valueRequired":true,"valueName":"search_term_string"}}],"inLanguage":"et"},{"@type":"Organization","@id":"https:\/\/financing.ee\/et\/#organization","name":"Financing &ndash; Raamatupidamisteenused","url":"https:\/\/financing.ee\/et\/","logo":{"@type":"ImageObject","inLanguage":"et","@id":"https:\/\/financing.ee\/et\/#\/schema\/logo\/image\/","url":"https:\/\/financing.ee\/wp-content\/uploads\/2020\/05\/Financing_arukad_finantsotsused_RGB.svg","contentUrl":"https:\/\/financing.ee\/wp-content\/uploads\/2020\/05\/Financing_arukad_finantsotsused_RGB.svg","width":425,"height":85,"caption":"Financing &ndash; Raamatupidamisteenused"},"image":{"@id":"https:\/\/financing.ee\/et\/#\/schema\/logo\/image\/"},"sameAs":["https:\/\/www.facebook.com\/myfinancing"]}]}},"_links":{"self":[{"href":"https:\/\/financing.ee\/et\/wp-json\/wp\/v2\/pages\/892","targetHints":{"allow":["GET"]}}],"collection":[{"href":"https:\/\/financing.ee\/et\/wp-json\/wp\/v2\/pages"}],"about":[{"href":"https:\/\/financing.ee\/et\/wp-json\/wp\/v2\/types\/page"}],"author":[{"embeddable":true,"href":"https:\/\/financing.ee\/et\/wp-json\/wp\/v2\/users\/1"}],"replies":[{"embeddable":true,"href":"https:\/\/financing.ee\/et\/wp-json\/wp\/v2\/comments?post=892"}],"version-history":[{"count":2,"href":"https:\/\/financing.ee\/et\/wp-json\/wp\/v2\/pages\/892\/revisions"}],"predecessor-version":[{"id":894,"href":"https:\/\/financing.ee\/et\/wp-json\/wp\/v2\/pages\/892\/revisions\/894"}],"wp:attachment":[{"href":"https:\/\/financing.ee\/et\/wp-json\/wp\/v2\/media?parent=892"}],"curies":[{"name":"wp","href":"https:\/\/api.w.org\/{rel}","templated":true}]}}