{"id":1021,"date":"2020-06-14T11:37:30","date_gmt":"2020-06-14T11:37:30","guid":{"rendered":"https:\/\/financing.ee\/?post_type=product&#038;p=1021"},"modified":"2025-02-05T12:55:28","modified_gmt":"2025-02-05T12:55:28","slug":"maksuvabad-kuluhuvitised","status":"publish","type":"product","link":"https:\/\/financing.ee\/et\/toode\/maksuvabad-kuluhuvitised\/","title":{"rendered":"Maksuvabad kuluh\u00fcvitised"},"content":{"rendered":"\t\t<div data-elementor-type=\"wp-post\" data-elementor-id=\"1021\" class=\"elementor elementor-1021\" data-elementor-post-type=\"product\">\n\t\t\t\t\t\t<section class=\"elementor-section elementor-top-section elementor-element elementor-element-2024a466 elementor-section-boxed elementor-section-height-default elementor-section-height-default\" data-id=\"2024a466\" data-element_type=\"section\" data-e-type=\"section\">\n\t\t\t\t\t\t<div class=\"elementor-container elementor-column-gap-default\">\n\t\t\t\t\t<div class=\"elementor-column elementor-col-100 elementor-top-column elementor-element elementor-element-38ebf9ae\" data-id=\"38ebf9ae\" data-element_type=\"column\" data-e-type=\"column\">\n\t\t\t<div class=\"elementor-widget-wrap elementor-element-populated\">\n\t\t\t\t\t\t<div class=\"elementor-element elementor-element-500ef8ea elementor-widget elementor-widget-spacer\" data-id=\"500ef8ea\" data-element_type=\"widget\" data-e-type=\"widget\" data-widget_type=\"spacer.default\">\n\t\t\t\t<div class=\"elementor-widget-container\">\n\t\t\t\t\t\t\t<div class=\"elementor-spacer\">\n\t\t\t<div class=\"elementor-spacer-inner\"><\/div>\n\t\t<\/div>\n\t\t\t\t\t\t<\/div>\n\t\t\t\t<\/div>\n\t\t\t\t\t<\/div>\n\t\t<\/div>\n\t\t\t\t\t<\/div>\n\t\t<\/section>\n\t\t\t\t<section class=\"elementor-section elementor-top-section elementor-element elementor-element-734056fa elementor-section-boxed elementor-section-height-default elementor-section-height-default\" data-id=\"734056fa\" data-element_type=\"section\" data-e-type=\"section\">\n\t\t\t\t\t\t<div class=\"elementor-container elementor-column-gap-default\">\n\t\t\t\t\t<div class=\"elementor-column elementor-col-100 elementor-top-column elementor-element elementor-element-19d7aabf\" data-id=\"19d7aabf\" data-element_type=\"column\" data-e-type=\"column\">\n\t\t\t<div class=\"elementor-widget-wrap elementor-element-populated\">\n\t\t\t\t\t\t<div class=\"elementor-element elementor-element-aa81ae6 elementor-widget elementor-widget-woocommerce-product-title elementor-page-title elementor-widget-heading\" data-id=\"aa81ae6\" data-element_type=\"widget\" data-e-type=\"widget\" data-widget_type=\"woocommerce-product-title.default\">\n\t\t\t\t<div class=\"elementor-widget-container\">\n\t\t\t\t\t<h2 class=\"product_title entry-title elementor-heading-title elementor-size-default\">Maksuvabad kuluh\u00fcvitised<\/h2>\t\t\t\t<\/div>\n\t\t\t\t<\/div>\n\t\t\t\t<div class=\"elementor-element elementor-element-678a5ee elementor-widget-divider--view-line elementor-widget elementor-widget-divider\" data-id=\"678a5ee\" data-element_type=\"widget\" data-e-type=\"widget\" data-widget_type=\"divider.default\">\n\t\t\t\t<div class=\"elementor-widget-container\">\n\t\t\t\t\t\t\t<div class=\"elementor-divider\">\n\t\t\t<span class=\"elementor-divider-separator\">\n\t\t\t\t\t\t<\/span>\n\t\t<\/div>\n\t\t\t\t\t\t<\/div>\n\t\t\t\t<\/div>\n\t\t\t\t\t<\/div>\n\t\t<\/div>\n\t\t\t\t\t<\/div>\n\t\t<\/section>\n\t\t\t\t<section class=\"elementor-section elementor-top-section elementor-element elementor-element-ab5c388 elementor-section-boxed elementor-section-height-default elementor-section-height-default\" data-id=\"ab5c388\" data-element_type=\"section\" data-e-type=\"section\">\n\t\t\t\t\t\t<div class=\"elementor-container elementor-column-gap-default\">\n\t\t\t\t\t<div class=\"elementor-column elementor-col-50 elementor-top-column elementor-element elementor-element-13773ad\" data-id=\"13773ad\" data-element_type=\"column\" data-e-type=\"column\">\n\t\t\t<div class=\"elementor-widget-wrap elementor-element-populated\">\n\t\t\t\t\t\t<div class=\"elementor-element elementor-element-5c3e5db4 elementor-widget elementor-widget-image\" data-id=\"5c3e5db4\" data-element_type=\"widget\" data-e-type=\"widget\" data-widget_type=\"image.default\">\n\t\t\t\t<div class=\"elementor-widget-container\">\n\t\t\t\t\t\t\t\t\t\t\t\t\t\t\t<img fetchpriority=\"high\" decoding=\"async\" width=\"1024\" height=\"683\" src=\"https:\/\/financing.ee\/wp-content\/uploads\/2020\/06\/tiitli-pilt5-1024x683.jpg\" class=\"attachment-large size-large wp-image-950\" alt=\"maksuvabad kuluh\u00fcvitised\" srcset=\"https:\/\/financing.ee\/wp-content\/uploads\/2020\/06\/tiitli-pilt5-1024x683.jpg 1024w, https:\/\/financing.ee\/wp-content\/uploads\/2020\/06\/tiitli-pilt5-300x200.jpg 300w, https:\/\/financing.ee\/wp-content\/uploads\/2020\/06\/tiitli-pilt5-768x512.jpg 768w, https:\/\/financing.ee\/wp-content\/uploads\/2020\/06\/tiitli-pilt5-600x400.jpg 600w, https:\/\/financing.ee\/wp-content\/uploads\/2020\/06\/tiitli-pilt5.jpg 1200w\" sizes=\"(max-width: 1024px) 100vw, 1024px\" \/>\t\t\t\t\t\t\t\t\t\t\t\t\t\t\t<\/div>\n\t\t\t\t<\/div>\n\t\t\t\t\t<\/div>\n\t\t<\/div>\n\t\t\t\t<div class=\"elementor-column elementor-col-50 elementor-top-column elementor-element elementor-element-594bd2a8\" data-id=\"594bd2a8\" data-element_type=\"column\" data-e-type=\"column\">\n\t\t\t<div class=\"elementor-widget-wrap elementor-element-populated\">\n\t\t\t\t\t\t<div class=\"elementor-element elementor-element-2ea354a elementor-widget elementor-widget-text-editor\" data-id=\"2ea354a\" data-element_type=\"widget\" data-e-type=\"widget\" data-widget_type=\"text-editor.default\">\n\t\t\t\t<div class=\"elementor-widget-container\">\n\t\t\t\t\t\t\t\t\t<h3>Hind 25 \u20ac<\/h3>\t\t\t\t\t\t\t\t<\/div>\n\t\t\t\t<\/div>\n\t\t\t\t<div class=\"elementor-element elementor-element-19630185 elementor-widget elementor-widget-text-editor\" data-id=\"19630185\" data-element_type=\"widget\" data-e-type=\"widget\" data-widget_type=\"text-editor.default\">\n\t\t\t\t<div class=\"elementor-widget-container\">\n\t\t\t\t\t\t\t\t\t<p><b>Kes meist ei sooviks parimal viisil oma \u00e4ri ajada?! Kasutada k\u00f5iki v\u00f5imalusi, mida seadused meile annavad.<\/b><br \/>Alustava- ja v\u00e4ikeettev\u00f5tja jaoks on oluline teada, milliseid kulusid ja mis ulatuses saab ettev\u00f5tja maksuvabalt h\u00fcvitada.<br \/>Ostuga saad kaasa pdf formaadis tabeli maksuvabade kuluh\u00fcvitiste kohta. See on konkreetne ja ei sisalda mingit \u00fclearust juttu. Sa saad teada, kui suured on h\u00fcvitised, kellele neid makstakse, millised on alusdokumendid, mis tuleb koostada jne. Dokument laekub sinu e-mailile automaatselt peale ostu sooritamist.<\/p><p><b><span style=\"color: #0096a7;\">Tabelis on v\u00e4lja toodud j\u00e4rgmised teemad:<\/span><br \/>&#8211; Isikliku s\u00f5iduauto kasutamise h\u00fcvitis<br \/>&#8211; T\u00f6\u00f6l\u00e4hetuskulud (Eesti-sisene l\u00e4hetus ja v\u00e4lisl\u00e4hetus)<br \/>&#8211; Tervise- ja spordikulud<\/b><\/p>\t\t\t\t\t\t\t\t<\/div>\n\t\t\t\t<\/div>\n\t\t\t\t<div class=\"elementor-element elementor-element-6d31847 elementor-widget elementor-widget-wc-add-to-cart\" data-id=\"6d31847\" data-element_type=\"widget\" data-e-type=\"widget\" data-widget_type=\"wc-add-to-cart.default\">\n\t\t\t\t<div class=\"elementor-widget-container\">\n\t\t\t\t\t\t\t\t\t<div class=\"elementor-button-wrapper\">\n\t\t\t\t\t<a rel=\"nofollow\" href=\"\/et\/toode\/maksuvabad-kuluhuvitised\/?add-to-cart=1021\" data-quantity=\"1\" data-product_id=\"1021\" class=\"product_type_simple add_to_cart_button ajax_add_to_cart elementor-button elementor-size-sm\" role=\"button\">\n\t\t\t\t\t\t<span class=\"elementor-button-content-wrapper\">\n\t\t\t\t\t\t\t\t\t<span class=\"elementor-button-text\">Lisa ostukorvi<\/span>\n\t\t\t\t\t<\/span>\n\t\t\t\t\t<\/a>\n\t\t\t\t<\/div>\n\t\t\t\t\t\t\t\t<\/div>\n\t\t\t\t<\/div>\n\t\t\t\t\t<\/div>\n\t\t<\/div>\n\t\t\t\t\t<\/div>\n\t\t<\/section>\n\t\t\t\t<section class=\"elementor-section elementor-top-section elementor-element elementor-element-11131b3e elementor-section-boxed elementor-section-height-default elementor-section-height-default\" data-id=\"11131b3e\" data-element_type=\"section\" data-e-type=\"section\">\n\t\t\t\t\t\t<div class=\"elementor-container elementor-column-gap-default\">\n\t\t\t\t\t<div class=\"elementor-column elementor-col-100 elementor-top-column elementor-element elementor-element-4053d9bd\" data-id=\"4053d9bd\" data-element_type=\"column\" data-e-type=\"column\">\n\t\t\t<div class=\"elementor-widget-wrap\">\n\t\t\t\t\t\t\t<\/div>\n\t\t<\/div>\n\t\t\t\t\t<\/div>\n\t\t<\/section>\n\t\t\t\t<section class=\"elementor-section elementor-top-section elementor-element elementor-element-6292e601 elementor-section-boxed elementor-section-height-default elementor-section-height-default\" data-id=\"6292e601\" data-element_type=\"section\" data-e-type=\"section\">\n\t\t\t\t\t\t<div class=\"elementor-container elementor-column-gap-default\">\n\t\t\t\t\t<div class=\"elementor-column elementor-col-100 elementor-top-column elementor-element elementor-element-46758f\" data-id=\"46758f\" data-element_type=\"column\" data-e-type=\"column\">\n\t\t\t<div class=\"elementor-widget-wrap elementor-element-populated\">\n\t\t\t\t\t\t<div class=\"elementor-element elementor-element-737cb22d elementor-widget elementor-widget-spacer\" data-id=\"737cb22d\" data-element_type=\"widget\" data-e-type=\"widget\" data-widget_type=\"spacer.default\">\n\t\t\t\t<div class=\"elementor-widget-container\">\n\t\t\t\t\t\t\t<div class=\"elementor-spacer\">\n\t\t\t<div class=\"elementor-spacer-inner\"><\/div>\n\t\t<\/div>\n\t\t\t\t\t\t<\/div>\n\t\t\t\t<\/div>\n\t\t\t\t\t<\/div>\n\t\t<\/div>\n\t\t\t\t\t<\/div>\n\t\t<\/section>\n\t\t\t\t<\/div>\n\t\t","protected":false},"excerpt":{"rendered":"<p>Hind 25 \u20ac Kes meist ei sooviks parimal viisil oma \u00e4ri ajada?! Kasutada k\u00f5iki v\u00f5imalusi, mida seadused meile annavad.Alustava- ja v\u00e4ikeettev\u00f5tja jaoks on oluline teada, milliseid kulusid ja mis ulatuses saab ettev\u00f5tja maksuvabalt h\u00fcvitada.Ostuga saad kaasa pdf formaadis tabeli maksuvabade kuluh\u00fcvitiste kohta. See on konkreetne ja ei sisalda mingit \u00fclearust juttu. Sa saad teada, kui [&hellip;]<\/p>\n","protected":false},"featured_media":950,"template":"elementor_header_footer","meta":{"site-sidebar-layout":"no-sidebar","site-content-layout":"page-builder","ast-site-content-layout":"full-width-container","site-content-style":"unboxed","site-sidebar-style":"unboxed","ast-global-header-display":"","ast-banner-title-visibility":"","ast-main-header-display":"","ast-hfb-above-header-display":"","ast-hfb-below-header-display":"","ast-hfb-mobile-header-display":"","site-post-title":"disabled","ast-breadcrumbs-content":"disabled","ast-featured-img":"disabled","footer-sml-layout":"","ast-disable-related-posts":"","theme-transparent-header-meta":"default","adv-header-id-meta":"","stick-header-meta":"","header-above-stick-meta":"","header-main-stick-meta":"","header-below-stick-meta":"","astra-migrate-meta-layouts":"set","ast-page-background-enabled":"default","ast-page-background-meta":{"desktop":{"background-color":"","background-image":"","background-repeat":"repeat","background-position":"center center","background-size":"auto","background-attachment":"scroll","background-type":"","background-media":"","overlay-type":"","overlay-color":"","overlay-opacity":"","overlay-gradient":""},"tablet":{"background-color":"","background-image":"","background-repeat":"repeat","background-position":"center center","background-size":"auto","background-attachment":"scroll","background-type":"","background-media":"","overlay-type":"","overlay-color":"","overlay-opacity":"","overlay-gradient":""},"mobile":{"background-color":"","background-image":"","background-repeat":"repeat","background-position":"center center","background-size":"auto","background-attachment":"scroll","background-type":"","background-media":"","overlay-type":"","overlay-color":"","overlay-opacity":"","overlay-gradient":""}},"ast-content-background-meta":{"desktop":{"background-color":"var(--ast-global-color-5)","background-image":"","background-repeat":"repeat","background-position":"center center","background-size":"auto","background-attachment":"scroll","background-type":"","background-media":"","overlay-type":"","overlay-color":"","overlay-opacity":"","overlay-gradient":""},"tablet":{"background-color":"var(--ast-global-color-5)","background-image":"","background-repeat":"repeat","background-position":"center center","background-size":"auto","background-attachment":"scroll","background-type":"","background-media":"","overlay-type":"","overlay-color":"","overlay-opacity":"","overlay-gradient":""},"mobile":{"background-color":"var(--ast-global-color-5)","background-image":"","background-repeat":"repeat","background-position":"center center","background-size":"auto","background-attachment":"scroll","background-type":"","background-media":"","overlay-type":"","overlay-color":"","overlay-opacity":"","overlay-gradient":""}}},"product_brand":[],"product_cat":[21],"product_tag":[],"class_list":{"0":"post-1021","1":"product","2":"type-product","3":"status-publish","4":"has-post-thumbnail","6":"product_cat-maaramata","7":"desktop-align-left","8":"tablet-align-left","9":"mobile-align-left","11":"first","12":"instock","13":"virtual","14":"purchasable","15":"product-type-simple"},"yoast_head":"<!-- This site is optimized with the Yoast SEO plugin v27.0 - https:\/\/yoast.com\/product\/yoast-seo-wordpress\/ -->\n<title>Maksuvabad kuluh\u00fcvitised - Financing &ndash; Raamatupidamisteenused<\/title>\n<meta name=\"description\" content=\"Maksuvabad kuluh\u00fcvitised - elementaarne info ettev\u00f5tjale. Isikliku s\u00f5iduauto kasutamise kompensatsioon, sportimine, toitlustus.\" \/>\n<meta name=\"robots\" content=\"index, follow, max-snippet:-1, max-image-preview:large, max-video-preview:-1\" \/>\n<link rel=\"canonical\" href=\"https:\/\/financing.ee\/et\/toode\/maksuvabad-kuluhuvitised\/\" \/>\n<meta property=\"og:locale\" content=\"et_EE\" \/>\n<meta property=\"og:type\" content=\"article\" \/>\n<meta property=\"og:title\" content=\"Maksuvabad kuluh\u00fcvitised\" \/>\n<meta property=\"og:description\" content=\"Maksuvabad kuluh\u00fcvitised - elementaarne info ettev\u00f5tjale. Isikliku s\u00f5iduauto kasutamise kompensatsioon, sportimine, toitlustus.\" \/>\n<meta property=\"og:url\" content=\"https:\/\/financing.ee\/et\/toode\/maksuvabad-kuluhuvitised\/\" \/>\n<meta property=\"og:site_name\" content=\"Financing &ndash; Raamatupidamisteenused\" \/>\n<meta property=\"article:publisher\" content=\"https:\/\/www.facebook.com\/myfinancing\" \/>\n<meta property=\"article:modified_time\" content=\"2025-02-05T12:55:28+00:00\" \/>\n<meta property=\"og:image\" content=\"https:\/\/financing.ee\/wp-content\/uploads\/2020\/06\/tiitli-pilt5.jpg\" \/>\n\t<meta property=\"og:image:width\" content=\"1200\" \/>\n\t<meta property=\"og:image:height\" content=\"800\" \/>\n\t<meta property=\"og:image:type\" content=\"image\/jpeg\" \/>\n<meta name=\"twitter:card\" content=\"summary_large_image\" \/>\n<meta name=\"twitter:label1\" content=\"Est. reading time\" \/>\n\t<meta name=\"twitter:data1\" content=\"1 minut\" \/>\n<script type=\"application\/ld+json\" class=\"yoast-schema-graph\">{\"@context\":\"https:\/\/schema.org\",\"@graph\":[{\"@type\":\"WebPage\",\"@id\":\"https:\/\/financing.ee\/et\/toode\/maksuvabad-kuluhuvitised\/\",\"url\":\"https:\/\/financing.ee\/et\/toode\/maksuvabad-kuluhuvitised\/\",\"name\":\"Maksuvabad kuluh\u00fcvitised - Financing &ndash; Raamatupidamisteenused\",\"isPartOf\":{\"@id\":\"https:\/\/financing.ee\/et\/#website\"},\"primaryImageOfPage\":{\"@id\":\"https:\/\/financing.ee\/et\/toode\/maksuvabad-kuluhuvitised\/#primaryimage\"},\"image\":{\"@id\":\"https:\/\/financing.ee\/et\/toode\/maksuvabad-kuluhuvitised\/#primaryimage\"},\"thumbnailUrl\":\"https:\/\/financing.ee\/wp-content\/uploads\/2020\/06\/tiitli-pilt5.jpg\",\"datePublished\":\"2020-06-14T11:37:30+00:00\",\"dateModified\":\"2025-02-05T12:55:28+00:00\",\"description\":\"Maksuvabad kuluh\u00fcvitised - elementaarne info ettev\u00f5tjale. Isikliku s\u00f5iduauto kasutamise kompensatsioon, sportimine, toitlustus.\",\"breadcrumb\":{\"@id\":\"https:\/\/financing.ee\/et\/toode\/maksuvabad-kuluhuvitised\/#breadcrumb\"},\"inLanguage\":\"et\",\"potentialAction\":[{\"@type\":\"ReadAction\",\"target\":[\"https:\/\/financing.ee\/et\/toode\/maksuvabad-kuluhuvitised\/\"]}]},{\"@type\":\"ImageObject\",\"inLanguage\":\"et\",\"@id\":\"https:\/\/financing.ee\/et\/toode\/maksuvabad-kuluhuvitised\/#primaryimage\",\"url\":\"https:\/\/financing.ee\/wp-content\/uploads\/2020\/06\/tiitli-pilt5.jpg\",\"contentUrl\":\"https:\/\/financing.ee\/wp-content\/uploads\/2020\/06\/tiitli-pilt5.jpg\",\"width\":1200,\"height\":800,\"caption\":\"maksuvabad kuluh\u00fcvitised\"},{\"@type\":\"BreadcrumbList\",\"@id\":\"https:\/\/financing.ee\/et\/toode\/maksuvabad-kuluhuvitised\/#breadcrumb\",\"itemListElement\":[{\"@type\":\"ListItem\",\"position\":1,\"name\":\"Home\",\"item\":\"https:\/\/financing.ee\/et\/\"},{\"@type\":\"ListItem\",\"position\":2,\"name\":\"Pood\",\"item\":\"https:\/\/financing.ee\/pood\/\"},{\"@type\":\"ListItem\",\"position\":3,\"name\":\"Maksuvabad kuluh\u00fcvitised\"}]},{\"@type\":\"WebSite\",\"@id\":\"https:\/\/financing.ee\/et\/#website\",\"url\":\"https:\/\/financing.ee\/et\/\",\"name\":\"Financing &ndash; Raamatupidamisteenused\",\"description\":\"Raamatupidamisteenused\",\"publisher\":{\"@id\":\"https:\/\/financing.ee\/et\/#organization\"},\"potentialAction\":[{\"@type\":\"SearchAction\",\"target\":{\"@type\":\"EntryPoint\",\"urlTemplate\":\"https:\/\/financing.ee\/et\/?s={search_term_string}\"},\"query-input\":{\"@type\":\"PropertyValueSpecification\",\"valueRequired\":true,\"valueName\":\"search_term_string\"}}],\"inLanguage\":\"et\"},{\"@type\":\"Organization\",\"@id\":\"https:\/\/financing.ee\/et\/#organization\",\"name\":\"Financing &ndash; Raamatupidamisteenused\",\"url\":\"https:\/\/financing.ee\/et\/\",\"logo\":{\"@type\":\"ImageObject\",\"inLanguage\":\"et\",\"@id\":\"https:\/\/financing.ee\/et\/#\/schema\/logo\/image\/\",\"url\":\"https:\/\/financing.ee\/wp-content\/uploads\/2020\/05\/Financing_arukad_finantsotsused_RGB.svg\",\"contentUrl\":\"https:\/\/financing.ee\/wp-content\/uploads\/2020\/05\/Financing_arukad_finantsotsused_RGB.svg\",\"width\":425,\"height\":85,\"caption\":\"Financing &ndash; Raamatupidamisteenused\"},\"image\":{\"@id\":\"https:\/\/financing.ee\/et\/#\/schema\/logo\/image\/\"},\"sameAs\":[\"https:\/\/www.facebook.com\/myfinancing\"]}]}<\/script>\n<!-- \/ Yoast SEO plugin. -->","yoast_head_json":{"title":"Maksuvabad kuluh\u00fcvitised - Financing &ndash; Raamatupidamisteenused","description":"Maksuvabad kuluh\u00fcvitised - elementaarne info ettev\u00f5tjale. Isikliku s\u00f5iduauto kasutamise kompensatsioon, sportimine, toitlustus.","robots":{"index":"index","follow":"follow","max-snippet":"max-snippet:-1","max-image-preview":"max-image-preview:large","max-video-preview":"max-video-preview:-1"},"canonical":"https:\/\/financing.ee\/et\/toode\/maksuvabad-kuluhuvitised\/","og_locale":"et_EE","og_type":"article","og_title":"Maksuvabad kuluh\u00fcvitised","og_description":"Maksuvabad kuluh\u00fcvitised - elementaarne info ettev\u00f5tjale. Isikliku s\u00f5iduauto kasutamise kompensatsioon, sportimine, toitlustus.","og_url":"https:\/\/financing.ee\/et\/toode\/maksuvabad-kuluhuvitised\/","og_site_name":"Financing &ndash; Raamatupidamisteenused","article_publisher":"https:\/\/www.facebook.com\/myfinancing","article_modified_time":"2025-02-05T12:55:28+00:00","og_image":[{"width":1200,"height":800,"url":"https:\/\/financing.ee\/wp-content\/uploads\/2020\/06\/tiitli-pilt5.jpg","type":"image\/jpeg"}],"twitter_card":"summary_large_image","twitter_misc":{"Est. reading time":"1 minut"},"schema":{"@context":"https:\/\/schema.org","@graph":[{"@type":"WebPage","@id":"https:\/\/financing.ee\/et\/toode\/maksuvabad-kuluhuvitised\/","url":"https:\/\/financing.ee\/et\/toode\/maksuvabad-kuluhuvitised\/","name":"Maksuvabad kuluh\u00fcvitised - Financing &ndash; Raamatupidamisteenused","isPartOf":{"@id":"https:\/\/financing.ee\/et\/#website"},"primaryImageOfPage":{"@id":"https:\/\/financing.ee\/et\/toode\/maksuvabad-kuluhuvitised\/#primaryimage"},"image":{"@id":"https:\/\/financing.ee\/et\/toode\/maksuvabad-kuluhuvitised\/#primaryimage"},"thumbnailUrl":"https:\/\/financing.ee\/wp-content\/uploads\/2020\/06\/tiitli-pilt5.jpg","datePublished":"2020-06-14T11:37:30+00:00","dateModified":"2025-02-05T12:55:28+00:00","description":"Maksuvabad kuluh\u00fcvitised - elementaarne info ettev\u00f5tjale. Isikliku s\u00f5iduauto kasutamise kompensatsioon, sportimine, toitlustus.","breadcrumb":{"@id":"https:\/\/financing.ee\/et\/toode\/maksuvabad-kuluhuvitised\/#breadcrumb"},"inLanguage":"et","potentialAction":[{"@type":"ReadAction","target":["https:\/\/financing.ee\/et\/toode\/maksuvabad-kuluhuvitised\/"]}]},{"@type":"ImageObject","inLanguage":"et","@id":"https:\/\/financing.ee\/et\/toode\/maksuvabad-kuluhuvitised\/#primaryimage","url":"https:\/\/financing.ee\/wp-content\/uploads\/2020\/06\/tiitli-pilt5.jpg","contentUrl":"https:\/\/financing.ee\/wp-content\/uploads\/2020\/06\/tiitli-pilt5.jpg","width":1200,"height":800,"caption":"maksuvabad kuluh\u00fcvitised"},{"@type":"BreadcrumbList","@id":"https:\/\/financing.ee\/et\/toode\/maksuvabad-kuluhuvitised\/#breadcrumb","itemListElement":[{"@type":"ListItem","position":1,"name":"Home","item":"https:\/\/financing.ee\/et\/"},{"@type":"ListItem","position":2,"name":"Pood","item":"https:\/\/financing.ee\/pood\/"},{"@type":"ListItem","position":3,"name":"Maksuvabad kuluh\u00fcvitised"}]},{"@type":"WebSite","@id":"https:\/\/financing.ee\/et\/#website","url":"https:\/\/financing.ee\/et\/","name":"Financing &ndash; Raamatupidamisteenused","description":"Raamatupidamisteenused","publisher":{"@id":"https:\/\/financing.ee\/et\/#organization"},"potentialAction":[{"@type":"SearchAction","target":{"@type":"EntryPoint","urlTemplate":"https:\/\/financing.ee\/et\/?s={search_term_string}"},"query-input":{"@type":"PropertyValueSpecification","valueRequired":true,"valueName":"search_term_string"}}],"inLanguage":"et"},{"@type":"Organization","@id":"https:\/\/financing.ee\/et\/#organization","name":"Financing &ndash; Raamatupidamisteenused","url":"https:\/\/financing.ee\/et\/","logo":{"@type":"ImageObject","inLanguage":"et","@id":"https:\/\/financing.ee\/et\/#\/schema\/logo\/image\/","url":"https:\/\/financing.ee\/wp-content\/uploads\/2020\/05\/Financing_arukad_finantsotsused_RGB.svg","contentUrl":"https:\/\/financing.ee\/wp-content\/uploads\/2020\/05\/Financing_arukad_finantsotsused_RGB.svg","width":425,"height":85,"caption":"Financing &ndash; Raamatupidamisteenused"},"image":{"@id":"https:\/\/financing.ee\/et\/#\/schema\/logo\/image\/"},"sameAs":["https:\/\/www.facebook.com\/myfinancing"]}]}},"_links":{"self":[{"href":"https:\/\/financing.ee\/et\/wp-json\/wp\/v2\/product\/1021","targetHints":{"allow":["GET"]}}],"collection":[{"href":"https:\/\/financing.ee\/et\/wp-json\/wp\/v2\/product"}],"about":[{"href":"https:\/\/financing.ee\/et\/wp-json\/wp\/v2\/types\/product"}],"version-history":[{"count":115,"href":"https:\/\/financing.ee\/et\/wp-json\/wp\/v2\/product\/1021\/revisions"}],"predecessor-version":[{"id":3703,"href":"https:\/\/financing.ee\/et\/wp-json\/wp\/v2\/product\/1021\/revisions\/3703"}],"wp:featuredmedia":[{"embeddable":true,"href":"https:\/\/financing.ee\/et\/wp-json\/wp\/v2\/media\/950"}],"wp:attachment":[{"href":"https:\/\/financing.ee\/et\/wp-json\/wp\/v2\/media?parent=1021"}],"wp:term":[{"taxonomy":"product_brand","embeddable":true,"href":"https:\/\/financing.ee\/et\/wp-json\/wp\/v2\/product_brand?post=1021"},{"taxonomy":"product_cat","embeddable":true,"href":"https:\/\/financing.ee\/et\/wp-json\/wp\/v2\/product_cat?post=1021"},{"taxonomy":"product_tag","embeddable":true,"href":"https:\/\/financing.ee\/et\/wp-json\/wp\/v2\/product_tag?post=1021"}],"curies":[{"name":"wp","href":"https:\/\/api.w.org\/{rel}","templated":true}]}}